{"id":2092,"date":"2023-02-24T12:09:37","date_gmt":"2023-02-24T12:09:37","guid":{"rendered":"https:\/\/dgvgifts.com\/?page_id=2092"},"modified":"2025-06-11T14:46:50","modified_gmt":"2025-06-11T14:46:50","slug":"apie-mus","status":"publish","type":"page","link":"https:\/\/dgvgifts.com\/lt\/apie-mus\/","title":{"rendered":"About"},"content":{"rendered":"<div data-elementor-type=\"wp-page\" data-elementor-id=\"2092\" class=\"elementor elementor-2092\" data-elementor-post-type=\"page\">\n\t\t\t\t<div class=\"elementor-element elementor-element-96cfe47 e-flex e-con-boxed e-con e-parent\" data-id=\"96cfe47\" data-element_type=\"container\" data-settings=\"{&quot;background_background&quot;:&quot;classic&quot;,&quot;background_motion_fx_motion_fx_scrolling&quot;:&quot;yes&quot;,&quot;background_motion_fx_opacity_effect&quot;:&quot;yes&quot;,&quot;background_motion_fx_opacity_range&quot;:{&quot;unit&quot;:&quot;%&quot;,&quot;size&quot;:&quot;&quot;,&quot;sizes&quot;:{&quot;start&quot;:52,&quot;end&quot;:79}},&quot;background_motion_fx_opacity_direction&quot;:&quot;out-in&quot;,&quot;background_motion_fx_opacity_level&quot;:{&quot;unit&quot;:&quot;px&quot;,&quot;size&quot;:10,&quot;sizes&quot;:[]},&quot;background_motion_fx_devices&quot;:[&quot;desktop&quot;,&quot;laptop&quot;,&quot;tablet&quot;,&quot;mobile&quot;]}\">\n\t\t\t\t\t<div class=\"e-con-inner\">\n\t\t<div class=\"elementor-element elementor-element-814218c e-con-full e-flex e-con e-child\" data-id=\"814218c\" data-element_type=\"container\">\n\t\t\t\t<div class=\"elementor-element elementor-element-62c4445 elementor-widget__width-initial elementor-widget elementor-widget-heading\" data-id=\"62c4445\" data-element_type=\"widget\" data-widget_type=\"heading.default\">\n\t\t\t\t<div class=\"elementor-widget-container\">\n\t\t\t\t\t<h2 class=\"elementor-heading-title elementor-size-default\">About<\/h2>\t\t\t\t<\/div>\n\t\t\t\t<\/div>\n\t\t\t\t<div class=\"elementor-element elementor-element-198675f elementor-widget elementor-widget-text-editor\" data-id=\"198675f\" data-element_type=\"widget\" data-widget_type=\"text-editor.default\">\n\t\t\t\t<div class=\"elementor-widget-container\">\n\t\t\t\t\t\t\t\t\t<p><span style=\"font-weight: 400;\">M\u016bs\u0173 pagrindin\u0117 misija: \u012fgyvendinti J\u016bs\u0173 svajones ir vizijas, kad J\u016bs\u0173 mintys pavirst\u0173 \u012f realius k\u016brinius. <\/span><\/p>\t\t\t\t\t\t\t\t<\/div>\n\t\t\t\t<\/div>\n\t\t\t\t<\/div>\n\t\t\t\t\t<\/div>\n\t\t\t\t<\/div>\n\t\t<div class=\"elementor-element elementor-element-b88fc13 e-flex e-con-boxed e-con e-parent\" data-id=\"b88fc13\" data-element_type=\"container\">\n\t\t\t\t\t<div class=\"e-con-inner\">\n\t\t<div class=\"elementor-element elementor-element-ac9175c e-con-full e-flex e-con e-child\" data-id=\"ac9175c\" data-element_type=\"container\">\n\t\t\t\t<div class=\"elementor-element elementor-element-ae72317 elementor-widget__width-initial elementor-widget-mobile__width-initial elementor-widget elementor-widget-heading\" data-id=\"ae72317\" data-element_type=\"widget\" data-widget_type=\"heading.default\">\n\t\t\t\t<div class=\"elementor-widget-container\">\n\t\t\t\t\t<h2 class=\"elementor-heading-title elementor-size-default\">M\u016bs\u0173 pagrindin\u0117 vizija<\/h2>\t\t\t\t<\/div>\n\t\t\t\t<\/div>\n\t\t\t\t<div class=\"elementor-element elementor-element-b1a4976 elementor-widget elementor-widget-text-editor\" data-id=\"b1a4976\" data-element_type=\"widget\" data-widget_type=\"text-editor.default\">\n\t\t\t\t<div class=\"elementor-widget-container\">\n\t\t\t\t\t\t\t\t\t<p><span style=\"font-weight: 400;\">sukurti ilgalaikius santykius su klientu. B\u016bti ne tik jo vadybininku, bet ir draugu, suprasti, kai sunku ir n\u0117ra laiko, efektyviai pad\u0117ti, kai i\u0161kyla problema ir poreikis. <\/span><\/p>\t\t\t\t\t\t\t\t<\/div>\n\t\t\t\t<\/div>\n\t\t\t\t<\/div>\n\t\t\t\t\t<\/div>\n\t\t\t\t<\/div>\n\t\t<div class=\"elementor-element elementor-element-19ab9a5 e-con-full e-flex e-con e-parent\" data-id=\"19ab9a5\" data-element_type=\"container\">\n\t\t<div class=\"elementor-element elementor-element-ba87ce2 e-con-full e-flex e-con e-child\" data-id=\"ba87ce2\" data-element_type=\"container\" data-settings=\"{&quot;background_background&quot;:&quot;classic&quot;}\">\n\t\t\t\t<\/div>\n\t\t<div class=\"elementor-element elementor-element-58270bf e-con-full e-flex e-con e-child\" data-id=\"58270bf\" data-element_type=\"container\">\n\t\t\t\t<div class=\"elementor-element elementor-element-30fffa4 elementor-widget__width-initial elementor-widget-mobile__width-initial elementor-widget elementor-widget-heading\" data-id=\"30fffa4\" data-element_type=\"widget\" data-widget_type=\"heading.default\">\n\t\t\t\t<div class=\"elementor-widget-container\">\n\t\t\t\t\t<h2 class=\"elementor-heading-title elementor-size-default\">Id\u0117ja<\/h2>\t\t\t\t<\/div>\n\t\t\t\t<\/div>\n\t\t\t\t<div class=\"elementor-element elementor-element-ae9044e elementor-widget elementor-widget-text-editor\" data-id=\"ae9044e\" data-element_type=\"widget\" data-widget_type=\"text-editor.default\">\n\t\t\t\t<div class=\"elementor-widget-container\">\n\t\t\t\t\t\t\t\t\t<p><span style=\"font-weight: 400;\">sukurti \u201cdar vien\u0105 reklamos \u012fmon\u0119\u201d, kilo netik\u0117tai, i\u0161 patir\u010di\u0173, kuomet matai, k\u0105 gal\u0117tum pakeisti ir kaip gal\u0117tum daryti efektyviau, kad procesai vykt\u0173 skland\u017eiai ir be trikd\u017ei\u0173. Reklamos \u012fmon\u0117 &#8211; tai tiksliai \u012fgyvendinti terminai, kuomet klientas gauna prekes ir paslaugas tiksliai sutartu laiku, o kartais net ir anks\u010diau. Tai visokeriopa pagalba verslo \u012fmon\u0117ms, kuomet reikia rinktis \u201cka\u017ek\u0105\u201d i\u0161 t\u016bkstan\u010dio katalog\u0173 ir preki\u0173, savo ilgamet\u0117s patirties d\u0117ka, galime pasi\u016blyti klientui greitus sprendimus. Tai pokalbis su klientu, apie jo darb\u0105 ir kuriam\u0105 vert\u0119, tai pa\u017eintis su \u017emogumi s\u0117din\u010diu prie\u0161ais &#8211; tik tada supranti, kad i\u0161nagrin\u0117j\u0119s m\u0117gstamiausias spalvas, \u012fmon\u0117s spalvas, med\u017eiagas i\u0161 ko gali b\u016bti pagaminta, poreikius, vaizdinius, jausmus, dienos \u012fvykius &#8211; pagaliau gali suprasti, ko reikia prie\u0161 tave s\u0117din\u010diam \u017emogui, tik tada gali suprasti kokio sprendimo jis tikisi i\u0161 tav\u0119s.<\/span><\/p>\t\t\t\t\t\t\t\t<\/div>\n\t\t\t\t<\/div>\n\t\t\t\t<\/div>\n\t\t\t\t<\/div>\n\t\t<div class=\"elementor-element elementor-element-aa51b40 e-flex e-con-boxed e-con e-parent\" data-id=\"aa51b40\" data-element_type=\"container\" data-settings=\"{&quot;background_background&quot;:&quot;classic&quot;}\">\n\t\t\t\t\t<div class=\"e-con-inner\">\n\t\t\t\t\t<\/div>\n\t\t\t\t<\/div>\n\t\t\t\t<\/div>","protected":false},"excerpt":{"rendered":"<p>Apie mus M\u016bs\u0173 pagrindin\u0117 misija: \u012fgyvendinti J\u016bs\u0173 svajones ir vizijas, kad J\u016bs\u0173 mintys pavirst\u0173 \u012f realius k\u016brinius. M\u016bs\u0173 pagrindin\u0117 vizija sukurti ilgalaikius santykius su klientu. B\u016bti ne tik jo vadybininku, bet ir draugu, suprasti, kai sunku ir n\u0117ra laiko, efektyviai pad\u0117ti, kai i\u0161kyla problema ir poreikis. Id\u0117ja sukurti \u201cdar vien\u0105 reklamos \u012fmon\u0119\u201d, kilo netik\u0117tai, i\u0161 [&hellip;]<\/p>","protected":false},"author":1,"featured_media":0,"parent":0,"menu_order":0,"comment_status":"closed","ping_status":"closed","template":"elementor_header_footer","meta":{"footnotes":""},"class_list":["post-2092","page","type-page","status-publish","hentry"],"_links":{"self":[{"href":"https:\/\/dgvgifts.com\/lt\/wp-json\/wp\/v2\/pages\/2092","targetHints":{"allow":["GET"]}}],"collection":[{"href":"https:\/\/dgvgifts.com\/lt\/wp-json\/wp\/v2\/pages"}],"about":[{"href":"https:\/\/dgvgifts.com\/lt\/wp-json\/wp\/v2\/types\/page"}],"author":[{"embeddable":true,"href":"https:\/\/dgvgifts.com\/lt\/wp-json\/wp\/v2\/users\/1"}],"replies":[{"embeddable":true,"href":"https:\/\/dgvgifts.com\/lt\/wp-json\/wp\/v2\/comments?post=2092"}],"version-history":[{"count":15,"href":"https:\/\/dgvgifts.com\/lt\/wp-json\/wp\/v2\/pages\/2092\/revisions"}],"predecessor-version":[{"id":3164,"href":"https:\/\/dgvgifts.com\/lt\/wp-json\/wp\/v2\/pages\/2092\/revisions\/3164"}],"wp:attachment":[{"href":"https:\/\/dgvgifts.com\/lt\/wp-json\/wp\/v2\/media?parent=2092"}],"curies":[{"name":"wp","href":"https:\/\/api.w.org\/{rel}","templated":true}]}}