{"id":1002,"date":"2023-02-24T09:46:11","date_gmt":"2023-02-24T09:46:11","guid":{"rendered":"https:\/\/dgvgifts.com\/index.php\/product\/rcs-recycled-plastic-solar-powerbank-with-10w-wireless\/"},"modified":"2024-11-08T10:27:21","modified_gmt":"2024-11-08T10:27:21","slug":"rcs-recycled-plastic-solar-powerbank-with-10w-wireless","status":"publish","type":"product","link":"https:\/\/dgvgifts.com\/lt\/produktas\/rcs-recycled-plastic-solar-powerbank-with-10w-wireless\/","title":{"rendered":"Perdirbto plastiko, belaid\u0117,  \u012fkraunama saul\u0117s, baterija 10 W"},"content":{"rendered":"<p>Greitas 10 000 mah 10 W belaid\u017eio \u012fkrovimo saul\u0117s energijos bankas, pagamintas i\u0161 RCS (Recycled Claim Standard) sertifikuoto perdirbto ABS ir TPE. Powerbankas palaiko tiek \u012fkrovim\u0105 per kabel\u012f (C tipo ir USB), tiek per 10 W belaid\u012f greit\u0105j\u012f \u012fkrovikl\u012f. Belaidis \u012fkrovimas suderinamas su visais QI palaikan\u010diais \u012frenginiais, pavyzd\u017eiui, naujausios kartos \"Android\", \"iPhone 8\" ir v\u0117lesniais. Integruota saul\u0117s baterija kartu su \u017eibintuv\u0117liu ir pridedamas karabinas, kad b\u016bt\u0173 lengva pritvirtinti. IPX5 atsparumas vandeniui. Su baterijos indikatoriumi, kad \u012frenginys visada b\u016bt\u0173 pakrautas.  Pridedamas C tipo \u012fkrovimo laidas, pagamintas i\u0161 GRS sertifikuoto perdirbto TPE. Supakuota \u012f kraft d\u0117\u017eut\u0119.  USB i\u0161vestis: 5 V\/2,4 A; C tipo i\u0161vestis: Baterija ir jos priedai pagaminti nenaudojant plastiko.<\/p>","protected":false},"excerpt":{"rendered":"<p>Fast 10.000 mah 10W wireless charging solar powerbank made with RCS (Recycled Claim Standard) certified recycled ABS and TPE. Total recycled content: 30% based on total item weight. RCS certification ensures a completely certified supply chain of the recycled materials. The powerbank supports both charging via cable (type C and USB) as via the 10W [&hellip;]<\/p>","protected":false},"featured_media":991,"comment_status":"open","ping_status":"closed","template":"","meta":[],"product_brand":[],"product_cat":[44,30],"product_tag":[],"class_list":{"0":"post-1002","1":"product","2":"type-product","3":"status-publish","4":"has-post-thumbnail","6":"product_cat-power-bank","7":"product_cat-technologies","9":"first","10":"instock","11":"shipping-taxable","12":"purchasable","13":"product-type-simple"},"_links":{"self":[{"href":"https:\/\/dgvgifts.com\/lt\/wp-json\/wp\/v2\/product\/1002","targetHints":{"allow":["GET"]}}],"collection":[{"href":"https:\/\/dgvgifts.com\/lt\/wp-json\/wp\/v2\/product"}],"about":[{"href":"https:\/\/dgvgifts.com\/lt\/wp-json\/wp\/v2\/types\/product"}],"replies":[{"embeddable":true,"href":"https:\/\/dgvgifts.com\/lt\/wp-json\/wp\/v2\/comments?post=1002"}],"version-history":[{"count":1,"href":"https:\/\/dgvgifts.com\/lt\/wp-json\/wp\/v2\/product\/1002\/revisions"}],"predecessor-version":[{"id":2935,"href":"https:\/\/dgvgifts.com\/lt\/wp-json\/wp\/v2\/product\/1002\/revisions\/2935"}],"wp:featuredmedia":[{"embeddable":true,"href":"https:\/\/dgvgifts.com\/lt\/wp-json\/wp\/v2\/media\/991"}],"wp:attachment":[{"href":"https:\/\/dgvgifts.com\/lt\/wp-json\/wp\/v2\/media?parent=1002"}],"wp:term":[{"taxonomy":"product_brand","embeddable":true,"href":"https:\/\/dgvgifts.com\/lt\/wp-json\/wp\/v2\/product_brand?post=1002"},{"taxonomy":"product_cat","embeddable":true,"href":"https:\/\/dgvgifts.com\/lt\/wp-json\/wp\/v2\/product_cat?post=1002"},{"taxonomy":"product_tag","embeddable":true,"href":"https:\/\/dgvgifts.com\/lt\/wp-json\/wp\/v2\/product_tag?post=1002"}],"curies":[{"name":"wp","href":"https:\/\/api.w.org\/{rel}","templated":true}]}}