{"id":1029,"date":"2023-02-24T09:46:32","date_gmt":"2023-02-24T09:46:32","guid":{"rendered":"https:\/\/dgvgifts.com\/index.php\/product\/terra-rcs-recycled-aluminum-5000-mah-powerbank-5w-wireless\/"},"modified":"2024-11-08T10:26:49","modified_gmt":"2024-11-08T10:26:49","slug":"terra-rcs-recycled-aluminum-5000-mah-powerbank-5w-wireless","status":"publish","type":"product","link":"https:\/\/dgvgifts.com\/lt\/produktas\/terra-rcs-recycled-aluminum-5000-mah-powerbank-5w-wireless\/","title":{"rendered":"Perdirbto aliuminio 5000 mAh i\u0161orin\u0117 baterija"},"content":{"rendered":"<p>I\u0161orin\u0117 baterija pagamintas i\u0161 sertifikuoto perdirbto aliuminio ir ABS.  Baterijoje yra integruotas, ilgai veikianti A klas\u0117s 5000 mAh talpos li\u010dio polimer\u0173 akumuliatorius. I\u0161orin\u0117 baterija palaiko iki 5 W belaid\u012f \u012fkrovim\u0105. Galios indikatoriai rodys likusios energijos lyg\u012f, tod\u0117l visada \u017einosite, kada reikia pakartotinai \u012fkrauti. Baterija ir priedai pagaminti nenaudojant plastiko. Pridedamas C tipo \u012fkrovimo laidas, supakuotas \u012f d\u0117\u017eut\u0119.  USB pakrovimas: 5\/2,4 A, C tipo pakrovimas: 5V\/2,4A. C tipo \u012fvestis: 2,4 A. Micro USB \u012fkrovimas: 5V\/2A.<\/p>","protected":false},"excerpt":{"rendered":"<p>Powerbank made with RCS (Recycled Claim Standard) certified recycled aluminum and ABS. Total recycled content: 31 % based on total item weight. RCS certification ensures a completely certified supply chain of the recycled materials. Aluminum does not lose its characteristics in the recycling process and can be recycled endlessly. The powerbank contains a long-lasting grade [&hellip;]<\/p>","protected":false},"featured_media":1016,"comment_status":"open","ping_status":"closed","template":"","meta":[],"product_brand":[],"product_cat":[44,30],"product_tag":[],"class_list":{"0":"post-1029","1":"product","2":"type-product","3":"status-publish","4":"has-post-thumbnail","6":"product_cat-power-bank","7":"product_cat-technologies","9":"first","10":"instock","11":"shipping-taxable","12":"purchasable","13":"product-type-simple"},"_links":{"self":[{"href":"https:\/\/dgvgifts.com\/lt\/wp-json\/wp\/v2\/product\/1029","targetHints":{"allow":["GET"]}}],"collection":[{"href":"https:\/\/dgvgifts.com\/lt\/wp-json\/wp\/v2\/product"}],"about":[{"href":"https:\/\/dgvgifts.com\/lt\/wp-json\/wp\/v2\/types\/product"}],"replies":[{"embeddable":true,"href":"https:\/\/dgvgifts.com\/lt\/wp-json\/wp\/v2\/comments?post=1029"}],"version-history":[{"count":1,"href":"https:\/\/dgvgifts.com\/lt\/wp-json\/wp\/v2\/product\/1029\/revisions"}],"predecessor-version":[{"id":2933,"href":"https:\/\/dgvgifts.com\/lt\/wp-json\/wp\/v2\/product\/1029\/revisions\/2933"}],"wp:featuredmedia":[{"embeddable":true,"href":"https:\/\/dgvgifts.com\/lt\/wp-json\/wp\/v2\/media\/1016"}],"wp:attachment":[{"href":"https:\/\/dgvgifts.com\/lt\/wp-json\/wp\/v2\/media?parent=1029"}],"wp:term":[{"taxonomy":"product_brand","embeddable":true,"href":"https:\/\/dgvgifts.com\/lt\/wp-json\/wp\/v2\/product_brand?post=1029"},{"taxonomy":"product_cat","embeddable":true,"href":"https:\/\/dgvgifts.com\/lt\/wp-json\/wp\/v2\/product_cat?post=1029"},{"taxonomy":"product_tag","embeddable":true,"href":"https:\/\/dgvgifts.com\/lt\/wp-json\/wp\/v2\/product_tag?post=1029"}],"curies":[{"name":"wp","href":"https:\/\/api.w.org\/{rel}","templated":true}]}}