{"id":1055,"date":"2023-02-24T09:49:53","date_gmt":"2023-02-24T09:49:53","guid":{"rendered":"https:\/\/dgvgifts.com\/index.php\/product\/terra-rcs-recycled-aluminum-powerbank-5-000-mah\/"},"modified":"2024-11-08T10:26:31","modified_gmt":"2024-11-08T10:26:31","slug":"terra-rcs-recycled-aluminum-powerbank-5-000-mah","status":"publish","type":"product","link":"https:\/\/dgvgifts.com\/lt\/produktas\/terra-rcs-recycled-aluminum-powerbank-5-000-mah\/","title":{"rendered":"Perdirbto aliuminio i\u0161orin\u0117 baterija 5.000 mAh"},"content":{"rendered":"<p>I\u0161orin\u0117 baterija pagamintas i\u0161 sertifikuoto perdirbto aliuminio ir ABS. Baterijoje integruotas ilgai veikiantis A klas\u0117s 5 000 mAh li\u010dio polimer\u0173 akumuliatorius. Energijos indikatoriai rodo likus\u012f energijos lyg\u012f, tod\u0117l visada \u017einosite, kada reikia i\u0161 naujo \u012fkrauti. I\u0161orin\u0117 baterija ir jos priedai pagaminti nenaudojant plastiko. Pridedamas C tipo \u012fkrovimo laidas, supakuota \u012f d\u0117\u017eut\u0119.  USB pakrovimas 5\/2,4 A, C tipo pakrovimas: 5V\/2,4A. C tipo \u012fkrovimas: 2,4 A. Micro USB \u012fkrovimas: 5V\/2A.<\/p>","protected":false},"excerpt":{"rendered":"<p>Powerbank made with RCS (Recycled Claim Standard) certified recycled aluminum and ABS. Total recycled content: 36% based on total item weight. RCS certification ensures a completely certified supply chain of the recycled materials. Aluminum does not lose its characteristics in the recycling process and can be recycled endlessly. The powerbank contains a long-lasting grade A [&hellip;]<\/p>","protected":false},"featured_media":1044,"comment_status":"open","ping_status":"closed","template":"","meta":[],"product_brand":[],"product_cat":[44,30],"product_tag":[],"class_list":{"0":"post-1055","1":"product","2":"type-product","3":"status-publish","4":"has-post-thumbnail","6":"product_cat-power-bank","7":"product_cat-technologies","9":"first","10":"instock","11":"shipping-taxable","12":"purchasable","13":"product-type-simple"},"_links":{"self":[{"href":"https:\/\/dgvgifts.com\/lt\/wp-json\/wp\/v2\/product\/1055","targetHints":{"allow":["GET"]}}],"collection":[{"href":"https:\/\/dgvgifts.com\/lt\/wp-json\/wp\/v2\/product"}],"about":[{"href":"https:\/\/dgvgifts.com\/lt\/wp-json\/wp\/v2\/types\/product"}],"replies":[{"embeddable":true,"href":"https:\/\/dgvgifts.com\/lt\/wp-json\/wp\/v2\/comments?post=1055"}],"version-history":[{"count":1,"href":"https:\/\/dgvgifts.com\/lt\/wp-json\/wp\/v2\/product\/1055\/revisions"}],"predecessor-version":[{"id":2931,"href":"https:\/\/dgvgifts.com\/lt\/wp-json\/wp\/v2\/product\/1055\/revisions\/2931"}],"wp:featuredmedia":[{"embeddable":true,"href":"https:\/\/dgvgifts.com\/lt\/wp-json\/wp\/v2\/media\/1044"}],"wp:attachment":[{"href":"https:\/\/dgvgifts.com\/lt\/wp-json\/wp\/v2\/media?parent=1055"}],"wp:term":[{"taxonomy":"product_brand","embeddable":true,"href":"https:\/\/dgvgifts.com\/lt\/wp-json\/wp\/v2\/product_brand?post=1055"},{"taxonomy":"product_cat","embeddable":true,"href":"https:\/\/dgvgifts.com\/lt\/wp-json\/wp\/v2\/product_cat?post=1055"},{"taxonomy":"product_tag","embeddable":true,"href":"https:\/\/dgvgifts.com\/lt\/wp-json\/wp\/v2\/product_tag?post=1055"}],"curies":[{"name":"wp","href":"https:\/\/api.w.org\/{rel}","templated":true}]}}