{"id":1067,"date":"2023-02-24T09:50:02","date_gmt":"2023-02-24T09:50:02","guid":{"rendered":"https:\/\/dgvgifts.com\/index.php\/product\/terra-rcs-recycled-18w-aluminum-powerbank-10-000-mah\/"},"modified":"2024-11-08T10:26:14","modified_gmt":"2024-11-08T10:26:14","slug":"terra-rcs-recycled-18w-aluminum-powerbank-10-000-mah","status":"publish","type":"product","link":"https:\/\/dgvgifts.com\/lt\/produktas\/terra-rcs-recycled-18w-aluminum-powerbank-10-000-mah\/","title":{"rendered":"Perdirbta aliuminin\u0117 i\u0161orin\u0117 baterija 10 000 mAh"},"content":{"rendered":"<p>Itin greitai \u012fkraunama i\u0161orin\u0117 baterija, pagamintas i\u0161 sertifikuoto perdirbto aliuminio ir ABS. I\u0161orin\u0117je baterijoje integruotas ilgai veikiantis A klas\u0117s 10 000 mAh li\u010dio polimer\u0173 akumuliatorius. C i\u0161vesties prievadas palaiko greit\u0105j\u012f \u012fkrovim\u0105 iki 18 W, taip pat greit\u0105j\u012f pakartotin\u012f \u012fkrovim\u0105 per 3 valandas. Indikatoriai rodo likusios energijos lyg\u012f, tod\u0117l visada \u017einosite, kada reikia pakartotinai \u012fkrauti. I\u0161orin\u0117 baterija ir priedai pagaminti nenaudojant plastiko.  Supakuota \u012f d\u0117\u017eut\u0119.  USB \u012fkrovimas: 5\/3A, 9V\/2A. 12V\/1,5A. C tipo \u012fkrovimas: 5V\/3A, 9V\/2A, 12V\/1,5A. C \u012fkrovimas: 5V\/3A, 9V\/2A, 12V\/1,5A. Micro USB \u012fkrovimas: 5V\/2A, 9V\/2A, 12V\/1,5A.<\/p>","protected":false},"excerpt":{"rendered":"<p>Ultra-fast charging powerbank made with RCS (Recycled Claim Standard) certified recycled aluminum and ABS. Total recycled content: 27% based on total item weight. RCS certification ensures a completely certified supply chain of the recycled materials. Aluminum does not lose its characteristics in the recycling process and can be recycled endlessly. The powerbank contains a long-lasting [&hellip;]<\/p>","protected":false},"featured_media":1056,"comment_status":"open","ping_status":"closed","template":"","meta":[],"product_brand":[],"product_cat":[44,30],"product_tag":[],"class_list":{"0":"post-1067","1":"product","2":"type-product","3":"status-publish","4":"has-post-thumbnail","6":"product_cat-power-bank","7":"product_cat-technologies","9":"first","10":"instock","11":"shipping-taxable","12":"purchasable","13":"product-type-simple"},"_links":{"self":[{"href":"https:\/\/dgvgifts.com\/lt\/wp-json\/wp\/v2\/product\/1067","targetHints":{"allow":["GET"]}}],"collection":[{"href":"https:\/\/dgvgifts.com\/lt\/wp-json\/wp\/v2\/product"}],"about":[{"href":"https:\/\/dgvgifts.com\/lt\/wp-json\/wp\/v2\/types\/product"}],"replies":[{"embeddable":true,"href":"https:\/\/dgvgifts.com\/lt\/wp-json\/wp\/v2\/comments?post=1067"}],"version-history":[{"count":1,"href":"https:\/\/dgvgifts.com\/lt\/wp-json\/wp\/v2\/product\/1067\/revisions"}],"predecessor-version":[{"id":2930,"href":"https:\/\/dgvgifts.com\/lt\/wp-json\/wp\/v2\/product\/1067\/revisions\/2930"}],"wp:featuredmedia":[{"embeddable":true,"href":"https:\/\/dgvgifts.com\/lt\/wp-json\/wp\/v2\/media\/1056"}],"wp:attachment":[{"href":"https:\/\/dgvgifts.com\/lt\/wp-json\/wp\/v2\/media?parent=1067"}],"wp:term":[{"taxonomy":"product_brand","embeddable":true,"href":"https:\/\/dgvgifts.com\/lt\/wp-json\/wp\/v2\/product_brand?post=1067"},{"taxonomy":"product_cat","embeddable":true,"href":"https:\/\/dgvgifts.com\/lt\/wp-json\/wp\/v2\/product_cat?post=1067"},{"taxonomy":"product_tag","embeddable":true,"href":"https:\/\/dgvgifts.com\/lt\/wp-json\/wp\/v2\/product_tag?post=1067"}],"curies":[{"name":"wp","href":"https:\/\/api.w.org\/{rel}","templated":true}]}}