{"id":1088,"date":"2023-02-24T09:50:20","date_gmt":"2023-02-24T09:50:20","guid":{"rendered":"https:\/\/dgvgifts.com\/index.php\/product\/swiss-peak-bass-speaker\/"},"modified":"2024-11-08T10:26:03","modified_gmt":"2024-11-08T10:26:03","slug":"swiss-peak-bass-speaker","status":"publish","type":"product","link":"https:\/\/dgvgifts.com\/lt\/produktas\/swiss-peak-bass-speaker\/","title":{"rendered":"\"Swiss Peak\" \u017eem\u0173j\u0173 da\u017eni\u0173 garsiakalbis"},"content":{"rendered":"<p>Kompakti\u0161kas 3 W garsiakalbis, pilno diapazono ai\u0161kus garsas.  Apatin\u0117je garsiakalbio dalyje yra papildomas garsiakalbis, pagerinantis \u017eem\u0173 da\u017eni\u0173 veikim\u0105. Pagamintas i\u0161 auk\u0161tos kokyb\u0117s ner\u016bdijan\u010dio plieno, traukiantis savo subtilia i\u0161vaizda.  Integruota 500 mAh baterija, kuri leid\u017eia iki 5 valand\u0173 groti m\u0117gstam\u0105 muzik\u0105. Veikimo atstumas iki 10 metr\u0173.<\/p>","protected":false},"excerpt":{"rendered":"<p>Compact 3W speaker with surprisingly clear and full range sound. The bottom section of the speaker has an extra driver to enhance bass performance. Made out of high quality stainless steel for a great look and feel. With 500 mAh battery that allows up to 5 hours playing of your favourite music. Operating distance up [&hellip;]<\/p>","protected":false},"featured_media":1068,"comment_status":"open","ping_status":"closed","template":"","meta":[],"product_brand":[],"product_cat":[43,30],"product_tag":[],"class_list":{"0":"post-1088","1":"product","2":"type-product","3":"status-publish","4":"has-post-thumbnail","6":"product_cat-portable-speakers","7":"product_cat-technologies","9":"first","10":"instock","11":"shipping-taxable","12":"purchasable","13":"product-type-simple"},"_links":{"self":[{"href":"https:\/\/dgvgifts.com\/lt\/wp-json\/wp\/v2\/product\/1088","targetHints":{"allow":["GET"]}}],"collection":[{"href":"https:\/\/dgvgifts.com\/lt\/wp-json\/wp\/v2\/product"}],"about":[{"href":"https:\/\/dgvgifts.com\/lt\/wp-json\/wp\/v2\/types\/product"}],"replies":[{"embeddable":true,"href":"https:\/\/dgvgifts.com\/lt\/wp-json\/wp\/v2\/comments?post=1088"}],"version-history":[{"count":1,"href":"https:\/\/dgvgifts.com\/lt\/wp-json\/wp\/v2\/product\/1088\/revisions"}],"predecessor-version":[{"id":2929,"href":"https:\/\/dgvgifts.com\/lt\/wp-json\/wp\/v2\/product\/1088\/revisions\/2929"}],"wp:featuredmedia":[{"embeddable":true,"href":"https:\/\/dgvgifts.com\/lt\/wp-json\/wp\/v2\/media\/1068"}],"wp:attachment":[{"href":"https:\/\/dgvgifts.com\/lt\/wp-json\/wp\/v2\/media?parent=1088"}],"wp:term":[{"taxonomy":"product_brand","embeddable":true,"href":"https:\/\/dgvgifts.com\/lt\/wp-json\/wp\/v2\/product_brand?post=1088"},{"taxonomy":"product_cat","embeddable":true,"href":"https:\/\/dgvgifts.com\/lt\/wp-json\/wp\/v2\/product_cat?post=1088"},{"taxonomy":"product_tag","embeddable":true,"href":"https:\/\/dgvgifts.com\/lt\/wp-json\/wp\/v2\/product_tag?post=1088"}],"curies":[{"name":"wp","href":"https:\/\/api.w.org\/{rel}","templated":true}]}}