{"id":1102,"date":"2023-02-24T09:50:30","date_gmt":"2023-02-24T09:50:30","guid":{"rendered":"https:\/\/dgvgifts.com\/index.php\/product\/bamboo-x-double-speaker\/"},"modified":"2024-11-08T10:25:53","modified_gmt":"2024-11-08T10:25:53","slug":"bamboo-x-double-speaker","status":"publish","type":"product","link":"https:\/\/dgvgifts.com\/lt\/produktas\/bamboo-x-double-speaker\/","title":{"rendered":"Dvigubas bambukinis garsiakalbis"},"content":{"rendered":"<p>Nat\u016bralus garsas i\u0161 nat\u016bralaus garsiakalbio. \u0160iame tvariame garsiakalbyje derinamas nuostabus garsas ir stilingas dizainas, pagamintas i\u0161 tvari\u0173 med\u017eiag\u0173. Korpusas pagamintas i\u0161 bambuko audinio, (30 % ekologi\u0161kos medviln\u0117s, 40 % kanapi\u0173 ir 30 % perdirbto PET). 10 W garsiakalbyje naudojami auk\u0161tos kokyb\u0117s komponentai, u\u017etikrinantys ilgaam\u017ei\u0161kum\u0105. Su 2 200 mAh baterija vienu \u012fkrovimu, galima klausytis muzikos iki 6 valand\u0173. Palaiko BT 4.2, kad ry\u0161ys b\u016bt\u0173 itin sklandus, veikimo atstumas siekia iki 10 metr\u0173.  Registruotas dizainas\u00ae Supakuotas \u012f pakuot\u0119, kurioje n\u0117ra plastiko.<\/p>","protected":false},"excerpt":{"rendered":"<p>Natural sound from a natural speaker. This sustainable speaker combines an amazing sound experience with a stylish design made from durable and responsible materials. The casing is made out of durable bamboo and fabric made from a blend of 30% Organic cotton, Hemp 40% and 30% recycled PET. The 10W speaker uses high quality components [&hellip;]<\/p>","protected":false},"featured_media":1089,"comment_status":"open","ping_status":"closed","template":"","meta":[],"product_brand":[],"product_cat":[43,27,30],"product_tag":[],"class_list":{"0":"post-1102","1":"product","2":"type-product","3":"status-publish","4":"has-post-thumbnail","6":"product_cat-portable-speakers","7":"product_cat-eco-friendly","8":"product_cat-technologies","10":"first","11":"instock","12":"shipping-taxable","13":"purchasable","14":"product-type-simple"},"_links":{"self":[{"href":"https:\/\/dgvgifts.com\/lt\/wp-json\/wp\/v2\/product\/1102","targetHints":{"allow":["GET"]}}],"collection":[{"href":"https:\/\/dgvgifts.com\/lt\/wp-json\/wp\/v2\/product"}],"about":[{"href":"https:\/\/dgvgifts.com\/lt\/wp-json\/wp\/v2\/types\/product"}],"replies":[{"embeddable":true,"href":"https:\/\/dgvgifts.com\/lt\/wp-json\/wp\/v2\/comments?post=1102"}],"version-history":[{"count":1,"href":"https:\/\/dgvgifts.com\/lt\/wp-json\/wp\/v2\/product\/1102\/revisions"}],"predecessor-version":[{"id":2928,"href":"https:\/\/dgvgifts.com\/lt\/wp-json\/wp\/v2\/product\/1102\/revisions\/2928"}],"wp:featuredmedia":[{"embeddable":true,"href":"https:\/\/dgvgifts.com\/lt\/wp-json\/wp\/v2\/media\/1089"}],"wp:attachment":[{"href":"https:\/\/dgvgifts.com\/lt\/wp-json\/wp\/v2\/media?parent=1102"}],"wp:term":[{"taxonomy":"product_brand","embeddable":true,"href":"https:\/\/dgvgifts.com\/lt\/wp-json\/wp\/v2\/product_brand?post=1102"},{"taxonomy":"product_cat","embeddable":true,"href":"https:\/\/dgvgifts.com\/lt\/wp-json\/wp\/v2\/product_cat?post=1102"},{"taxonomy":"product_tag","embeddable":true,"href":"https:\/\/dgvgifts.com\/lt\/wp-json\/wp\/v2\/product_tag?post=1102"}],"curies":[{"name":"wp","href":"https:\/\/api.w.org\/{rel}","templated":true}]}}