{"id":1114,"date":"2023-02-24T09:50:40","date_gmt":"2023-02-24T09:50:40","guid":{"rendered":"https:\/\/dgvgifts.com\/index.php\/product\/swiss-peak-5w-wireless-bass-speaker\/"},"modified":"2024-11-08T10:25:41","modified_gmt":"2024-11-08T10:25:41","slug":"swiss-peak-5w-wireless-bass-speaker","status":"publish","type":"product","link":"https:\/\/dgvgifts.com\/lt\/produktas\/swiss-peak-5w-wireless-bass-speaker\/","title":{"rendered":"5 W belaidis \u017eem\u0173j\u0173 da\u017eni\u0173 garsiakalbis"},"content":{"rendered":"<p>Galingas 5 W garsiakalbis, pilno diapazono ai\u0161kus garsas.  Su \u012fmontuotu \u017eem\u0173j\u0173 da\u017eni\u0173 garsiakalbiu, u\u017etikrinan\u010diu optimal\u0173 \u017eem\u0173 da\u017eni\u0173 veikim\u0105. Pagamintas i\u0161 auk\u0161tos kokyb\u0117s ner\u016bdijan\u010dio plieno. Integruota 650 mAh baterija, kuri leid\u017eia m\u0117gautis muzika iki 5 valand\u0173. Veikimo atstumas iki 10 metr\u0173. BT 5.0 skland\u017eiam ry\u0161iui u\u017etikrinti. Pridedamas  TPE mikro USB kabelis be PVC, skirtas pakartotiniam \u012fkrovimui.<\/p>","protected":false},"excerpt":{"rendered":"<p>Powerful 5W speaker with surprisingly clear and full range sound. With built in sub-woofer for optimal bass performance. Made out of high quality stainless steel for a great look and feel. With 650 mAh battery that allows up to 5 hours playing of your favorite music. Operating distance up to 10 metres. BT 5.0 for [&hellip;]<\/p>","protected":false},"featured_media":1103,"comment_status":"open","ping_status":"closed","template":"","meta":[],"product_brand":[],"product_cat":[43,30],"product_tag":[],"class_list":{"0":"post-1114","1":"product","2":"type-product","3":"status-publish","4":"has-post-thumbnail","6":"product_cat-portable-speakers","7":"product_cat-technologies","9":"first","10":"instock","11":"shipping-taxable","12":"purchasable","13":"product-type-simple"},"_links":{"self":[{"href":"https:\/\/dgvgifts.com\/lt\/wp-json\/wp\/v2\/product\/1114","targetHints":{"allow":["GET"]}}],"collection":[{"href":"https:\/\/dgvgifts.com\/lt\/wp-json\/wp\/v2\/product"}],"about":[{"href":"https:\/\/dgvgifts.com\/lt\/wp-json\/wp\/v2\/types\/product"}],"replies":[{"embeddable":true,"href":"https:\/\/dgvgifts.com\/lt\/wp-json\/wp\/v2\/comments?post=1114"}],"version-history":[{"count":1,"href":"https:\/\/dgvgifts.com\/lt\/wp-json\/wp\/v2\/product\/1114\/revisions"}],"predecessor-version":[{"id":2927,"href":"https:\/\/dgvgifts.com\/lt\/wp-json\/wp\/v2\/product\/1114\/revisions\/2927"}],"wp:featuredmedia":[{"embeddable":true,"href":"https:\/\/dgvgifts.com\/lt\/wp-json\/wp\/v2\/media\/1103"}],"wp:attachment":[{"href":"https:\/\/dgvgifts.com\/lt\/wp-json\/wp\/v2\/media?parent=1114"}],"wp:term":[{"taxonomy":"product_brand","embeddable":true,"href":"https:\/\/dgvgifts.com\/lt\/wp-json\/wp\/v2\/product_brand?post=1114"},{"taxonomy":"product_cat","embeddable":true,"href":"https:\/\/dgvgifts.com\/lt\/wp-json\/wp\/v2\/product_cat?post=1114"},{"taxonomy":"product_tag","embeddable":true,"href":"https:\/\/dgvgifts.com\/lt\/wp-json\/wp\/v2\/product_tag?post=1114"}],"curies":[{"name":"wp","href":"https:\/\/api.w.org\/{rel}","templated":true}]}}