{"id":1128,"date":"2023-02-24T09:50:51","date_gmt":"2023-02-24T09:50:51","guid":{"rendered":"https:\/\/dgvgifts.com\/index.php\/product\/rcs-recycled-plastic-lightboom-5w-clip-speaker\/"},"modified":"2024-11-08T10:25:27","modified_gmt":"2024-11-08T10:25:27","slug":"rcs-recycled-plastic-lightboom-5w-clip-speaker","status":"publish","type":"product","link":"https:\/\/dgvgifts.com\/lt\/produktas\/rcs-recycled-plastic-lightboom-5w-clip-speaker\/","title":{"rendered":"Perdirbto plastiko garsiakalbis 5W"},"content":{"rendered":"<p>Ne\u0161iojamasis, bet galingas 5 W garsiakalbis su integruotu RGB \u0161viesos \u017eiedu. Korpusas pagamintas i\u0161 100 % RCS standarto perdirbto ABS plastiko.  Su 1200 mAh li\u010dio akumuliatoriumi, kuris groja iki 6 valand\u0173. Pakartotinai \u012fkraunamas per 4 valandas.  Su integruotu MIC, kad gal\u0117tum\u0117te atsiliepti \u012f skambu\u010dius. Su integruotu TF lizdu ir USB jungtimi. Turi BT 5.0, kad skland\u017eiai veikt\u0173 iki 10 metr\u0173 atstumu. Su spaustuku garsiakalbiui pritvirtinti prie kuprin\u0117s ar bet kokio kito daikto. \u012e komplekt\u0105 \u012feina \u012fkrovimo laidas. Garsiakalbis pagamintas nenaudojant plastiko. Supakuotas \u012f d\u0117\u017eut\u0119.<\/p>","protected":false},"excerpt":{"rendered":"<p>Portable but powerful 5W speaker with integrated RGB light ring. Made with casing made from 100% RCS standard recycled ABS plastic. Total recycled content: 36% based on total item weight. With 1200 mAh lithium battery for a play time of up to 6 hours. Re-charging is done in 4 hours. With integrated MIC to answer [&hellip;]<\/p>","protected":false},"featured_media":1115,"comment_status":"open","ping_status":"closed","template":"","meta":[],"product_brand":[],"product_cat":[43,30],"product_tag":[],"class_list":{"0":"post-1128","1":"product","2":"type-product","3":"status-publish","4":"has-post-thumbnail","6":"product_cat-portable-speakers","7":"product_cat-technologies","9":"first","10":"instock","11":"shipping-taxable","12":"purchasable","13":"product-type-simple"},"_links":{"self":[{"href":"https:\/\/dgvgifts.com\/lt\/wp-json\/wp\/v2\/product\/1128","targetHints":{"allow":["GET"]}}],"collection":[{"href":"https:\/\/dgvgifts.com\/lt\/wp-json\/wp\/v2\/product"}],"about":[{"href":"https:\/\/dgvgifts.com\/lt\/wp-json\/wp\/v2\/types\/product"}],"replies":[{"embeddable":true,"href":"https:\/\/dgvgifts.com\/lt\/wp-json\/wp\/v2\/comments?post=1128"}],"version-history":[{"count":1,"href":"https:\/\/dgvgifts.com\/lt\/wp-json\/wp\/v2\/product\/1128\/revisions"}],"predecessor-version":[{"id":2926,"href":"https:\/\/dgvgifts.com\/lt\/wp-json\/wp\/v2\/product\/1128\/revisions\/2926"}],"wp:featuredmedia":[{"embeddable":true,"href":"https:\/\/dgvgifts.com\/lt\/wp-json\/wp\/v2\/media\/1115"}],"wp:attachment":[{"href":"https:\/\/dgvgifts.com\/lt\/wp-json\/wp\/v2\/media?parent=1128"}],"wp:term":[{"taxonomy":"product_brand","embeddable":true,"href":"https:\/\/dgvgifts.com\/lt\/wp-json\/wp\/v2\/product_brand?post=1128"},{"taxonomy":"product_cat","embeddable":true,"href":"https:\/\/dgvgifts.com\/lt\/wp-json\/wp\/v2\/product_cat?post=1128"},{"taxonomy":"product_tag","embeddable":true,"href":"https:\/\/dgvgifts.com\/lt\/wp-json\/wp\/v2\/product_tag?post=1128"}],"curies":[{"name":"wp","href":"https:\/\/api.w.org\/{rel}","templated":true}]}}