{"id":1144,"date":"2023-02-24T09:51:04","date_gmt":"2023-02-24T09:51:04","guid":{"rendered":"https:\/\/dgvgifts.com\/index.php\/product\/ovate-bamboo-5w-speaker-with-15w-wireless-charger\/"},"modified":"2024-11-08T10:25:15","modified_gmt":"2024-11-08T10:25:15","slug":"ovate-bamboo-5w-speaker-with-15w-wireless-charger","status":"publish","type":"product","link":"https:\/\/dgvgifts.com\/lt\/produktas\/ovate-bamboo-5w-speaker-with-15w-wireless-charger\/","title":{"rendered":"5 W garsiakalbis su 15 W belaid\u017eiu \u012fkrovikliu"},"content":{"rendered":"<p>Stilingas bambuko ir ABS garsiakalbis su integruotu 15 W greituoju belaid\u017eiu \u012fkrovikliu. Integruotas 5 W belaidis garsiakalbis su ai\u0161kiu garsu. 2200 mah baterija leid\u017eia groti iki 10 valand\u0173. Belaid\u017eio \u012fkrovimo funkcij\u0105 rekomenduojama naudoti, kai daiktas prijungtas prie maitinimo \u0161altinio. Veikimo atstumas iki 10 metr\u0173. Pridedamas 120 cm \u012fkrovimo laidas.<\/p>","protected":false},"excerpt":{"rendered":"<p>Stylish bamboo and ABS speaker with integrated 15W fast wireless charger. The wireless charger has two integrated coils to support both vertical and horizontal charging. Incorporating 5W wireless speaker with clear sound. The 2200 mah battery allows a play time up to 10 hours. The wireless charging function is recommended to use when the item [&hellip;]<\/p>","protected":false},"featured_media":1129,"comment_status":"open","ping_status":"closed","template":"","meta":[],"product_brand":[],"product_cat":[43,27,30],"product_tag":[],"class_list":{"0":"post-1144","1":"product","2":"type-product","3":"status-publish","4":"has-post-thumbnail","6":"product_cat-portable-speakers","7":"product_cat-eco-friendly","8":"product_cat-technologies","10":"first","11":"instock","12":"shipping-taxable","13":"purchasable","14":"product-type-simple"},"_links":{"self":[{"href":"https:\/\/dgvgifts.com\/lt\/wp-json\/wp\/v2\/product\/1144","targetHints":{"allow":["GET"]}}],"collection":[{"href":"https:\/\/dgvgifts.com\/lt\/wp-json\/wp\/v2\/product"}],"about":[{"href":"https:\/\/dgvgifts.com\/lt\/wp-json\/wp\/v2\/types\/product"}],"replies":[{"embeddable":true,"href":"https:\/\/dgvgifts.com\/lt\/wp-json\/wp\/v2\/comments?post=1144"}],"version-history":[{"count":1,"href":"https:\/\/dgvgifts.com\/lt\/wp-json\/wp\/v2\/product\/1144\/revisions"}],"predecessor-version":[{"id":2925,"href":"https:\/\/dgvgifts.com\/lt\/wp-json\/wp\/v2\/product\/1144\/revisions\/2925"}],"wp:featuredmedia":[{"embeddable":true,"href":"https:\/\/dgvgifts.com\/lt\/wp-json\/wp\/v2\/media\/1129"}],"wp:attachment":[{"href":"https:\/\/dgvgifts.com\/lt\/wp-json\/wp\/v2\/media?parent=1144"}],"wp:term":[{"taxonomy":"product_brand","embeddable":true,"href":"https:\/\/dgvgifts.com\/lt\/wp-json\/wp\/v2\/product_brand?post=1144"},{"taxonomy":"product_cat","embeddable":true,"href":"https:\/\/dgvgifts.com\/lt\/wp-json\/wp\/v2\/product_cat?post=1144"},{"taxonomy":"product_tag","embeddable":true,"href":"https:\/\/dgvgifts.com\/lt\/wp-json\/wp\/v2\/product_tag?post=1144"}],"curies":[{"name":"wp","href":"https:\/\/api.w.org\/{rel}","templated":true}]}}