{"id":1164,"date":"2023-02-24T09:51:20","date_gmt":"2023-02-24T09:51:20","guid":{"rendered":"https:\/\/dgvgifts.com\/index.php\/product\/rcs-recycled-plastic-lightboom-5w-speaker\/"},"modified":"2024-11-08T10:25:01","modified_gmt":"2024-11-08T10:25:01","slug":"rcs-recycled-plastic-lightboom-5w-speaker","status":"publish","type":"product","link":"https:\/\/dgvgifts.com\/lt\/produktas\/rcs-recycled-plastic-lightboom-5w-speaker\/","title":{"rendered":"Perdirbto plastiko \"Lightboom\" 5W garsiakalbis"},"content":{"rendered":"<p>Galingas 5 W belaidis garsiakalbis su 360 laipsni\u0173 RGB LED ap\u0161vietimu. \"Lightboom\" ry\u0161kiai \u0161vie\u010dia vis\u0105 nakt\u012f. D\u0117l unikalios konstrukcijos, \u0161varus garsas leid\u017eiamas visomis kryptimis.  Korpusas pagamintas i\u0161 RCS perdirbto ABS\/PS plastiko. Integruota 1200 mAh li\u010dio baterija, nepertraukiamas grojimas iki 5 valand\u0173. Pakartotinai \u012fkraunama per 4 valandas.  Su integruotu MIC, kad gal\u0117tum\u0117te atsiliepti \u012f skambu\u010dius. Su integruotu TF lizdu, AUX \u012fvesties \u012fvadu ir USB jungtimi. BT 5.0, kad skland\u017eiai veikt\u0173 iki 10 metr\u0173 atstumu. Pridedamas \u012fkrovimo laidas be PVC. Garsiakalbis pagamintas nenaudojant plastiko, supakuota \u012f dovan\u0173 d\u0117\u017eut\u0119.<\/p>","protected":false},"excerpt":{"rendered":"<p>Powerful 5W wireless speaker with dazzling 360 degrees RGB LED lights. Lightboom will shine bright throughout the whole night. Super clear sound in each direction due to its unique design. Casing made from RCS standard recycled ABS\/PS plastic. Total recycled content: 33% based on total item weight. With 1200 mAh lithium battery for a play [&hellip;]<\/p>","protected":false},"featured_media":1145,"comment_status":"open","ping_status":"closed","template":"","meta":[],"product_brand":[],"product_cat":[43,30],"product_tag":[],"class_list":{"0":"post-1164","1":"product","2":"type-product","3":"status-publish","4":"has-post-thumbnail","6":"product_cat-portable-speakers","7":"product_cat-technologies","9":"first","10":"instock","11":"shipping-taxable","12":"purchasable","13":"product-type-simple"},"_links":{"self":[{"href":"https:\/\/dgvgifts.com\/lt\/wp-json\/wp\/v2\/product\/1164","targetHints":{"allow":["GET"]}}],"collection":[{"href":"https:\/\/dgvgifts.com\/lt\/wp-json\/wp\/v2\/product"}],"about":[{"href":"https:\/\/dgvgifts.com\/lt\/wp-json\/wp\/v2\/types\/product"}],"replies":[{"embeddable":true,"href":"https:\/\/dgvgifts.com\/lt\/wp-json\/wp\/v2\/comments?post=1164"}],"version-history":[{"count":1,"href":"https:\/\/dgvgifts.com\/lt\/wp-json\/wp\/v2\/product\/1164\/revisions"}],"predecessor-version":[{"id":2924,"href":"https:\/\/dgvgifts.com\/lt\/wp-json\/wp\/v2\/product\/1164\/revisions\/2924"}],"wp:featuredmedia":[{"embeddable":true,"href":"https:\/\/dgvgifts.com\/lt\/wp-json\/wp\/v2\/media\/1145"}],"wp:attachment":[{"href":"https:\/\/dgvgifts.com\/lt\/wp-json\/wp\/v2\/media?parent=1164"}],"wp:term":[{"taxonomy":"product_brand","embeddable":true,"href":"https:\/\/dgvgifts.com\/lt\/wp-json\/wp\/v2\/product_brand?post=1164"},{"taxonomy":"product_cat","embeddable":true,"href":"https:\/\/dgvgifts.com\/lt\/wp-json\/wp\/v2\/product_cat?post=1164"},{"taxonomy":"product_tag","embeddable":true,"href":"https:\/\/dgvgifts.com\/lt\/wp-json\/wp\/v2\/product_tag?post=1164"}],"curies":[{"name":"wp","href":"https:\/\/api.w.org\/{rel}","templated":true}]}}