{"id":1188,"date":"2023-02-24T09:51:39","date_gmt":"2023-02-24T09:51:39","guid":{"rendered":"https:\/\/dgvgifts.com\/index.php\/product\/urban-vitamin-palo-alto-rcs-rplastic-headphone\/"},"modified":"2024-11-08T10:24:50","modified_gmt":"2024-11-08T10:24:50","slug":"urban-vitamin-palo-alto-rcs-rplastic-headphone","status":"publish","type":"product","link":"https:\/\/dgvgifts.com\/lt\/produktas\/urban-vitamin-palo-alto-rcs-rplastic-headphone\/","title":{"rendered":"Urban RCS belaid\u0117s ausin\u0117s"},"content":{"rendered":"<p>Tai jau\u010diate i\u0161kart jas u\u017esid\u0117j\u0119 - tai puikios ausin\u0117s, kuriomis gal\u0117site pasinerti \u012f m\u0117gstam\u0105 muzik\u0105. Mink\u0161tos pagalv\u0117l\u0117s puikiai priglunda prie ausies, jas lengvai gal\u0117site ne\u0161ioti vis\u0105 dien\u0105. D\u0117l sukamosios konstrukcijos jos dar geriau priglunda ir \u012f ausis ima sklisti gilus, ai\u0161kus garsas. Baterija j\u016bs\u0173 nenuvils: 60 valand\u0173 nepertraukiamo muzikos , podkasto ar vaizdo \u012fra\u0161o \u017ei\u016br\u0117jimo. Jei kas nors jums paskambins, tiesiog atsiliepkite integruotu mikrofonu. Kai reikia trumpam atsikv\u0117pti nuo ausini\u0173, tiesiog sulankstykite jas iki ne\u0161iojamojo dyd\u017eio, kad lengvai tilpt\u0173 kuprin\u0117je. Pridedamas rPet virvelinis mai\u0161elis, pagamintas su AWARE\u2122 \u017eymekliu. Ausin\u0117s pagamintos i\u0161 RCS (Recycled Claim Standard) sertifikuoto perdirbto ABS.  Bendras perdirbtas turinys: 65 %, skai\u010diuojant nuo viso gaminio svorio. RCS sertifikatas u\u017etikrina visi\u0161kai sertifikuot\u0105 perdirbt\u0173 med\u017eiag\u0173 tiekimo grandin\u0119. \"Urban Vitamin\" gaminiai pagaminti be PVC ir supakuoti \u012f pakuotes su ma\u017eesniu plastiko kiekiu.<\/p>","protected":false},"excerpt":{"rendered":"<p>You feel it immediately you put them on, this is the perfect headphone to get carried away by your favourite music. The soft cushions fit perfectly on your ear, you can easily wear them all day. The twistable design makes them fit even better and the deep clear audio starts flowing to your ears. The [&hellip;]<\/p>","protected":false},"featured_media":1165,"comment_status":"open","ping_status":"closed","template":"","meta":[],"product_brand":[],"product_cat":[42,30],"product_tag":[],"class_list":{"0":"post-1188","1":"product","2":"type-product","3":"status-publish","4":"has-post-thumbnail","6":"product_cat-phone-accessories","7":"product_cat-technologies","9":"first","10":"instock","11":"shipping-taxable","12":"purchasable","13":"product-type-simple"},"_links":{"self":[{"href":"https:\/\/dgvgifts.com\/lt\/wp-json\/wp\/v2\/product\/1188","targetHints":{"allow":["GET"]}}],"collection":[{"href":"https:\/\/dgvgifts.com\/lt\/wp-json\/wp\/v2\/product"}],"about":[{"href":"https:\/\/dgvgifts.com\/lt\/wp-json\/wp\/v2\/types\/product"}],"replies":[{"embeddable":true,"href":"https:\/\/dgvgifts.com\/lt\/wp-json\/wp\/v2\/comments?post=1188"}],"version-history":[{"count":1,"href":"https:\/\/dgvgifts.com\/lt\/wp-json\/wp\/v2\/product\/1188\/revisions"}],"predecessor-version":[{"id":2923,"href":"https:\/\/dgvgifts.com\/lt\/wp-json\/wp\/v2\/product\/1188\/revisions\/2923"}],"wp:featuredmedia":[{"embeddable":true,"href":"https:\/\/dgvgifts.com\/lt\/wp-json\/wp\/v2\/media\/1165"}],"wp:attachment":[{"href":"https:\/\/dgvgifts.com\/lt\/wp-json\/wp\/v2\/media?parent=1188"}],"wp:term":[{"taxonomy":"product_brand","embeddable":true,"href":"https:\/\/dgvgifts.com\/lt\/wp-json\/wp\/v2\/product_brand?post=1188"},{"taxonomy":"product_cat","embeddable":true,"href":"https:\/\/dgvgifts.com\/lt\/wp-json\/wp\/v2\/product_cat?post=1188"},{"taxonomy":"product_tag","embeddable":true,"href":"https:\/\/dgvgifts.com\/lt\/wp-json\/wp\/v2\/product_tag?post=1188"}],"curies":[{"name":"wp","href":"https:\/\/api.w.org\/{rel}","templated":true}]}}