{"id":1200,"date":"2023-02-24T09:51:49","date_gmt":"2023-02-24T09:51:49","guid":{"rendered":"https:\/\/dgvgifts.com\/index.php\/product\/motorola-moto-xt500-wireless-over-ear-headphone\/"},"modified":"2024-11-08T10:24:32","modified_gmt":"2024-11-08T10:24:32","slug":"motorola-moto-xt500-wireless-over-ear-headphone","status":"publish","type":"product","link":"https:\/\/dgvgifts.com\/lt\/produktas\/motorola-moto-xt500-wireless-over-ear-headphone\/","title":{"rendered":"\"Motorola MOTO XT500\" belaid\u0117s ausin\u0117s"},"content":{"rendered":"<p>\"Motorola XT500\" u\u017etikrina studijin\u0117s kokyb\u0117s gars\u0105 ir belaid\u017eio ry\u0161\u012f. \u0160iose ausin\u0117se per \u012fdiegta BT 4.1 technologija, tod\u0117l muziko galite klausytis be laid\u0173. Galingi 40 mm garsiakalbiai ir triuk\u0161mo izoliacija u\u017etikrina puik\u0173 gars\u0105. Nepertraukiamas 10 valand\u0173 veikima, u\u017etikrins J\u016bs\u0173 keliones be vargi. Integruota laisv\u0173 rank\u0173 \u012franga, galite atsiliepti \u012f skambu\u010dius. XT500 puikiai tinka naudoti vis\u0105 dien\u0105. Lengvos ir sulankstomos, kad b\u016bt\u0173 patogu naudoti kelion\u0117se.<\/p>","protected":false},"excerpt":{"rendered":"<p>Motorola XT500 offers studio quality performance and wireless freedom. These over-ear headphones are equipped with BT 4.1 technology, allowing you to listen to music or podcasts wire-free. Powerful 40mm drivers and noise isolation provide superb sound, while the 10 hours of playtime and foldable ear cups get you through your day. Plus, a built-in mic [&hellip;]<\/p>","protected":false},"featured_media":1189,"comment_status":"open","ping_status":"closed","template":"","meta":[],"product_brand":[],"product_cat":[42,30],"product_tag":[],"class_list":{"0":"post-1200","1":"product","2":"type-product","3":"status-publish","4":"has-post-thumbnail","6":"product_cat-phone-accessories","7":"product_cat-technologies","9":"first","10":"instock","11":"shipping-taxable","12":"purchasable","13":"product-type-simple"},"_links":{"self":[{"href":"https:\/\/dgvgifts.com\/lt\/wp-json\/wp\/v2\/product\/1200","targetHints":{"allow":["GET"]}}],"collection":[{"href":"https:\/\/dgvgifts.com\/lt\/wp-json\/wp\/v2\/product"}],"about":[{"href":"https:\/\/dgvgifts.com\/lt\/wp-json\/wp\/v2\/types\/product"}],"replies":[{"embeddable":true,"href":"https:\/\/dgvgifts.com\/lt\/wp-json\/wp\/v2\/comments?post=1200"}],"version-history":[{"count":1,"href":"https:\/\/dgvgifts.com\/lt\/wp-json\/wp\/v2\/product\/1200\/revisions"}],"predecessor-version":[{"id":2922,"href":"https:\/\/dgvgifts.com\/lt\/wp-json\/wp\/v2\/product\/1200\/revisions\/2922"}],"wp:featuredmedia":[{"embeddable":true,"href":"https:\/\/dgvgifts.com\/lt\/wp-json\/wp\/v2\/media\/1189"}],"wp:attachment":[{"href":"https:\/\/dgvgifts.com\/lt\/wp-json\/wp\/v2\/media?parent=1200"}],"wp:term":[{"taxonomy":"product_brand","embeddable":true,"href":"https:\/\/dgvgifts.com\/lt\/wp-json\/wp\/v2\/product_brand?post=1200"},{"taxonomy":"product_cat","embeddable":true,"href":"https:\/\/dgvgifts.com\/lt\/wp-json\/wp\/v2\/product_cat?post=1200"},{"taxonomy":"product_tag","embeddable":true,"href":"https:\/\/dgvgifts.com\/lt\/wp-json\/wp\/v2\/product_tag?post=1200"}],"curies":[{"name":"wp","href":"https:\/\/api.w.org\/{rel}","templated":true}]}}