{"id":1211,"date":"2023-02-24T09:51:58","date_gmt":"2023-02-24T09:51:58","guid":{"rendered":"https:\/\/dgvgifts.com\/index.php\/product\/fsc-bamboo-and-rcs-3w-wireless-speaker\/"},"modified":"2024-11-08T10:24:24","modified_gmt":"2024-11-08T10:24:24","slug":"fsc-bamboo-and-rcs-3w-wireless-speaker","status":"publish","type":"product","link":"https:\/\/dgvgifts.com\/lt\/produktas\/fsc-bamboo-and-rcs-3w-wireless-speaker\/","title":{"rendered":"Bambukinis 3W belaidis garsiakalbis"},"content":{"rendered":"<p>3 W belaidis garsiakalbis pagamintas i\u0161 FSC\u00ae 100 % bambuko ir RCS (Recycled Claim Standard) sertifikuoto perdirbto ABS. Bendras perdirbtas turinys: Bendras perdirbt\u0173 med\u017eiag\u0173 kiekis: 16 % pagal bendr\u0105 gaminio svor\u012f. Garsiakalbis turi integruot\u0105 lemput\u0119. Garsiakalbis turi 300 mAh baterij\u0105, u\u017etikrinan\u010di\u0105 iki 3 valand\u0173 grojimo laik\u0105, ir BT4.1, u\u017etikrinan\u010di\u0105 skland\u0173 ry\u0161\u012f ir ai\u0161k\u0173 gars\u0105. Ry\u0161io atstumas iki 10 metr\u0173. Integruotas mikrofonas, kad gal\u0117tum\u0117t atsiliepti \u012f skambu\u010dius.  Supakuotas \u012f d\u0117\u017eut\u0119.  Garsiakalbis pagamintas nenaudijant plastiko.<\/p>","protected":false},"excerpt":{"rendered":"<p>3W wireless speaker made with FSC\u00ae 100% bamboo casing and RCS (Recycled Claim Standard) certified recycled ABS. Total recycled content: 16% based on total item weight. RCS certification ensures a completely certified supply chain of the recycled materials. The speaker has an integrated light at the bottom. The speaker is equipped with a 300 mAh [&hellip;]<\/p>","protected":false},"featured_media":1201,"comment_status":"open","ping_status":"closed","template":"","meta":[],"product_brand":[],"product_cat":[42,27,30],"product_tag":[],"class_list":{"0":"post-1211","1":"product","2":"type-product","3":"status-publish","4":"has-post-thumbnail","6":"product_cat-phone-accessories","7":"product_cat-eco-friendly","8":"product_cat-technologies","10":"first","11":"instock","12":"shipping-taxable","13":"purchasable","14":"product-type-simple"},"_links":{"self":[{"href":"https:\/\/dgvgifts.com\/lt\/wp-json\/wp\/v2\/product\/1211","targetHints":{"allow":["GET"]}}],"collection":[{"href":"https:\/\/dgvgifts.com\/lt\/wp-json\/wp\/v2\/product"}],"about":[{"href":"https:\/\/dgvgifts.com\/lt\/wp-json\/wp\/v2\/types\/product"}],"replies":[{"embeddable":true,"href":"https:\/\/dgvgifts.com\/lt\/wp-json\/wp\/v2\/comments?post=1211"}],"version-history":[{"count":1,"href":"https:\/\/dgvgifts.com\/lt\/wp-json\/wp\/v2\/product\/1211\/revisions"}],"predecessor-version":[{"id":2921,"href":"https:\/\/dgvgifts.com\/lt\/wp-json\/wp\/v2\/product\/1211\/revisions\/2921"}],"wp:featuredmedia":[{"embeddable":true,"href":"https:\/\/dgvgifts.com\/lt\/wp-json\/wp\/v2\/media\/1201"}],"wp:attachment":[{"href":"https:\/\/dgvgifts.com\/lt\/wp-json\/wp\/v2\/media?parent=1211"}],"wp:term":[{"taxonomy":"product_brand","embeddable":true,"href":"https:\/\/dgvgifts.com\/lt\/wp-json\/wp\/v2\/product_brand?post=1211"},{"taxonomy":"product_cat","embeddable":true,"href":"https:\/\/dgvgifts.com\/lt\/wp-json\/wp\/v2\/product_cat?post=1211"},{"taxonomy":"product_tag","embeddable":true,"href":"https:\/\/dgvgifts.com\/lt\/wp-json\/wp\/v2\/product_tag?post=1211"}],"curies":[{"name":"wp","href":"https:\/\/api.w.org\/{rel}","templated":true}]}}