{"id":1226,"date":"2023-02-24T09:52:11","date_gmt":"2023-02-24T09:52:11","guid":{"rendered":"https:\/\/dgvgifts.com\/index.php\/product\/wynn-20w-fsc-bamboo-wireless-speaker\/"},"modified":"2024-11-08T10:24:12","modified_gmt":"2024-11-08T10:24:12","slug":"wynn-20w-fsc-bamboo-wireless-speaker","status":"publish","type":"product","link":"https:\/\/dgvgifts.com\/lt\/produktas\/wynn-20w-fsc-bamboo-wireless-speaker\/","title":{"rendered":"20W  bambukinis belaidis garsiakalbis"},"content":{"rendered":"<p>Prabangus ir galingas 20 W garsiakalbis, pasi\u017eymintis ai\u0161kiu garsu ir stipriais \u017eemais da\u017eniais. I\u0161orinis korpusas pagamintas i\u0161 FSC 100 % sertifikuoto bambuko. Plastikiniai komponentai pagaminti i\u0161 RCS (Recycled Claim Standard) sertifikuoto perdirbto ABS. Garsiakalbyje \u012fdiegta BT 5.1 funkcija, u\u017etikrinanti lengv\u0105 ir skland\u0173 veikim\u0105 iki 10 metr\u0173 atstumu ir ma\u017e\u0105 energijos suvartojim\u0105. 1200 mah akumuliatorius leid\u017eia groti iki 6 valand\u0173 ir gali b\u016bti visi\u0161kai \u012fkrautas per 3 valandas. Su integruotu mikrofonu, kad gal\u0117tum\u0117te atsiliepti \u012f skambu\u010dius. Supakuotas \u012f mi\u0161ri\u0105 kraft d\u0117\u017eut\u0119. Pridedamas RCS sertifikuotas perdirbtas TPE \u012fkrovimo laidas.<\/p>","protected":false},"excerpt":{"rendered":"<p>Luxury and powerful 20W speaker with clear sound and strong bass. The outer casing is made from FSC 100% certified bamboo. The plastic components are made with RCS (Recycled Claim Standard) certified recycled ABS. Total recycled content: 17 % based on total item weight. RCS certification ensures a completely certified supply chain of the recycled [&hellip;]<\/p>","protected":false},"featured_media":1212,"comment_status":"open","ping_status":"closed","template":"","meta":[],"product_brand":[],"product_cat":[42,27,30],"product_tag":[],"class_list":{"0":"post-1226","1":"product","2":"type-product","3":"status-publish","4":"has-post-thumbnail","6":"product_cat-phone-accessories","7":"product_cat-eco-friendly","8":"product_cat-technologies","10":"first","11":"instock","12":"shipping-taxable","13":"purchasable","14":"product-type-simple"},"_links":{"self":[{"href":"https:\/\/dgvgifts.com\/lt\/wp-json\/wp\/v2\/product\/1226","targetHints":{"allow":["GET"]}}],"collection":[{"href":"https:\/\/dgvgifts.com\/lt\/wp-json\/wp\/v2\/product"}],"about":[{"href":"https:\/\/dgvgifts.com\/lt\/wp-json\/wp\/v2\/types\/product"}],"replies":[{"embeddable":true,"href":"https:\/\/dgvgifts.com\/lt\/wp-json\/wp\/v2\/comments?post=1226"}],"version-history":[{"count":1,"href":"https:\/\/dgvgifts.com\/lt\/wp-json\/wp\/v2\/product\/1226\/revisions"}],"predecessor-version":[{"id":2920,"href":"https:\/\/dgvgifts.com\/lt\/wp-json\/wp\/v2\/product\/1226\/revisions\/2920"}],"wp:featuredmedia":[{"embeddable":true,"href":"https:\/\/dgvgifts.com\/lt\/wp-json\/wp\/v2\/media\/1212"}],"wp:attachment":[{"href":"https:\/\/dgvgifts.com\/lt\/wp-json\/wp\/v2\/media?parent=1226"}],"wp:term":[{"taxonomy":"product_brand","embeddable":true,"href":"https:\/\/dgvgifts.com\/lt\/wp-json\/wp\/v2\/product_brand?post=1226"},{"taxonomy":"product_cat","embeddable":true,"href":"https:\/\/dgvgifts.com\/lt\/wp-json\/wp\/v2\/product_cat?post=1226"},{"taxonomy":"product_tag","embeddable":true,"href":"https:\/\/dgvgifts.com\/lt\/wp-json\/wp\/v2\/product_tag?post=1226"}],"curies":[{"name":"wp","href":"https:\/\/api.w.org\/{rel}","templated":true}]}}