{"id":1237,"date":"2023-02-24T09:52:20","date_gmt":"2023-02-24T09:52:20","guid":{"rendered":"https:\/\/dgvgifts.com\/index.php\/product\/rcs-and-fsc-bamboo-elite-foldable-wireless-headphone\/"},"modified":"2024-11-08T10:23:59","modified_gmt":"2024-11-08T10:23:59","slug":"rcs-and-fsc-bamboo-elite-foldable-wireless-headphone","status":"publish","type":"product","link":"https:\/\/dgvgifts.com\/lt\/produktas\/rcs-and-fsc-bamboo-elite-foldable-wireless-headphone\/","title":{"rendered":"Bambukin\u0117s \"Elite\" sulankstomos belaid\u0117s ausin\u0117s"},"content":{"rendered":"<p>Patogios ir patvarios belaid\u0117s ausin\u0117s, naudojan\u010dios BT5.1, u\u017etikrinan\u010dios itin skland\u0173 ry\u0161\u012f ir ilgai trunkant\u012f grojim\u0105. Pagamintos i\u0161 RCS (Recycled Claim Standard) sertifikuot\u0173 perdirbt\u0173 med\u017eiag\u0173. Su FSC\u00ae 100 % bambuko dizaino detal\u0117mis ant aus\u0173 pagalv\u0117li\u0173. Ausis dengiantis ausini\u0173 dizainas leid\u017eia m\u0117gautis puikiu garsu. Sulankstoma konstrukcija, kad b\u016bt\u0173 patogu ne\u0161iotis.  200 mah li\u010dio akumuliatorius, kuris leid\u017eia groti iki 5 valand\u0173 ir gali b\u016bti visi\u0161kai \u012fkrautas per 2 valandas. Veikimo atstumas iki 10 metr\u0173. Integruotas mikrofonas, kad gal\u0117tum\u0117te atsiliepti \u012f telefono skambu\u010dius. Pridedamas \u012fkrovimo laidas. Supakuotas \u012f d\u0117\u017eut\u0119.<\/p>","protected":false},"excerpt":{"rendered":"<p>Comfortable and durable wireless headphone that uses BT5.1 for super smooth connection and long lasting playtime. Made with RCS (Recycled Claim Standard) certified recycled materials. With FSC\u00ae 100% bamboo design detail on the ear pads. Total recycled content: 66 % based on total item weight. RCS certification ensures a completely certified supply chain of the [&hellip;]<\/p>","protected":false},"featured_media":1227,"comment_status":"open","ping_status":"closed","template":"","meta":[],"product_brand":[],"product_cat":[42,30],"product_tag":[],"class_list":{"0":"post-1237","1":"product","2":"type-product","3":"status-publish","4":"has-post-thumbnail","6":"product_cat-phone-accessories","7":"product_cat-technologies","9":"first","10":"instock","11":"shipping-taxable","12":"purchasable","13":"product-type-simple"},"_links":{"self":[{"href":"https:\/\/dgvgifts.com\/lt\/wp-json\/wp\/v2\/product\/1237","targetHints":{"allow":["GET"]}}],"collection":[{"href":"https:\/\/dgvgifts.com\/lt\/wp-json\/wp\/v2\/product"}],"about":[{"href":"https:\/\/dgvgifts.com\/lt\/wp-json\/wp\/v2\/types\/product"}],"replies":[{"embeddable":true,"href":"https:\/\/dgvgifts.com\/lt\/wp-json\/wp\/v2\/comments?post=1237"}],"version-history":[{"count":1,"href":"https:\/\/dgvgifts.com\/lt\/wp-json\/wp\/v2\/product\/1237\/revisions"}],"predecessor-version":[{"id":2919,"href":"https:\/\/dgvgifts.com\/lt\/wp-json\/wp\/v2\/product\/1237\/revisions\/2919"}],"wp:featuredmedia":[{"embeddable":true,"href":"https:\/\/dgvgifts.com\/lt\/wp-json\/wp\/v2\/media\/1227"}],"wp:attachment":[{"href":"https:\/\/dgvgifts.com\/lt\/wp-json\/wp\/v2\/media?parent=1237"}],"wp:term":[{"taxonomy":"product_brand","embeddable":true,"href":"https:\/\/dgvgifts.com\/lt\/wp-json\/wp\/v2\/product_brand?post=1237"},{"taxonomy":"product_cat","embeddable":true,"href":"https:\/\/dgvgifts.com\/lt\/wp-json\/wp\/v2\/product_cat?post=1237"},{"taxonomy":"product_tag","embeddable":true,"href":"https:\/\/dgvgifts.com\/lt\/wp-json\/wp\/v2\/product_tag?post=1237"}],"curies":[{"name":"wp","href":"https:\/\/api.w.org\/{rel}","templated":true}]}}