{"id":1265,"date":"2023-02-24T09:52:44","date_gmt":"2023-02-24T09:52:44","guid":{"rendered":"https:\/\/dgvgifts.com\/index.php\/product\/urban-vitamin-gilroy-hybrid-anc-and-enc-earbuds\/"},"modified":"2024-11-08T10:23:48","modified_gmt":"2024-11-08T10:23:48","slug":"urban-vitamin-gilroy-hybrid-anc-and-enc-earbuds","status":"publish","type":"product","link":"https:\/\/dgvgifts.com\/lt\/produktas\/urban-vitamin-gilroy-hybrid-anc-and-enc-earbuds\/","title":{"rendered":"Urban hibridin\u0117s ANC ir ENC ausin\u0117s"},"content":{"rendered":"<p>Geriausias garsas prasideda nuo tylos. Ausin\u0117s kurias matote, atitink\u0105 \u0161\u012f apra\u0161ym\u0105, nes skleid\u017eia gil\u0173 ir ai\u0161k\u0173 gars\u0105. Ausin\u0117se \u012fdiegta aktyvaus triuk\u0161mo slopinimo (Active noise cancelling, ANC) funkcija, kad klausantis m\u0117gstamos muzikos, podkasto ar vaizdo \u012fra\u0161o b\u016bt\u0173 blokuojamas i\u0161orinis triuk\u0161mas. D\u0117l aplinkos triuk\u0161mo slopinimo (ENC) j\u016bs\u0173 telefono skambu\u010diai taip pat bus puikiai girdimi ir ai\u0161k\u016bs, nes pokalbio metu filtruojamas aplinkos triuk\u0161mas.  D\u0117l jutiklinio valdymo funkcijos, norint atsiliepti, tereikia paliesti ausin\u0119, o d\u0117l IPX 5 klas\u0117s ausin\u0117s atsparios oro s\u0105lygoms, prakaitui ir nestipriam lietui, tod\u0117l nesijaudinkite, imdami jas  \u012f lauk\u0105. Vienu kartu galite klausytis muzikos ar dirbti iki 5 valand\u0173, \u012fkraunantis d\u0117klas leis jomis m\u0117gautis iki 20 valand\u0173. Jei reikia \u012fkrauti d\u0117kl\u0105, prijunkite C tipo kabel\u012f arba pad\u0117kite jas ant belaid\u017eio \u012fkroviklio. ANC lygis: iki 30 DB. \"Urban Vitamin\" gaminiai pagaminti be PVC ir supakuoti \u012f pakuotes, kuriose naudojama ma\u017eiau plastiko.<\/p>","protected":false},"excerpt":{"rendered":"<p>The best sound starts with the best silence. The item in the palm of your hands lives up to this by delivering a deep and clear sound. The earbuds come with Active noise cancelling (ANC) to block external noise while listening to your favourite music, podcast or video. Thanks to environment noise cancelling (ENC) your [&hellip;]<\/p>","protected":false},"featured_media":1238,"comment_status":"open","ping_status":"closed","template":"","meta":[],"product_brand":[],"product_cat":[42,30],"product_tag":[],"class_list":{"0":"post-1265","1":"product","2":"type-product","3":"status-publish","4":"has-post-thumbnail","6":"product_cat-phone-accessories","7":"product_cat-technologies","9":"first","10":"instock","11":"shipping-taxable","12":"purchasable","13":"product-type-simple"},"_links":{"self":[{"href":"https:\/\/dgvgifts.com\/lt\/wp-json\/wp\/v2\/product\/1265","targetHints":{"allow":["GET"]}}],"collection":[{"href":"https:\/\/dgvgifts.com\/lt\/wp-json\/wp\/v2\/product"}],"about":[{"href":"https:\/\/dgvgifts.com\/lt\/wp-json\/wp\/v2\/types\/product"}],"replies":[{"embeddable":true,"href":"https:\/\/dgvgifts.com\/lt\/wp-json\/wp\/v2\/comments?post=1265"}],"version-history":[{"count":1,"href":"https:\/\/dgvgifts.com\/lt\/wp-json\/wp\/v2\/product\/1265\/revisions"}],"predecessor-version":[{"id":2918,"href":"https:\/\/dgvgifts.com\/lt\/wp-json\/wp\/v2\/product\/1265\/revisions\/2918"}],"wp:featuredmedia":[{"embeddable":true,"href":"https:\/\/dgvgifts.com\/lt\/wp-json\/wp\/v2\/media\/1238"}],"wp:attachment":[{"href":"https:\/\/dgvgifts.com\/lt\/wp-json\/wp\/v2\/media?parent=1265"}],"wp:term":[{"taxonomy":"product_brand","embeddable":true,"href":"https:\/\/dgvgifts.com\/lt\/wp-json\/wp\/v2\/product_brand?post=1265"},{"taxonomy":"product_cat","embeddable":true,"href":"https:\/\/dgvgifts.com\/lt\/wp-json\/wp\/v2\/product_cat?post=1265"},{"taxonomy":"product_tag","embeddable":true,"href":"https:\/\/dgvgifts.com\/lt\/wp-json\/wp\/v2\/product_tag?post=1265"}],"curies":[{"name":"wp","href":"https:\/\/api.w.org\/{rel}","templated":true}]}}