{"id":1286,"date":"2023-02-24T09:53:00","date_gmt":"2023-02-24T09:53:00","guid":{"rendered":"https:\/\/dgvgifts.com\/index.php\/product\/urban-vitamin-fresno-wireless-headphone\/"},"modified":"2024-11-08T10:23:35","modified_gmt":"2024-11-08T10:23:35","slug":"urban-vitamin-fresno-wireless-headphone","status":"publish","type":"product","link":"https:\/\/dgvgifts.com\/lt\/produktas\/urban-vitamin-fresno-wireless-headphone\/","title":{"rendered":"Urban belaid\u0117s ausin\u0117s"},"content":{"rendered":"<p>Tai jau\u010diate i\u0161kart jas u\u017esid\u0117j\u0119 - tai puikios ausin\u0117s, kuriomis gal\u0117site pasinerti \u012f m\u0117gstam\u0105 muzik\u0105. Mink\u0161tos pagalv\u0117l\u0117s puikiai priglunda prie ausies, jas patogiai gal\u0117site ne\u0161ioti vis\u0105 dien\u0105. D\u0117l sukamosios konstrukcijos jos dar geriau priglunda ir \u012f ausis ima sklisti gilus, ai\u0161kus garsas.  Baterija j\u016bs\u0173 nenuvils: 35 valandas be perstojo klausytis muzikos , \u017ei\u016br\u0117ti podkastus ar vaizdo \u012fra\u0161us. Jei kas nors jums paskambins, tiesiog atsiliepkite integruotu mikrofonu. Kai reikia trumpam atsikv\u0117pti nuo ausini\u0173, tiesiog sulankstykite jas iki ne\u0161iojamojo dyd\u017eio, kad lengvai tilpt\u0173 kuprin\u0117je. Urban Vitamin gaminiai pagaminti be PVC ir supakuoti pakuotes be plastiko.<\/p>","protected":false},"excerpt":{"rendered":"<p>You feel it immediately you put them on, this is the perfect headphone to get carried away by your favourite music. The soft cushions fit perfectly on your ear, you can easily wear them all day. The twistable design makes them fit even better and the deep clear audio starts flowing to your ears. The [&hellip;]<\/p>","protected":false},"featured_media":1266,"comment_status":"open","ping_status":"closed","template":"","meta":[],"product_brand":[],"product_cat":[42,30],"product_tag":[],"class_list":{"0":"post-1286","1":"product","2":"type-product","3":"status-publish","4":"has-post-thumbnail","6":"product_cat-phone-accessories","7":"product_cat-technologies","9":"first","10":"instock","11":"shipping-taxable","12":"purchasable","13":"product-type-simple"},"_links":{"self":[{"href":"https:\/\/dgvgifts.com\/lt\/wp-json\/wp\/v2\/product\/1286","targetHints":{"allow":["GET"]}}],"collection":[{"href":"https:\/\/dgvgifts.com\/lt\/wp-json\/wp\/v2\/product"}],"about":[{"href":"https:\/\/dgvgifts.com\/lt\/wp-json\/wp\/v2\/types\/product"}],"replies":[{"embeddable":true,"href":"https:\/\/dgvgifts.com\/lt\/wp-json\/wp\/v2\/comments?post=1286"}],"version-history":[{"count":1,"href":"https:\/\/dgvgifts.com\/lt\/wp-json\/wp\/v2\/product\/1286\/revisions"}],"predecessor-version":[{"id":2917,"href":"https:\/\/dgvgifts.com\/lt\/wp-json\/wp\/v2\/product\/1286\/revisions\/2917"}],"wp:featuredmedia":[{"embeddable":true,"href":"https:\/\/dgvgifts.com\/lt\/wp-json\/wp\/v2\/media\/1266"}],"wp:attachment":[{"href":"https:\/\/dgvgifts.com\/lt\/wp-json\/wp\/v2\/media?parent=1286"}],"wp:term":[{"taxonomy":"product_brand","embeddable":true,"href":"https:\/\/dgvgifts.com\/lt\/wp-json\/wp\/v2\/product_brand?post=1286"},{"taxonomy":"product_cat","embeddable":true,"href":"https:\/\/dgvgifts.com\/lt\/wp-json\/wp\/v2\/product_cat?post=1286"},{"taxonomy":"product_tag","embeddable":true,"href":"https:\/\/dgvgifts.com\/lt\/wp-json\/wp\/v2\/product_tag?post=1286"}],"curies":[{"name":"wp","href":"https:\/\/api.w.org\/{rel}","templated":true}]}}