{"id":1301,"date":"2023-02-24T09:53:15","date_gmt":"2023-02-24T09:53:15","guid":{"rendered":"https:\/\/dgvgifts.com\/index.php\/product\/urban-vitamin-belmont-wireless-headphone\/"},"modified":"2024-11-08T10:23:25","modified_gmt":"2024-11-08T10:23:25","slug":"urban-vitamin-belmont-wireless-headphone","status":"publish","type":"product","link":"https:\/\/dgvgifts.com\/lt\/produktas\/urban-vitamin-belmont-wireless-headphone\/","title":{"rendered":"Urban belaid\u0117s ausin\u0117s"},"content":{"rendered":"<p>Pajauskite \u017eemo da\u017enio garsus,  paspauskite ausini\u0173 \u0161one esant\u012f \u017eem\u0173 da\u017eni\u0173 mygtuk\u0105, kad dar labiau sustiprintum\u0117te gars\u0105. Pasinerkite \u012f sodr\u0173 ir ry\u0161k\u0173 gars\u0105. Tai puikios vis\u0105 dien\u0105 veikian\u010dios ausin\u0117s, kurios veikia labai ilgai, net 35 valandas. Eleganti\u0161kas ir patogus ausini\u0173 dizainas, leis jomis m\u0117gautis vis\u0105 dien\u0105.  Sulankstykite ausines ir patogiai ne\u0161kit\u0117s jas su savimi.  Jei kas nors paskambins, tiesiog atsiliepkite integruotu mikrofonu. \"Urban Vitamin\" gaminiai pagaminti be PVC ir supakuoti \u012f pakuotes, kuriose n\u0117ra plastiko.<\/p>","protected":false},"excerpt":{"rendered":"<p>The bass, you don&#8217;t just hear it, you feel it. Press the bass button on the side of the headphone to get an extra boost. Lose yourself in the rich and clear sound. This is the ultimate all day headphone with an impressive 35 hour play time. The sleek, streamlined over-ear design makes this headphone [&hellip;]<\/p>","protected":false},"featured_media":1287,"comment_status":"open","ping_status":"closed","template":"","meta":[],"product_brand":[],"product_cat":[42,30],"product_tag":[],"class_list":{"0":"post-1301","1":"product","2":"type-product","3":"status-publish","4":"has-post-thumbnail","6":"product_cat-phone-accessories","7":"product_cat-technologies","9":"first","10":"instock","11":"shipping-taxable","12":"purchasable","13":"product-type-simple"},"_links":{"self":[{"href":"https:\/\/dgvgifts.com\/lt\/wp-json\/wp\/v2\/product\/1301","targetHints":{"allow":["GET"]}}],"collection":[{"href":"https:\/\/dgvgifts.com\/lt\/wp-json\/wp\/v2\/product"}],"about":[{"href":"https:\/\/dgvgifts.com\/lt\/wp-json\/wp\/v2\/types\/product"}],"replies":[{"embeddable":true,"href":"https:\/\/dgvgifts.com\/lt\/wp-json\/wp\/v2\/comments?post=1301"}],"version-history":[{"count":1,"href":"https:\/\/dgvgifts.com\/lt\/wp-json\/wp\/v2\/product\/1301\/revisions"}],"predecessor-version":[{"id":2916,"href":"https:\/\/dgvgifts.com\/lt\/wp-json\/wp\/v2\/product\/1301\/revisions\/2916"}],"wp:featuredmedia":[{"embeddable":true,"href":"https:\/\/dgvgifts.com\/lt\/wp-json\/wp\/v2\/media\/1287"}],"wp:attachment":[{"href":"https:\/\/dgvgifts.com\/lt\/wp-json\/wp\/v2\/media?parent=1301"}],"wp:term":[{"taxonomy":"product_brand","embeddable":true,"href":"https:\/\/dgvgifts.com\/lt\/wp-json\/wp\/v2\/product_brand?post=1301"},{"taxonomy":"product_cat","embeddable":true,"href":"https:\/\/dgvgifts.com\/lt\/wp-json\/wp\/v2\/product_cat?post=1301"},{"taxonomy":"product_tag","embeddable":true,"href":"https:\/\/dgvgifts.com\/lt\/wp-json\/wp\/v2\/product_tag?post=1301"}],"curies":[{"name":"wp","href":"https:\/\/api.w.org\/{rel}","templated":true}]}}