{"id":1324,"date":"2023-02-24T09:53:34","date_gmt":"2023-02-24T09:53:34","guid":{"rendered":"https:\/\/dgvgifts.com\/index.php\/product\/urban-vitamin-pacifica-rcs-rplastic-earbuds\/"},"modified":"2024-11-08T10:23:03","modified_gmt":"2024-11-08T10:23:03","slug":"urban-vitamin-pacifica-rcs-rplastic-earbuds","status":"publish","type":"product","link":"https:\/\/dgvgifts.com\/lt\/produktas\/urban-vitamin-pacifica-rcs-rplastic-earbuds\/","title":{"rendered":"Urban belaid\u0117s ausin\u0117s"},"content":{"rendered":"<p>Su \u0161iomis treniruo\u010di\u0173 ausin\u0117mis gal\u0117site patogiai sportuoti kiekvien\u0105 dien\u0105. Pritaikomi, idealiai priglud\u0119 aus\u0173 kabliukai yra reguliuojami su keliomis aus\u0173 antgali\u0173 parinktimis, kad b\u016bt\u0173 patogiau, ir yra sukurti taip, kad i\u0161likt\u0173 savo vietoje, kad ir kaip intensyviai treniruotum\u0117t\u0117s. \u0160ios lengvos ausin\u0117s sukurtos taip, kad b\u016bt\u0173 maksimaliai veiksmingos, o j\u0173 tvirta konstrukcija atitinka IPX5 atsparumo prakaitui, dulk\u0117ms ir vandeniui klas\u0119. D\u0117l pa\u017eangiosios BT 5.3 technologijos kiekvienoje ausin\u0117je ir galingo, subalansuoto garso iki 8 valand\u0173 klausymo trukm\u0117s, muzika visada jus d\u017eiugins.  Ausin\u0117s ir 600 mah \u012fkrovimo d\u0117klas pagaminti i\u0161 RCS (Recycled Claim Standard) sertifikuoto perdirbto ABS\/TPE.  RCS sertifikatas u\u017etikrina visi\u0161kai sertifikuot\u0105 perdirbt\u0173 med\u017eiag\u0173 tiekimo grandin\u0119. \u012ekrovimo d\u0117kle ausines galima \u012fkrauti 3 kartus i\u0161 eil\u0117s. \"Urban Vitamin\" gaminiai pagaminti be PVC ir supakuoti \u012f pakuotes, kurioms naudojama ma\u017eiau plastiko.<\/p>","protected":false},"excerpt":{"rendered":"<p>Outperform yourself and take your fitness to the next level with these perfect fit work out earbuds. The customisable, perfect fit ear hooks are adjustable with multiple ear tip options for extended comfort, and are made to stay in place, no matter how intense your workout is. These lightweight earbuds are built for peak performance [&hellip;]<\/p>","protected":false},"featured_media":1302,"comment_status":"open","ping_status":"closed","template":"","meta":[],"product_brand":[],"product_cat":[42,30],"product_tag":[],"class_list":{"0":"post-1324","1":"product","2":"type-product","3":"status-publish","4":"has-post-thumbnail","6":"product_cat-phone-accessories","7":"product_cat-technologies","9":"first","10":"instock","11":"shipping-taxable","12":"purchasable","13":"product-type-simple"},"_links":{"self":[{"href":"https:\/\/dgvgifts.com\/lt\/wp-json\/wp\/v2\/product\/1324","targetHints":{"allow":["GET"]}}],"collection":[{"href":"https:\/\/dgvgifts.com\/lt\/wp-json\/wp\/v2\/product"}],"about":[{"href":"https:\/\/dgvgifts.com\/lt\/wp-json\/wp\/v2\/types\/product"}],"replies":[{"embeddable":true,"href":"https:\/\/dgvgifts.com\/lt\/wp-json\/wp\/v2\/comments?post=1324"}],"version-history":[{"count":1,"href":"https:\/\/dgvgifts.com\/lt\/wp-json\/wp\/v2\/product\/1324\/revisions"}],"predecessor-version":[{"id":2915,"href":"https:\/\/dgvgifts.com\/lt\/wp-json\/wp\/v2\/product\/1324\/revisions\/2915"}],"wp:featuredmedia":[{"embeddable":true,"href":"https:\/\/dgvgifts.com\/lt\/wp-json\/wp\/v2\/media\/1302"}],"wp:attachment":[{"href":"https:\/\/dgvgifts.com\/lt\/wp-json\/wp\/v2\/media?parent=1324"}],"wp:term":[{"taxonomy":"product_brand","embeddable":true,"href":"https:\/\/dgvgifts.com\/lt\/wp-json\/wp\/v2\/product_brand?post=1324"},{"taxonomy":"product_cat","embeddable":true,"href":"https:\/\/dgvgifts.com\/lt\/wp-json\/wp\/v2\/product_cat?post=1324"},{"taxonomy":"product_tag","embeddable":true,"href":"https:\/\/dgvgifts.com\/lt\/wp-json\/wp\/v2\/product_tag?post=1324"}],"curies":[{"name":"wp","href":"https:\/\/api.w.org\/{rel}","templated":true}]}}