{"id":1346,"date":"2023-02-24T09:53:52","date_gmt":"2023-02-24T09:53:52","guid":{"rendered":"https:\/\/dgvgifts.com\/index.php\/product\/urban-vitamin-palm-springs-rcs-rplastic-enc-earbuds\/"},"modified":"2024-11-08T10:22:43","modified_gmt":"2024-11-08T10:22:43","slug":"urban-vitamin-palm-springs-rcs-rplastic-enc-earbuds","status":"publish","type":"product","link":"https:\/\/dgvgifts.com\/lt\/produktas\/urban-vitamin-palm-springs-rcs-rplastic-enc-earbuds\/","title":{"rendered":"Urban belaid\u0117s ausin\u0117s"},"content":{"rendered":"<p>Ausin\u0117s ir ne\u0161iojamasis \u012fkrovimo d\u0117klas suprojektuoti taip, kad juos b\u016bt\u0173 galima ne\u0161iotis, kad ir kur eitum\u0117te, ir lengvai tilpt\u0173 \u012f ki\u0161en\u0119. Vienu \u012fkrovimu galima klausytis muzikos iki 6 valand\u0173, o pakrovus \u012fkrovimo d\u0117kle - iki 20 valand\u0173. To u\u017eteks, kad gal\u0117tum\u0117te dirbti vis\u0105 dien\u0105! Gav\u0119 skambut\u012f tiesiog atsakykite \u012f j\u012f stereo garsu d\u0117l integruoto ENC mikrofono, kad skambu\u010dio kokyb\u0117 b\u016bt\u0173 nepriekai\u0161tinga. D\u0117l IPX 4 klas\u0117s ausin\u0117s yra atsparios oro s\u0105lygoms, tod\u0117l nesijaudinkite, jei norite jas pasiimti \u012f lauk\u0105. Ausin\u0117s ir \u012fkrovimo d\u0117klas pagaminti i\u0161 RCS (Recycled Claim Standard) sertifikuoto perdirbto ABS.  RCS sertifikatas u\u017etikrina visi\u0161kai sertifikuot\u0105 perdirbt\u0173 med\u017eiag\u0173 tiekimo grandin\u0119. \"Urban Vitamin\" gaminiai pagaminti be PVC ir supakuoti \u012f pakuotes, kurioms naudojama ma\u017eiau plastiko.<\/p>","protected":false},"excerpt":{"rendered":"<p>When you open the case and put in the earbuds, the sound hits you. The earbuds and portable charging case are designed to be able to carry no matter where you go and fit easily into your pocket. The comfortable earbuds have up to 6 hours of listening time and the charging case allows up [&hellip;]<\/p>","protected":false},"featured_media":1325,"comment_status":"open","ping_status":"closed","template":"","meta":[],"product_brand":[],"product_cat":[42,30],"product_tag":[],"class_list":{"0":"post-1346","1":"product","2":"type-product","3":"status-publish","4":"has-post-thumbnail","6":"product_cat-phone-accessories","7":"product_cat-technologies","9":"first","10":"instock","11":"shipping-taxable","12":"purchasable","13":"product-type-simple"},"_links":{"self":[{"href":"https:\/\/dgvgifts.com\/lt\/wp-json\/wp\/v2\/product\/1346","targetHints":{"allow":["GET"]}}],"collection":[{"href":"https:\/\/dgvgifts.com\/lt\/wp-json\/wp\/v2\/product"}],"about":[{"href":"https:\/\/dgvgifts.com\/lt\/wp-json\/wp\/v2\/types\/product"}],"replies":[{"embeddable":true,"href":"https:\/\/dgvgifts.com\/lt\/wp-json\/wp\/v2\/comments?post=1346"}],"version-history":[{"count":1,"href":"https:\/\/dgvgifts.com\/lt\/wp-json\/wp\/v2\/product\/1346\/revisions"}],"predecessor-version":[{"id":2914,"href":"https:\/\/dgvgifts.com\/lt\/wp-json\/wp\/v2\/product\/1346\/revisions\/2914"}],"wp:featuredmedia":[{"embeddable":true,"href":"https:\/\/dgvgifts.com\/lt\/wp-json\/wp\/v2\/media\/1325"}],"wp:attachment":[{"href":"https:\/\/dgvgifts.com\/lt\/wp-json\/wp\/v2\/media?parent=1346"}],"wp:term":[{"taxonomy":"product_brand","embeddable":true,"href":"https:\/\/dgvgifts.com\/lt\/wp-json\/wp\/v2\/product_brand?post=1346"},{"taxonomy":"product_cat","embeddable":true,"href":"https:\/\/dgvgifts.com\/lt\/wp-json\/wp\/v2\/product_cat?post=1346"},{"taxonomy":"product_tag","embeddable":true,"href":"https:\/\/dgvgifts.com\/lt\/wp-json\/wp\/v2\/product_tag?post=1346"}],"curies":[{"name":"wp","href":"https:\/\/api.w.org\/{rel}","templated":true}]}}