{"id":1358,"date":"2023-02-24T09:54:03","date_gmt":"2023-02-24T09:54:03","guid":{"rendered":"https:\/\/dgvgifts.com\/index.php\/product\/rcs-recycled-plastic-fsc-bamboo-tws-earbuds\/"},"modified":"2024-11-08T10:22:30","modified_gmt":"2024-11-08T10:22:30","slug":"rcs-recycled-plastic-fsc-bamboo-tws-earbuds","status":"publish","type":"product","link":"https:\/\/dgvgifts.com\/lt\/produktas\/rcs-recycled-plastic-fsc-bamboo-tws-earbuds\/","title":{"rendered":"Perdirbto plastiko ir bambuko ausin\u0117s"},"content":{"rendered":"<p>Naujos kartos FSC\u00ae 100 % bambuko  belaid\u0117s ausin\u0117s perdirbtame ABS \u012fkrovimo d\u0117kle. Ausin\u0117s ir \u012fkrovimo d\u0117klas pagaminti i\u0161 RCS (Recycled Claim Standard) sertifikuoto perdirbto platiko. Puikiai prigludusiuose ausinukuose yra 40 mAh akumuliatorius, o 400 mAh \u012fkrovimo d\u0117kle juos galima \u012fkrauti per 1 valand\u0105. Su automatinio susiejimo funkcija, tod\u0117l lengva susieti su mobiliuoju \u012frenginiu. Grojimo laikas vidutiniu garsumu apie 5 val. Su BT 5.3, kad ry\u0161ys b\u016bt\u0173 optimalus. Veikimo atstumas iki 10 metr\u0173. Su mikrofonu. Pridedami 3 dyd\u017ei\u0173 silikoniniai aus\u0173 antgaliai. Pridedama \u012fkrovimo laidas. Supakuota \u012f d\u0117\u017eut\u0119.<\/p>","protected":false},"excerpt":{"rendered":"<p>Next generation FSC\u00ae 100% Bamboo true wireless earbuds in RCS recycled ABS charging case. The earbuds and charging case are made with RCS (Recycled Claim Standard) certified recycled ABS. Total recycled content: 58% based on total item weight. RCS certification ensures a completely certified supply chain of the recycled materials. The perfectly fitting earbuds have [&hellip;]<\/p>","protected":false},"featured_media":1347,"comment_status":"open","ping_status":"closed","template":"","meta":[],"product_brand":[],"product_cat":[42,30],"product_tag":[],"class_list":{"0":"post-1358","1":"product","2":"type-product","3":"status-publish","4":"has-post-thumbnail","6":"product_cat-phone-accessories","7":"product_cat-technologies","9":"first","10":"instock","11":"shipping-taxable","12":"purchasable","13":"product-type-simple"},"_links":{"self":[{"href":"https:\/\/dgvgifts.com\/lt\/wp-json\/wp\/v2\/product\/1358","targetHints":{"allow":["GET"]}}],"collection":[{"href":"https:\/\/dgvgifts.com\/lt\/wp-json\/wp\/v2\/product"}],"about":[{"href":"https:\/\/dgvgifts.com\/lt\/wp-json\/wp\/v2\/types\/product"}],"replies":[{"embeddable":true,"href":"https:\/\/dgvgifts.com\/lt\/wp-json\/wp\/v2\/comments?post=1358"}],"version-history":[{"count":1,"href":"https:\/\/dgvgifts.com\/lt\/wp-json\/wp\/v2\/product\/1358\/revisions"}],"predecessor-version":[{"id":2913,"href":"https:\/\/dgvgifts.com\/lt\/wp-json\/wp\/v2\/product\/1358\/revisions\/2913"}],"wp:featuredmedia":[{"embeddable":true,"href":"https:\/\/dgvgifts.com\/lt\/wp-json\/wp\/v2\/media\/1347"}],"wp:attachment":[{"href":"https:\/\/dgvgifts.com\/lt\/wp-json\/wp\/v2\/media?parent=1358"}],"wp:term":[{"taxonomy":"product_brand","embeddable":true,"href":"https:\/\/dgvgifts.com\/lt\/wp-json\/wp\/v2\/product_brand?post=1358"},{"taxonomy":"product_cat","embeddable":true,"href":"https:\/\/dgvgifts.com\/lt\/wp-json\/wp\/v2\/product_cat?post=1358"},{"taxonomy":"product_tag","embeddable":true,"href":"https:\/\/dgvgifts.com\/lt\/wp-json\/wp\/v2\/product_tag?post=1358"}],"curies":[{"name":"wp","href":"https:\/\/api.w.org\/{rel}","templated":true}]}}