{"id":1376,"date":"2023-02-24T09:54:18","date_gmt":"2023-02-24T09:54:18","guid":{"rendered":"https:\/\/dgvgifts.com\/index.php\/product\/urban-vitamin-berkeley-ipx7-waterproof-10w-speaker\/"},"modified":"2024-11-08T10:22:12","modified_gmt":"2024-11-08T10:22:12","slug":"urban-vitamin-berkeley-ipx7-waterproof-10w-speaker","status":"publish","type":"product","link":"https:\/\/dgvgifts.com\/lt\/produktas\/urban-vitamin-berkeley-ipx7-waterproof-10w-speaker\/","title":{"rendered":"IPX7 vandeniui atsparus 10 W garsiakalbis"},"content":{"rendered":"<p>Pasiimkite garsiakalb\u012f visur, kur einate. Vaik\u0161tote papl\u016bdimyje? Puiku! Vakar\u0117lis prie baseino? Puiku!  Staigus lietus? Joki\u0173 r\u016bpes\u010di\u0173! J\u016bs\u0173 garsiakalbis atsparus vandeniui pagal IPX7 rodiklius, tai reik\u0161kia, kad galite patalpinti garsiakalb\u012f \u012f 1 metro gylio vandens telkin\u012f ir laikyti ne ilgiau kaip 30 minu\u010di\u0173, po visko jis veiks nepriekai\u0161tingai! Po sm\u0117l\u0117tos dienos papl\u016bdimyje tiesiog nuplaukite garsiakalb\u012f po vandeniu. 10 W galios garsiakalbis pasi\u017eymi masyviais \u017eemais da\u017eniais, kuriuos palaiko du \u017eem\u0173j\u0173 da\u017eni\u0173 garsiakalbiai abiejuose garsiakalbio galuose. Patvarios med\u017eiagos ir tvirtas korpusas u\u017etikrina garsiakalbio ilgaam\u017ei\u0161kum\u0105, atlaiko ir nestiprius sm\u016bgius.  M\u0117gaukit\u0117s iki 15 valand\u0173 grojimo laiku! Jei sulauksite skambu\u010dio, tiesiog atsakykite \u012f j\u012f naudodami integruot\u0105 mikrofon\u0105. \"Urban Vitamin\" gaminiai pagaminti be PVC ir supakuoti \u012f pakuotes, kuriose ma\u017eiau plastiko.<\/p>","protected":false},"excerpt":{"rendered":"<p>Bring your speaker wherever you go. Hanging out at the beach? Perfect! Party at the pool? Covered! Sudden rain? No worries! Your speaker is IPX7 waterproof up to 1 metre deep and max 30 minutes! After a sandy day at the beach simply rinse it off under the shower. The 10W speaker has a massive [&hellip;]<\/p>","protected":false},"featured_media":1359,"comment_status":"open","ping_status":"closed","template":"","meta":[],"product_brand":[],"product_cat":[43,30],"product_tag":[],"class_list":{"0":"post-1376","1":"product","2":"type-product","3":"status-publish","4":"has-post-thumbnail","6":"product_cat-portable-speakers","7":"product_cat-technologies","9":"first","10":"instock","11":"shipping-taxable","12":"purchasable","13":"product-type-simple"},"_links":{"self":[{"href":"https:\/\/dgvgifts.com\/lt\/wp-json\/wp\/v2\/product\/1376","targetHints":{"allow":["GET"]}}],"collection":[{"href":"https:\/\/dgvgifts.com\/lt\/wp-json\/wp\/v2\/product"}],"about":[{"href":"https:\/\/dgvgifts.com\/lt\/wp-json\/wp\/v2\/types\/product"}],"replies":[{"embeddable":true,"href":"https:\/\/dgvgifts.com\/lt\/wp-json\/wp\/v2\/comments?post=1376"}],"version-history":[{"count":1,"href":"https:\/\/dgvgifts.com\/lt\/wp-json\/wp\/v2\/product\/1376\/revisions"}],"predecessor-version":[{"id":2912,"href":"https:\/\/dgvgifts.com\/lt\/wp-json\/wp\/v2\/product\/1376\/revisions\/2912"}],"wp:featuredmedia":[{"embeddable":true,"href":"https:\/\/dgvgifts.com\/lt\/wp-json\/wp\/v2\/media\/1359"}],"wp:attachment":[{"href":"https:\/\/dgvgifts.com\/lt\/wp-json\/wp\/v2\/media?parent=1376"}],"wp:term":[{"taxonomy":"product_brand","embeddable":true,"href":"https:\/\/dgvgifts.com\/lt\/wp-json\/wp\/v2\/product_brand?post=1376"},{"taxonomy":"product_cat","embeddable":true,"href":"https:\/\/dgvgifts.com\/lt\/wp-json\/wp\/v2\/product_cat?post=1376"},{"taxonomy":"product_tag","embeddable":true,"href":"https:\/\/dgvgifts.com\/lt\/wp-json\/wp\/v2\/product_tag?post=1376"}],"curies":[{"name":"wp","href":"https:\/\/api.w.org\/{rel}","templated":true}]}}