{"id":1397,"date":"2023-02-24T09:54:37","date_gmt":"2023-02-24T09:54:37","guid":{"rendered":"https:\/\/dgvgifts.com\/index.php\/product\/urban-vitamin-hayward-ipx7-waterproof-5w-speaker\/"},"modified":"2024-11-08T10:22:01","modified_gmt":"2024-11-08T10:22:01","slug":"urban-vitamin-hayward-ipx7-waterproof-5w-speaker","status":"publish","type":"product","link":"https:\/\/dgvgifts.com\/lt\/produktas\/urban-vitamin-hayward-ipx7-waterproof-5w-speaker\/","title":{"rendered":"Urban IPX7 vandeniui atsparus 5 W garsiakalbis"},"content":{"rendered":"<p>Pasiimkite \u0161\u012f kompakti\u0161k\u0105, bet galing\u0105 garsiakalb\u012f, kad ir kur eitum\u0117te. Vaik\u0161tote papl\u016bdimyje? Vakar\u0117lis prie baseino?  Staigus lietus? Joki\u0173 r\u016bpes\u010di\u0173! J\u016bs\u0173 garsiakalbis atsparus vandeniui pagal IPX7 standartus, patalpintas iki 1 metro gylio vandenyje ir ne ilgiau kaip 30 minu\u010di\u0173, i\u0161traukus veiks nepriekai\u0161tingai.  Po sm\u0117l\u0117tos dienos papl\u016bdimyje tiesiog nuplaukite j\u0105 po vanddeniu. Garsiakalbis turi sagt\u012f, kad gal\u0117tum\u0117te j\u012f ne\u0161ioti ant kuprin\u0117s arba naudoti kaip garsiakalbio stov\u0105. \u012esp\u016bdingos talpos akumuliatoriaus pakaks iki 24 valand\u0173. Jei sulauksite skambu\u010dio, tiesiog atsakykite \u012f j\u012f naudodami integruot\u0105 mikrofon\u0105. Urban Vitamin gaminiai pagaminti be PVC ir pakuotes, kuriose naudojama ma\u017eiau plastiko.<\/p>","protected":false},"excerpt":{"rendered":"<p>Bring this compact but powerful speaker wherever you go. Hanging out on the beach? Perfect! Party at the pool? Covered! Sudden rain? No worries! Your speaker is IPX7 waterproof up to 1 metre deep and max 30 minutes! After a sandy day at the beach simply rinse it off under the shower. The speaker comes [&hellip;]<\/p>","protected":false},"featured_media":1377,"comment_status":"open","ping_status":"closed","template":"","meta":[],"product_brand":[],"product_cat":[43,30],"product_tag":[],"class_list":{"0":"post-1397","1":"product","2":"type-product","3":"status-publish","4":"has-post-thumbnail","6":"product_cat-portable-speakers","7":"product_cat-technologies","9":"first","10":"instock","11":"shipping-taxable","12":"purchasable","13":"product-type-simple"},"_links":{"self":[{"href":"https:\/\/dgvgifts.com\/lt\/wp-json\/wp\/v2\/product\/1397","targetHints":{"allow":["GET"]}}],"collection":[{"href":"https:\/\/dgvgifts.com\/lt\/wp-json\/wp\/v2\/product"}],"about":[{"href":"https:\/\/dgvgifts.com\/lt\/wp-json\/wp\/v2\/types\/product"}],"replies":[{"embeddable":true,"href":"https:\/\/dgvgifts.com\/lt\/wp-json\/wp\/v2\/comments?post=1397"}],"version-history":[{"count":1,"href":"https:\/\/dgvgifts.com\/lt\/wp-json\/wp\/v2\/product\/1397\/revisions"}],"predecessor-version":[{"id":2911,"href":"https:\/\/dgvgifts.com\/lt\/wp-json\/wp\/v2\/product\/1397\/revisions\/2911"}],"wp:featuredmedia":[{"embeddable":true,"href":"https:\/\/dgvgifts.com\/lt\/wp-json\/wp\/v2\/media\/1377"}],"wp:attachment":[{"href":"https:\/\/dgvgifts.com\/lt\/wp-json\/wp\/v2\/media?parent=1397"}],"wp:term":[{"taxonomy":"product_brand","embeddable":true,"href":"https:\/\/dgvgifts.com\/lt\/wp-json\/wp\/v2\/product_brand?post=1397"},{"taxonomy":"product_cat","embeddable":true,"href":"https:\/\/dgvgifts.com\/lt\/wp-json\/wp\/v2\/product_cat?post=1397"},{"taxonomy":"product_tag","embeddable":true,"href":"https:\/\/dgvgifts.com\/lt\/wp-json\/wp\/v2\/product_tag?post=1397"}],"curies":[{"name":"wp","href":"https:\/\/api.w.org\/{rel}","templated":true}]}}