{"id":1409,"date":"2023-02-24T09:54:47","date_gmt":"2023-02-24T09:54:47","guid":{"rendered":"https:\/\/dgvgifts.com\/index.php\/product\/rcs-rplastic-pet-fscbamboo-5w-speaker\/"},"modified":"2024-11-08T10:21:48","modified_gmt":"2024-11-08T10:21:48","slug":"rcs-rplastic-pet-fscbamboo-5w-speaker","status":"publish","type":"product","link":"https:\/\/dgvgifts.com\/lt\/produktas\/rcs-rplastic-pet-fscbamboo-5w-speaker\/","title":{"rendered":"Bambukinis 5W garsiakalbis"},"content":{"rendered":"<p>5 W belaidis garsiakalbis, \u0161varus leid\u017eiamas garsas. Pagaminta i\u0161 FSC\u00ae 100 % bambuko, RCS (Recycled Claim Standard) sertifikuoto perdirbto ABS ir PET.  Garsiakalbyje integruota 1200 mAh baterija, u\u017etikrinanti iki 6 valand\u0173 grojimo laik\u0105,  BT5.3 u\u017etikrina skland\u0173 ry\u0161\u012f ir ai\u0161k\u0173 gars\u0105. Ry\u0161io atstumas iki 10 metr\u0173. Su mikrofonu, kad gal\u0117tum\u0117te atsiliepti \u012f skambu\u010dius. Supakuota kraft d\u0117\u017eut\u0119. Pridedamas  perdirbtas  \u012fkrovimo laidas. Garsiakalbis ir jo priedai pagamnti nenaudojant plastiko.<\/p>","protected":false},"excerpt":{"rendered":"<p>5W wireless speaker with crystal clear sound. Made with FSC\u00ae 100% bamboo, RCS (Recycled Claim Standard) certified recycled ABS and PET. Total recycled content: 51% based on total item weight. RCS certification ensures a completely certified supply chain of the recycled materials.The speaker is equipped with a 1200 mAh battery to ensure up to 6 [&hellip;]<\/p>","protected":false},"featured_media":1398,"comment_status":"open","ping_status":"closed","template":"","meta":[],"product_brand":[],"product_cat":[43,30],"product_tag":[],"class_list":{"0":"post-1409","1":"product","2":"type-product","3":"status-publish","4":"has-post-thumbnail","6":"product_cat-portable-speakers","7":"product_cat-technologies","9":"first","10":"instock","11":"shipping-taxable","12":"purchasable","13":"product-type-simple"},"_links":{"self":[{"href":"https:\/\/dgvgifts.com\/lt\/wp-json\/wp\/v2\/product\/1409","targetHints":{"allow":["GET"]}}],"collection":[{"href":"https:\/\/dgvgifts.com\/lt\/wp-json\/wp\/v2\/product"}],"about":[{"href":"https:\/\/dgvgifts.com\/lt\/wp-json\/wp\/v2\/types\/product"}],"replies":[{"embeddable":true,"href":"https:\/\/dgvgifts.com\/lt\/wp-json\/wp\/v2\/comments?post=1409"}],"version-history":[{"count":1,"href":"https:\/\/dgvgifts.com\/lt\/wp-json\/wp\/v2\/product\/1409\/revisions"}],"predecessor-version":[{"id":2910,"href":"https:\/\/dgvgifts.com\/lt\/wp-json\/wp\/v2\/product\/1409\/revisions\/2910"}],"wp:featuredmedia":[{"embeddable":true,"href":"https:\/\/dgvgifts.com\/lt\/wp-json\/wp\/v2\/media\/1398"}],"wp:attachment":[{"href":"https:\/\/dgvgifts.com\/lt\/wp-json\/wp\/v2\/media?parent=1409"}],"wp:term":[{"taxonomy":"product_brand","embeddable":true,"href":"https:\/\/dgvgifts.com\/lt\/wp-json\/wp\/v2\/product_brand?post=1409"},{"taxonomy":"product_cat","embeddable":true,"href":"https:\/\/dgvgifts.com\/lt\/wp-json\/wp\/v2\/product_cat?post=1409"},{"taxonomy":"product_tag","embeddable":true,"href":"https:\/\/dgvgifts.com\/lt\/wp-json\/wp\/v2\/product_tag?post=1409"}],"curies":[{"name":"wp","href":"https:\/\/api.w.org\/{rel}","templated":true}]}}