{"id":1418,"date":"2023-02-24T09:54:55","date_gmt":"2023-02-24T09:54:55","guid":{"rendered":"https:\/\/dgvgifts.com\/index.php\/product\/fsc-cork-3w-wireless-speaker\/"},"modified":"2024-11-08T10:21:37","modified_gmt":"2024-11-08T10:21:37","slug":"fsc-cork-3w-wireless-speaker","status":"publish","type":"product","link":"https:\/\/dgvgifts.com\/lt\/produktas\/fsc-cork-3w-wireless-speaker\/","title":{"rendered":"Kam\u0161tinis 3W belaidis garsiakalbis"},"content":{"rendered":"<p>3 W belaidis garsiakalbis pagamintas  kam\u0161tinio korpuso. Garsiakalbyje yra 400 mAh baterija, u\u017etikrinanti iki 3 valand\u0173 grojimo laik\u0105, u\u017etikrinantas sklandus ry\u0161ys ir ai\u0161kus garsas. \u012ejungtas garsiakalbis turi integruot\u0105 lemput\u0119. Ry\u0161io atstumas iki 10 metr\u0173. Su mikrofonu ir atsiliepimo \u012f skambu\u010dius funkcija. Supakuota \u012f d\u0117\u017eut\u0119. Pridedamas pakrovimo laidas. Garsiakalbis pagamintas nenaudojant plastiko.<\/p>","protected":false},"excerpt":{"rendered":"<p>3W wireless speaker made with FSC\u00ae 100% cork casing. The speaker is equipped with a 400 mAh battery to ensure up to 3 hours of playing time and BT5.1 for smooth connection and clear sound. The speaker has an integrated light when switched on. Connection range up to 10 metres. With mic and pick up [&hellip;]<\/p>","protected":false},"featured_media":1410,"comment_status":"open","ping_status":"closed","template":"","meta":[],"product_brand":[],"product_cat":[43,30],"product_tag":[],"class_list":{"0":"post-1418","1":"product","2":"type-product","3":"status-publish","4":"has-post-thumbnail","6":"product_cat-portable-speakers","7":"product_cat-technologies","9":"first","10":"instock","11":"shipping-taxable","12":"purchasable","13":"product-type-simple"},"_links":{"self":[{"href":"https:\/\/dgvgifts.com\/lt\/wp-json\/wp\/v2\/product\/1418","targetHints":{"allow":["GET"]}}],"collection":[{"href":"https:\/\/dgvgifts.com\/lt\/wp-json\/wp\/v2\/product"}],"about":[{"href":"https:\/\/dgvgifts.com\/lt\/wp-json\/wp\/v2\/types\/product"}],"replies":[{"embeddable":true,"href":"https:\/\/dgvgifts.com\/lt\/wp-json\/wp\/v2\/comments?post=1418"}],"version-history":[{"count":1,"href":"https:\/\/dgvgifts.com\/lt\/wp-json\/wp\/v2\/product\/1418\/revisions"}],"predecessor-version":[{"id":2909,"href":"https:\/\/dgvgifts.com\/lt\/wp-json\/wp\/v2\/product\/1418\/revisions\/2909"}],"wp:featuredmedia":[{"embeddable":true,"href":"https:\/\/dgvgifts.com\/lt\/wp-json\/wp\/v2\/media\/1410"}],"wp:attachment":[{"href":"https:\/\/dgvgifts.com\/lt\/wp-json\/wp\/v2\/media?parent=1418"}],"wp:term":[{"taxonomy":"product_brand","embeddable":true,"href":"https:\/\/dgvgifts.com\/lt\/wp-json\/wp\/v2\/product_brand?post=1418"},{"taxonomy":"product_cat","embeddable":true,"href":"https:\/\/dgvgifts.com\/lt\/wp-json\/wp\/v2\/product_cat?post=1418"},{"taxonomy":"product_tag","embeddable":true,"href":"https:\/\/dgvgifts.com\/lt\/wp-json\/wp\/v2\/product_tag?post=1418"}],"curies":[{"name":"wp","href":"https:\/\/api.w.org\/{rel}","templated":true}]}}