{"id":1431,"date":"2023-02-24T09:55:05","date_gmt":"2023-02-24T09:55:05","guid":{"rendered":"https:\/\/dgvgifts.com\/index.php\/product\/nemus-fsc-luxury-wooden-knife-with-lock\/"},"modified":"2024-11-08T10:21:25","modified_gmt":"2024-11-08T10:21:25","slug":"nemus-fsc-luxury-wooden-knife-with-lock","status":"publish","type":"product","link":"https:\/\/dgvgifts.com\/lt\/produktas\/nemus-fsc-luxury-wooden-knife-with-lock\/","title":{"rendered":"\"Nemus FSC\u00ae Luxury\" medinis peilis su u\u017eraktu"},"content":{"rendered":"<p>Prabangaus dizaino sulankstomas peilis su auk\u0161tos kokyb\u0117s juodo ner\u016bdijan\u010dio plieno (420) gele\u017ete. Peilis turi integruot\u0105 u\u017erakt\u0105 ir spaustuk\u0105 nugar\u0117l\u0117je. Gele\u017et\u0117 saugi maistui. Kietumas pagal Rokvelo skal\u0119 40-45. Supakuotas \u012f d\u0117\u017eut\u0119. Registruotas dizainas\u00ae<\/p>","protected":false},"excerpt":{"rendered":"<p>Prabangaus dizaino sulankstomas peilis su auk\u0161tos kokyb\u0117s juodo ner\u016bdijan\u010dio plieno (420) gele\u017ete. Peilis turi integruot\u0105 u\u017erakt\u0105 ir spaustuk\u0105 nugar\u0117l\u0117je. Gele\u017et\u0117 saugi maistui. Kietumas pagal Rokvelo skal\u0119 40-45. Supakuotas \u012f d\u0117\u017eut\u0119. Registruotas dizainas\u00ae<\/p>","protected":false},"featured_media":1419,"comment_status":"open","ping_status":"closed","template":"","meta":[],"product_brand":[],"product_cat":[66,37],"product_tag":[],"class_list":{"0":"post-1431","1":"product","2":"type-product","3":"status-publish","4":"has-post-thumbnail","6":"product_cat-irankiai-ir-zibintuveliai","7":"product_cat-namams","9":"first","10":"instock","11":"shipping-taxable","12":"purchasable","13":"product-type-simple"},"_links":{"self":[{"href":"https:\/\/dgvgifts.com\/lt\/wp-json\/wp\/v2\/product\/1431","targetHints":{"allow":["GET"]}}],"collection":[{"href":"https:\/\/dgvgifts.com\/lt\/wp-json\/wp\/v2\/product"}],"about":[{"href":"https:\/\/dgvgifts.com\/lt\/wp-json\/wp\/v2\/types\/product"}],"replies":[{"embeddable":true,"href":"https:\/\/dgvgifts.com\/lt\/wp-json\/wp\/v2\/comments?post=1431"}],"version-history":[{"count":1,"href":"https:\/\/dgvgifts.com\/lt\/wp-json\/wp\/v2\/product\/1431\/revisions"}],"predecessor-version":[{"id":2908,"href":"https:\/\/dgvgifts.com\/lt\/wp-json\/wp\/v2\/product\/1431\/revisions\/2908"}],"wp:featuredmedia":[{"embeddable":true,"href":"https:\/\/dgvgifts.com\/lt\/wp-json\/wp\/v2\/media\/1419"}],"wp:attachment":[{"href":"https:\/\/dgvgifts.com\/lt\/wp-json\/wp\/v2\/media?parent=1431"}],"wp:term":[{"taxonomy":"product_brand","embeddable":true,"href":"https:\/\/dgvgifts.com\/lt\/wp-json\/wp\/v2\/product_brand?post=1431"},{"taxonomy":"product_cat","embeddable":true,"href":"https:\/\/dgvgifts.com\/lt\/wp-json\/wp\/v2\/product_cat?post=1431"},{"taxonomy":"product_tag","embeddable":true,"href":"https:\/\/dgvgifts.com\/lt\/wp-json\/wp\/v2\/product_tag?post=1431"}],"curies":[{"name":"wp","href":"https:\/\/api.w.org\/{rel}","templated":true}]}}