{"id":1448,"date":"2023-02-24T09:55:20","date_gmt":"2023-02-24T09:55:20","guid":{"rendered":"https:\/\/dgvgifts.com\/index.php\/product\/ukiyo-cast-iron-pan-medium\/"},"modified":"2024-11-08T10:21:08","modified_gmt":"2024-11-08T10:21:08","slug":"ukiyo-cast-iron-pan-medium","status":"publish","type":"product","link":"https:\/\/dgvgifts.com\/lt\/produktas\/ukiyo-cast-iron-pan-medium\/","title":{"rendered":"Ukiyo ketaus keptuv\u0117"},"content":{"rendered":"<p>Ukiyo emaliuota ketaus keptuv\u0117 yra tikra kulinarinis pagalbininkas.  Puikiai tinka tro\u0161kiniams, kepsniams ir sriuboms! Tai keptuv\u0117, kurioje pagaminsite daug skirting\u0173 patiekal\u0173. Kataus keptuv\u0117 i\u0161laiko \u0161ilum\u0105, tod\u0117l maistas tolygiai i\u0161kepa ir paskrunda. Palikus maist\u0105 \u0161ioje keptuveje, maistas ilgiau i\u0161lieka kar\u0161tas.  Tinka naudoti orkait\u0117je, kaitlent\u0117je, indukcin\u0117je kaitlent\u0117je arba grilyje. 2,8 l talpos. Skersmuo 23 cm. Supakuota kraftin\u0117je d\u0117\u017eut\u0117je.<\/p>","protected":false},"excerpt":{"rendered":"<p>The Ukiyo enameled cast-iron pan is a true culinary powerhouse. Perfectly designed for stews, roasts and soups! This is the only pan you need for great meals. The cast iron construction retains heat, allowing food to bake and brown evenly. Your culinary creations will also stay warm longer at the table. Suitable for the oven, [&hellip;]<\/p>","protected":false},"featured_media":1432,"comment_status":"open","ping_status":"closed","template":"","meta":[],"product_brand":[],"product_cat":[67,37],"product_tag":[],"class_list":{"0":"post-1448","1":"product","2":"type-product","3":"status-publish","4":"has-post-thumbnail","6":"product_cat-virtuves-reikmenys","7":"product_cat-namams","9":"first","10":"instock","11":"shipping-taxable","12":"purchasable","13":"product-type-simple"},"_links":{"self":[{"href":"https:\/\/dgvgifts.com\/lt\/wp-json\/wp\/v2\/product\/1448","targetHints":{"allow":["GET"]}}],"collection":[{"href":"https:\/\/dgvgifts.com\/lt\/wp-json\/wp\/v2\/product"}],"about":[{"href":"https:\/\/dgvgifts.com\/lt\/wp-json\/wp\/v2\/types\/product"}],"replies":[{"embeddable":true,"href":"https:\/\/dgvgifts.com\/lt\/wp-json\/wp\/v2\/comments?post=1448"}],"version-history":[{"count":1,"href":"https:\/\/dgvgifts.com\/lt\/wp-json\/wp\/v2\/product\/1448\/revisions"}],"predecessor-version":[{"id":2907,"href":"https:\/\/dgvgifts.com\/lt\/wp-json\/wp\/v2\/product\/1448\/revisions\/2907"}],"wp:featuredmedia":[{"embeddable":true,"href":"https:\/\/dgvgifts.com\/lt\/wp-json\/wp\/v2\/media\/1432"}],"wp:attachment":[{"href":"https:\/\/dgvgifts.com\/lt\/wp-json\/wp\/v2\/media?parent=1448"}],"wp:term":[{"taxonomy":"product_brand","embeddable":true,"href":"https:\/\/dgvgifts.com\/lt\/wp-json\/wp\/v2\/product_brand?post=1448"},{"taxonomy":"product_cat","embeddable":true,"href":"https:\/\/dgvgifts.com\/lt\/wp-json\/wp\/v2\/product_cat?post=1448"},{"taxonomy":"product_tag","embeddable":true,"href":"https:\/\/dgvgifts.com\/lt\/wp-json\/wp\/v2\/product_tag?post=1448"}],"curies":[{"name":"wp","href":"https:\/\/api.w.org\/{rel}","templated":true}]}}