{"id":1460,"date":"2023-02-24T09:55:32","date_gmt":"2023-02-24T09:55:32","guid":{"rendered":"https:\/\/dgvgifts.com\/index.php\/product\/bamboo-tumbler\/"},"modified":"2024-11-08T10:20:55","modified_gmt":"2024-11-08T10:20:55","slug":"bamboo-tumbler","status":"publish","type":"product","link":"https:\/\/dgvgifts.com\/lt\/produktas\/bamboo-tumbler\/","title":{"rendered":"Bambukinis kavos puodelis"},"content":{"rendered":"<p>Puodelis pagamintas i\u0161 bambuko ir nerudijan\u010dio plieno. I\u0161laiko g\u0117rimus kar\u0161tus iki 3 val. ir \u0161altus iki 6 val. Pritaikytas automobilio laikikliams.  Talpa: 450 ml.<\/p>","protected":false},"excerpt":{"rendered":"<p>Puodelis pagamintas i\u0161 bambuko ir nerudijan\u010dio plieno. I\u0161laiko g\u0117rimus kar\u0161tus iki 3 val. ir \u0161altus iki 6 val. Pritaikytas automobilio laikikliams.  Talpa: 450 ml.<\/p>","protected":false},"featured_media":1449,"comment_status":"open","ping_status":"closed","template":"","meta":[],"product_brand":[],"product_cat":[49,27,28],"product_tag":[],"class_list":{"0":"post-1460","1":"product","2":"type-product","3":"status-publish","4":"has-post-thumbnail","6":"product_cat-thermal-cups","7":"product_cat-eco-friendly","8":"product_cat-water-flasks-and-mugs","10":"first","11":"instock","12":"shipping-taxable","13":"purchasable","14":"product-type-simple"},"_links":{"self":[{"href":"https:\/\/dgvgifts.com\/lt\/wp-json\/wp\/v2\/product\/1460","targetHints":{"allow":["GET"]}}],"collection":[{"href":"https:\/\/dgvgifts.com\/lt\/wp-json\/wp\/v2\/product"}],"about":[{"href":"https:\/\/dgvgifts.com\/lt\/wp-json\/wp\/v2\/types\/product"}],"replies":[{"embeddable":true,"href":"https:\/\/dgvgifts.com\/lt\/wp-json\/wp\/v2\/comments?post=1460"}],"version-history":[{"count":1,"href":"https:\/\/dgvgifts.com\/lt\/wp-json\/wp\/v2\/product\/1460\/revisions"}],"predecessor-version":[{"id":2906,"href":"https:\/\/dgvgifts.com\/lt\/wp-json\/wp\/v2\/product\/1460\/revisions\/2906"}],"wp:featuredmedia":[{"embeddable":true,"href":"https:\/\/dgvgifts.com\/lt\/wp-json\/wp\/v2\/media\/1449"}],"wp:attachment":[{"href":"https:\/\/dgvgifts.com\/lt\/wp-json\/wp\/v2\/media?parent=1460"}],"wp:term":[{"taxonomy":"product_brand","embeddable":true,"href":"https:\/\/dgvgifts.com\/lt\/wp-json\/wp\/v2\/product_brand?post=1460"},{"taxonomy":"product_cat","embeddable":true,"href":"https:\/\/dgvgifts.com\/lt\/wp-json\/wp\/v2\/product_cat?post=1460"},{"taxonomy":"product_tag","embeddable":true,"href":"https:\/\/dgvgifts.com\/lt\/wp-json\/wp\/v2\/product_tag?post=1460"}],"curies":[{"name":"wp","href":"https:\/\/api.w.org\/{rel}","templated":true}]}}