{"id":1472,"date":"2023-02-24T09:55:41","date_gmt":"2023-02-24T09:55:41","guid":{"rendered":"https:\/\/dgvgifts.com\/index.php\/product\/bamboo-coffee-to-go-tumbler\/"},"modified":"2024-11-08T10:20:46","modified_gmt":"2024-11-08T10:20:46","slug":"bamboo-coffee-to-go-tumbler","status":"publish","type":"product","link":"https:\/\/dgvgifts.com\/lt\/produktas\/bamboo-coffee-to-go-tumbler\/","title":{"rendered":"Bambukinis kavos puodelis"},"content":{"rendered":"<p>\u0160is unikalaus dizaino kavos puodelis, pagamintas nerudijan\u010dio plieno ir bambuko - nepaliks abejing\u0173. Idealus dydis, tinkantis daugumai kavos aparat\u0173. G\u0117rimus kar\u0161tus i\u0161laiko iki 3 val. ir \u0161altus iki 6 val. Talpa: 270 ml.<\/p>","protected":false},"excerpt":{"rendered":"<p>\u0160is unikalaus dizaino kavos puodelis, pagamintas nerudijan\u010dio plieno ir bambuko - nepaliks abejing\u0173. Idealus dydis, tinkantis daugumai kavos aparat\u0173. G\u0117rimus kar\u0161tus i\u0161laiko iki 3 val. ir \u0161altus iki 6 val. Talpa: 270 ml.<\/p>","protected":false},"featured_media":1461,"comment_status":"open","ping_status":"closed","template":"","meta":[],"product_brand":[],"product_cat":[49,27,28],"product_tag":[],"class_list":{"0":"post-1472","1":"product","2":"type-product","3":"status-publish","4":"has-post-thumbnail","6":"product_cat-thermal-cups","7":"product_cat-eco-friendly","8":"product_cat-water-flasks-and-mugs","10":"first","11":"instock","12":"shipping-taxable","13":"purchasable","14":"product-type-simple"},"_links":{"self":[{"href":"https:\/\/dgvgifts.com\/lt\/wp-json\/wp\/v2\/product\/1472","targetHints":{"allow":["GET"]}}],"collection":[{"href":"https:\/\/dgvgifts.com\/lt\/wp-json\/wp\/v2\/product"}],"about":[{"href":"https:\/\/dgvgifts.com\/lt\/wp-json\/wp\/v2\/types\/product"}],"replies":[{"embeddable":true,"href":"https:\/\/dgvgifts.com\/lt\/wp-json\/wp\/v2\/comments?post=1472"}],"version-history":[{"count":1,"href":"https:\/\/dgvgifts.com\/lt\/wp-json\/wp\/v2\/product\/1472\/revisions"}],"predecessor-version":[{"id":2905,"href":"https:\/\/dgvgifts.com\/lt\/wp-json\/wp\/v2\/product\/1472\/revisions\/2905"}],"wp:featuredmedia":[{"embeddable":true,"href":"https:\/\/dgvgifts.com\/lt\/wp-json\/wp\/v2\/media\/1461"}],"wp:attachment":[{"href":"https:\/\/dgvgifts.com\/lt\/wp-json\/wp\/v2\/media?parent=1472"}],"wp:term":[{"taxonomy":"product_brand","embeddable":true,"href":"https:\/\/dgvgifts.com\/lt\/wp-json\/wp\/v2\/product_brand?post=1472"},{"taxonomy":"product_cat","embeddable":true,"href":"https:\/\/dgvgifts.com\/lt\/wp-json\/wp\/v2\/product_cat?post=1472"},{"taxonomy":"product_tag","embeddable":true,"href":"https:\/\/dgvgifts.com\/lt\/wp-json\/wp\/v2\/product_tag?post=1472"}],"curies":[{"name":"wp","href":"https:\/\/api.w.org\/{rel}","templated":true}]}}