{"id":1481,"date":"2023-02-24T09:55:50","date_gmt":"2023-02-24T09:55:50","guid":{"rendered":"https:\/\/dgvgifts.com\/index.php\/product\/ukiyo-4pcs-drinkware-set\/"},"modified":"2024-11-08T10:20:32","modified_gmt":"2024-11-08T10:20:32","slug":"ukiyo-4pcs-drinkware-set","status":"publish","type":"product","link":"https:\/\/dgvgifts.com\/lt\/produktas\/ukiyo-4pcs-drinkware-set\/","title":{"rendered":"Ukiyo 4 vnt. puodeli\u0173 rinkinys"},"content":{"rendered":"<p>\u0160is Ukiyo 4 vnt. keramini\u0173 puodeli\u0173 rinkinys suteiks jaukumo J\u016bs\u0173 stalui. Baltas keramikos dizainas su juodai dekoruotais apvadais. Supakuota kraftin\u0117je dovan\u0173 d\u0117\u017eut\u0117je. Talpa 120 ml.<\/p>","protected":false},"excerpt":{"rendered":"<p>\u0160is Ukiyo 4 vnt. keramini\u0173 puodeli\u0173 rinkinys suteiks jaukumo J\u016bs\u0173 stalui. Baltas keramikos dizainas su juodai dekoruotais apvadais. Supakuota kraftin\u0117je dovan\u0173 d\u0117\u017eut\u0117je. Talpa 120 ml.<\/p>","protected":false},"featured_media":1473,"comment_status":"open","ping_status":"closed","template":"","meta":[],"product_brand":[],"product_cat":[48,28],"product_tag":[],"class_list":{"0":"post-1481","1":"product","2":"type-product","3":"status-publish","4":"has-post-thumbnail","6":"product_cat-mugs","7":"product_cat-water-flasks-and-mugs","9":"first","10":"instock","11":"shipping-taxable","12":"purchasable","13":"product-type-simple"},"_links":{"self":[{"href":"https:\/\/dgvgifts.com\/lt\/wp-json\/wp\/v2\/product\/1481","targetHints":{"allow":["GET"]}}],"collection":[{"href":"https:\/\/dgvgifts.com\/lt\/wp-json\/wp\/v2\/product"}],"about":[{"href":"https:\/\/dgvgifts.com\/lt\/wp-json\/wp\/v2\/types\/product"}],"replies":[{"embeddable":true,"href":"https:\/\/dgvgifts.com\/lt\/wp-json\/wp\/v2\/comments?post=1481"}],"version-history":[{"count":1,"href":"https:\/\/dgvgifts.com\/lt\/wp-json\/wp\/v2\/product\/1481\/revisions"}],"predecessor-version":[{"id":2904,"href":"https:\/\/dgvgifts.com\/lt\/wp-json\/wp\/v2\/product\/1481\/revisions\/2904"}],"wp:featuredmedia":[{"embeddable":true,"href":"https:\/\/dgvgifts.com\/lt\/wp-json\/wp\/v2\/media\/1473"}],"wp:attachment":[{"href":"https:\/\/dgvgifts.com\/lt\/wp-json\/wp\/v2\/media?parent=1481"}],"wp:term":[{"taxonomy":"product_brand","embeddable":true,"href":"https:\/\/dgvgifts.com\/lt\/wp-json\/wp\/v2\/product_brand?post=1481"},{"taxonomy":"product_cat","embeddable":true,"href":"https:\/\/dgvgifts.com\/lt\/wp-json\/wp\/v2\/product_cat?post=1481"},{"taxonomy":"product_tag","embeddable":true,"href":"https:\/\/dgvgifts.com\/lt\/wp-json\/wp\/v2\/product_tag?post=1481"}],"curies":[{"name":"wp","href":"https:\/\/api.w.org\/{rel}","templated":true}]}}