{"id":1492,"date":"2023-02-24T09:56:00","date_gmt":"2023-02-24T09:56:00","guid":{"rendered":"https:\/\/dgvgifts.com\/index.php\/product\/ukiyo-borosilicate-glass-with-silicone-lid-and-sleeve\/"},"modified":"2024-11-08T10:19:45","modified_gmt":"2024-11-08T10:19:45","slug":"ukiyo-borosilicate-glass-with-silicone-lid-and-sleeve","status":"publish","type":"product","link":"https:\/\/dgvgifts.com\/lt\/produktas\/ukiyo-borosilicate-glass-with-silicone-lid-and-sleeve\/","title":{"rendered":"Ukiyo stiklin\u0117 su silikoniniu dangteliu ir \u012fmaute"},"content":{"rendered":"<p>M\u0117gaukit\u0117s kava darbe ar namuose i\u0161 \u0161io Ukiyo stiklinio puodelio su silikoniniu dangteliu ir \u012fmaute. Puikiai tinka kavos aparatams. Puodelis maloniai priglunda prie rankos, ne\u0161ant kar\u0161t\u0105 g\u0117rima, rankai nekar\u0161ta. Be BPA. Talpa 360 ml.<\/p>","protected":false},"excerpt":{"rendered":"<p>Enjoy your coffee at work or at home in this Ukiyo borosilicate glass with silicone lid and sleeve. The cup has a nice grip and a slim shape. A small vent in the lid allows steam to escape to prevent pressure build-up. BPA free. Capacity 360ml.<\/p>","protected":false},"featured_media":1482,"comment_status":"open","ping_status":"closed","template":"","meta":[],"product_brand":[],"product_cat":[48,28],"product_tag":[],"class_list":{"0":"post-1492","1":"product","2":"type-product","3":"status-publish","4":"has-post-thumbnail","6":"product_cat-mugs","7":"product_cat-water-flasks-and-mugs","9":"first","10":"instock","11":"shipping-taxable","12":"purchasable","13":"product-type-simple"},"_links":{"self":[{"href":"https:\/\/dgvgifts.com\/lt\/wp-json\/wp\/v2\/product\/1492","targetHints":{"allow":["GET"]}}],"collection":[{"href":"https:\/\/dgvgifts.com\/lt\/wp-json\/wp\/v2\/product"}],"about":[{"href":"https:\/\/dgvgifts.com\/lt\/wp-json\/wp\/v2\/types\/product"}],"replies":[{"embeddable":true,"href":"https:\/\/dgvgifts.com\/lt\/wp-json\/wp\/v2\/comments?post=1492"}],"version-history":[{"count":1,"href":"https:\/\/dgvgifts.com\/lt\/wp-json\/wp\/v2\/product\/1492\/revisions"}],"predecessor-version":[{"id":2903,"href":"https:\/\/dgvgifts.com\/lt\/wp-json\/wp\/v2\/product\/1492\/revisions\/2903"}],"wp:featuredmedia":[{"embeddable":true,"href":"https:\/\/dgvgifts.com\/lt\/wp-json\/wp\/v2\/media\/1482"}],"wp:attachment":[{"href":"https:\/\/dgvgifts.com\/lt\/wp-json\/wp\/v2\/media?parent=1492"}],"wp:term":[{"taxonomy":"product_brand","embeddable":true,"href":"https:\/\/dgvgifts.com\/lt\/wp-json\/wp\/v2\/product_brand?post=1492"},{"taxonomy":"product_cat","embeddable":true,"href":"https:\/\/dgvgifts.com\/lt\/wp-json\/wp\/v2\/product_cat?post=1492"},{"taxonomy":"product_tag","embeddable":true,"href":"https:\/\/dgvgifts.com\/lt\/wp-json\/wp\/v2\/product_tag?post=1492"}],"curies":[{"name":"wp","href":"https:\/\/api.w.org\/{rel}","templated":true}]}}