{"id":1506,"date":"2023-02-24T09:56:13","date_gmt":"2023-02-24T09:56:13","guid":{"rendered":"https:\/\/dgvgifts.com\/index.php\/product\/deluxe-double-wall-electroplated-glass-mug\/"},"modified":"2024-11-08T10:19:37","modified_gmt":"2024-11-08T10:19:37","slug":"deluxe-double-wall-electroplated-glass-mug","status":"publish","type":"product","link":"https:\/\/dgvgifts.com\/lt\/produktas\/deluxe-double-wall-electroplated-glass-mug\/","title":{"rendered":"Prabangus stiklinis puodelis su dviguba sienele"},"content":{"rendered":"<p>Pagaminta i\u0161 lengvo, bet patvaraus dvigubo stiklo, tinkamo tiek kar\u0161tam, tiek \u0161altam g\u0117rimui. Pagamintas i\u0161 auk\u0161tos kokyb\u0117s borosilikatinio stiklo. Supakuotas popierin\u0117je d\u0117\u017eut\u0117je. Talpa 330 ml.<\/p>","protected":false},"excerpt":{"rendered":"<p>Pagaminta i\u0161 lengvo, bet patvaraus dvigubo stiklo, tinkamo tiek kar\u0161tam, tiek \u0161altam g\u0117rimui. Pagamintas i\u0161 auk\u0161tos kokyb\u0117s borosilikatinio stiklo. Supakuotas popierin\u0117je d\u0117\u017eut\u0117je. Talpa 330 ml.<\/p>","protected":false},"featured_media":1493,"comment_status":"open","ping_status":"closed","template":"","meta":[],"product_brand":[],"product_cat":[48,28],"product_tag":[],"class_list":{"0":"post-1506","1":"product","2":"type-product","3":"status-publish","4":"has-post-thumbnail","6":"product_cat-mugs","7":"product_cat-water-flasks-and-mugs","9":"first","10":"instock","11":"shipping-taxable","12":"purchasable","13":"product-type-simple"},"_links":{"self":[{"href":"https:\/\/dgvgifts.com\/lt\/wp-json\/wp\/v2\/product\/1506","targetHints":{"allow":["GET"]}}],"collection":[{"href":"https:\/\/dgvgifts.com\/lt\/wp-json\/wp\/v2\/product"}],"about":[{"href":"https:\/\/dgvgifts.com\/lt\/wp-json\/wp\/v2\/types\/product"}],"replies":[{"embeddable":true,"href":"https:\/\/dgvgifts.com\/lt\/wp-json\/wp\/v2\/comments?post=1506"}],"version-history":[{"count":1,"href":"https:\/\/dgvgifts.com\/lt\/wp-json\/wp\/v2\/product\/1506\/revisions"}],"predecessor-version":[{"id":2902,"href":"https:\/\/dgvgifts.com\/lt\/wp-json\/wp\/v2\/product\/1506\/revisions\/2902"}],"wp:featuredmedia":[{"embeddable":true,"href":"https:\/\/dgvgifts.com\/lt\/wp-json\/wp\/v2\/media\/1493"}],"wp:attachment":[{"href":"https:\/\/dgvgifts.com\/lt\/wp-json\/wp\/v2\/media?parent=1506"}],"wp:term":[{"taxonomy":"product_brand","embeddable":true,"href":"https:\/\/dgvgifts.com\/lt\/wp-json\/wp\/v2\/product_brand?post=1506"},{"taxonomy":"product_cat","embeddable":true,"href":"https:\/\/dgvgifts.com\/lt\/wp-json\/wp\/v2\/product_cat?post=1506"},{"taxonomy":"product_tag","embeddable":true,"href":"https:\/\/dgvgifts.com\/lt\/wp-json\/wp\/v2\/product_tag?post=1506"}],"curies":[{"name":"wp","href":"https:\/\/api.w.org\/{rel}","templated":true}]}}