{"id":1520,"date":"2023-02-24T09:56:27","date_gmt":"2023-02-24T09:56:27","guid":{"rendered":"https:\/\/dgvgifts.com\/index.php\/product\/impact-leakproof-tritan-bottle\/"},"modified":"2024-11-08T10:19:27","modified_gmt":"2024-11-08T10:19:27","slug":"impact-leakproof-tritan-bottle","status":"publish","type":"product","link":"https:\/\/dgvgifts.com\/lt\/produktas\/impact-leakproof-tritan-bottle\/","title":{"rendered":"Gertuv\u0117 atspari sm\u016bgiams, nepralaidi vandeniui"},"content":{"rendered":"<p>Atsisakykite plastikini\u0173 buteli\u0173 su \u0161iuo \"Impact\" nepralaid\u017eiu tritano vandens buteliu. D\u0117l paprasto dizaino ir matinio korpuso buteliuk\u0105 ne tik lengva naudoti, bet ir malonu liesti. Paskirstyto korpuso dizainas leid\u017eia j\u012f lengvai valyti ir puikiai tinka, jei norite \u012f buteliuk \u012fd\u0117ti ledo kubeli\u0173. Korpuse yra dir\u017eelis, kad b\u016bt\u0173 patogu ne\u0161iotis. Talpa 600 ml. Be BPA.<\/p>","protected":false},"excerpt":{"rendered":"<p>Eliminate the use of plastic bottles with this Impact leak proof tritan water bottle. With its fresh design and frosted body, the bottle is not only easy to use but also beautiful to look at. The split body design makes it easy to clean and is great if you want to add ice cubes into [&hellip;]<\/p>","protected":false},"featured_media":1507,"comment_status":"open","ping_status":"closed","template":"","meta":[],"product_brand":[],"product_cat":[51,28],"product_tag":[],"class_list":{"0":"post-1520","1":"product","2":"type-product","3":"status-publish","4":"has-post-thumbnail","6":"product_cat-water-flasks","7":"product_cat-water-flasks-and-mugs","9":"first","10":"instock","11":"shipping-taxable","12":"purchasable","13":"product-type-simple"},"_links":{"self":[{"href":"https:\/\/dgvgifts.com\/lt\/wp-json\/wp\/v2\/product\/1520","targetHints":{"allow":["GET"]}}],"collection":[{"href":"https:\/\/dgvgifts.com\/lt\/wp-json\/wp\/v2\/product"}],"about":[{"href":"https:\/\/dgvgifts.com\/lt\/wp-json\/wp\/v2\/types\/product"}],"replies":[{"embeddable":true,"href":"https:\/\/dgvgifts.com\/lt\/wp-json\/wp\/v2\/comments?post=1520"}],"version-history":[{"count":1,"href":"https:\/\/dgvgifts.com\/lt\/wp-json\/wp\/v2\/product\/1520\/revisions"}],"predecessor-version":[{"id":2901,"href":"https:\/\/dgvgifts.com\/lt\/wp-json\/wp\/v2\/product\/1520\/revisions\/2901"}],"wp:featuredmedia":[{"embeddable":true,"href":"https:\/\/dgvgifts.com\/lt\/wp-json\/wp\/v2\/media\/1507"}],"wp:attachment":[{"href":"https:\/\/dgvgifts.com\/lt\/wp-json\/wp\/v2\/media?parent=1520"}],"wp:term":[{"taxonomy":"product_brand","embeddable":true,"href":"https:\/\/dgvgifts.com\/lt\/wp-json\/wp\/v2\/product_brand?post=1520"},{"taxonomy":"product_cat","embeddable":true,"href":"https:\/\/dgvgifts.com\/lt\/wp-json\/wp\/v2\/product_cat?post=1520"},{"taxonomy":"product_tag","embeddable":true,"href":"https:\/\/dgvgifts.com\/lt\/wp-json\/wp\/v2\/product_tag?post=1520"}],"curies":[{"name":"wp","href":"https:\/\/api.w.org\/{rel}","templated":true}]}}