{"id":1535,"date":"2023-02-24T09:56:42","date_gmt":"2023-02-24T09:56:42","guid":{"rendered":"https:\/\/dgvgifts.com\/index.php\/product\/vacuum-flask-with-2-cups\/"},"modified":"2024-11-08T10:19:17","modified_gmt":"2024-11-08T10:19:17","slug":"vacuum-flask-with-2-cups","status":"publish","type":"product","link":"https:\/\/dgvgifts.com\/lt\/produktas\/vacuum-flask-with-2-cups\/","title":{"rendered":"Vakuuminis termosas su 2 puodeliais"},"content":{"rendered":"<p>Eleganti\u0161ko dizaino ner\u016bdijan\u010dio plieno dvigubos sienel\u0117s vakuuminis termosas su rankena ir dir\u017eeliu per pet\u012f, integruoti du puodeliai, kad g\u0117rimais m\u0117gautum\u0117t\u0117s dviese. Nepraleid\u017eia skys\u010dio, plaunama tik rankomis, neplauti indaplov\u0117je. Talpa: 700 ml.<\/p>","protected":false},"excerpt":{"rendered":"<p>Eleganti\u0161ko dizaino ner\u016bdijan\u010dio plieno dvigubos sienel\u0117s vakuuminis termosas su rankena ir dir\u017eeliu per pet\u012f, integruoti du puodeliai, kad g\u0117rimais m\u0117gautum\u0117t\u0117s dviese. Nepraleid\u017eia skys\u010dio, plaunama tik rankomis, neplauti indaplov\u0117je. Talpa: 700 ml.<\/p>","protected":false},"featured_media":1521,"comment_status":"open","ping_status":"closed","template":"","meta":[],"product_brand":[],"product_cat":[50,28],"product_tag":[],"class_list":{"0":"post-1535","1":"product","2":"type-product","3":"status-publish","4":"has-post-thumbnail","6":"product_cat-thermoses","7":"product_cat-water-flasks-and-mugs","9":"first","10":"instock","11":"shipping-taxable","12":"purchasable","13":"product-type-simple"},"_links":{"self":[{"href":"https:\/\/dgvgifts.com\/lt\/wp-json\/wp\/v2\/product\/1535","targetHints":{"allow":["GET"]}}],"collection":[{"href":"https:\/\/dgvgifts.com\/lt\/wp-json\/wp\/v2\/product"}],"about":[{"href":"https:\/\/dgvgifts.com\/lt\/wp-json\/wp\/v2\/types\/product"}],"replies":[{"embeddable":true,"href":"https:\/\/dgvgifts.com\/lt\/wp-json\/wp\/v2\/comments?post=1535"}],"version-history":[{"count":1,"href":"https:\/\/dgvgifts.com\/lt\/wp-json\/wp\/v2\/product\/1535\/revisions"}],"predecessor-version":[{"id":2900,"href":"https:\/\/dgvgifts.com\/lt\/wp-json\/wp\/v2\/product\/1535\/revisions\/2900"}],"wp:featuredmedia":[{"embeddable":true,"href":"https:\/\/dgvgifts.com\/lt\/wp-json\/wp\/v2\/media\/1521"}],"wp:attachment":[{"href":"https:\/\/dgvgifts.com\/lt\/wp-json\/wp\/v2\/media?parent=1535"}],"wp:term":[{"taxonomy":"product_brand","embeddable":true,"href":"https:\/\/dgvgifts.com\/lt\/wp-json\/wp\/v2\/product_brand?post=1535"},{"taxonomy":"product_cat","embeddable":true,"href":"https:\/\/dgvgifts.com\/lt\/wp-json\/wp\/v2\/product_cat?post=1535"},{"taxonomy":"product_tag","embeddable":true,"href":"https:\/\/dgvgifts.com\/lt\/wp-json\/wp\/v2\/product_tag?post=1535"}],"curies":[{"name":"wp","href":"https:\/\/api.w.org\/{rel}","templated":true}]}}