{"id":1551,"date":"2023-02-24T09:56:57","date_gmt":"2023-02-24T09:56:57","guid":{"rendered":"https:\/\/dgvgifts.com\/index.php\/product\/swiss-peak-elite-0-5l-copper-vacuum-flask\/"},"modified":"2024-11-08T10:19:03","modified_gmt":"2024-11-08T10:19:03","slug":"swiss-peak-elite-0-5l-copper-vacuum-flask","status":"publish","type":"product","link":"https:\/\/dgvgifts.com\/lt\/produktas\/swiss-peak-elite-0-5l-copper-vacuum-flask\/","title":{"rendered":"0,5 l vakuuminis termosas"},"content":{"rendered":"<p>\"Swiss Peak Elite\" serijos indai yra su vakuumine izoliacija ir dvigubomis sienel\u0117mis, pagaminti i\u0161 18\/8 ner\u016bdijan\u010dio plieno. Juodos spalvos, milteliniu b\u016bdu dengtos pavir\u0161ius, pasi\u017eymi ilgaam\u017ei\u0161kumu! Neblunka, pavir\u0161ius apsaugotas nuo i\u0161orini\u0173 veiksni\u0173. Vidin\u0117 sienel\u0117 padengta variu, kad b\u016bt\u0173 u\u017etikrintos geriausios termoizoliacin\u0117s savyb\u0117s. G\u0117rimai i\u0161lieka kar\u0161ti 8 valandas, o \u0161alti - 24 valandas. Plauti rankomis, nerekomenduojama plauti indaplov\u0117je. Nepralaidus skys\u010diui. Talpa 500 ml.<\/p>","protected":false},"excerpt":{"rendered":"<p>The Swiss Peak Elite series are with vacuum insulation and double wall 18\/8 grade stainless steel. The powder coated black colour is built to last! No fading or cracking here! The inner wall is plated with copper for ultimate conductivity to keep drinks hot for 8 hours and cold for 24 hours. Hand washable and [&hellip;]<\/p>","protected":false},"featured_media":1536,"comment_status":"open","ping_status":"closed","template":"","meta":[],"product_brand":[],"product_cat":[50,28],"product_tag":[],"class_list":{"0":"post-1551","1":"product","2":"type-product","3":"status-publish","4":"has-post-thumbnail","6":"product_cat-thermoses","7":"product_cat-water-flasks-and-mugs","9":"first","10":"instock","11":"shipping-taxable","12":"purchasable","13":"product-type-simple"},"_links":{"self":[{"href":"https:\/\/dgvgifts.com\/lt\/wp-json\/wp\/v2\/product\/1551","targetHints":{"allow":["GET"]}}],"collection":[{"href":"https:\/\/dgvgifts.com\/lt\/wp-json\/wp\/v2\/product"}],"about":[{"href":"https:\/\/dgvgifts.com\/lt\/wp-json\/wp\/v2\/types\/product"}],"replies":[{"embeddable":true,"href":"https:\/\/dgvgifts.com\/lt\/wp-json\/wp\/v2\/comments?post=1551"}],"version-history":[{"count":1,"href":"https:\/\/dgvgifts.com\/lt\/wp-json\/wp\/v2\/product\/1551\/revisions"}],"predecessor-version":[{"id":2899,"href":"https:\/\/dgvgifts.com\/lt\/wp-json\/wp\/v2\/product\/1551\/revisions\/2899"}],"wp:featuredmedia":[{"embeddable":true,"href":"https:\/\/dgvgifts.com\/lt\/wp-json\/wp\/v2\/media\/1536"}],"wp:attachment":[{"href":"https:\/\/dgvgifts.com\/lt\/wp-json\/wp\/v2\/media?parent=1551"}],"wp:term":[{"taxonomy":"product_brand","embeddable":true,"href":"https:\/\/dgvgifts.com\/lt\/wp-json\/wp\/v2\/product_brand?post=1551"},{"taxonomy":"product_cat","embeddable":true,"href":"https:\/\/dgvgifts.com\/lt\/wp-json\/wp\/v2\/product_cat?post=1551"},{"taxonomy":"product_tag","embeddable":true,"href":"https:\/\/dgvgifts.com\/lt\/wp-json\/wp\/v2\/product_tag?post=1551"}],"curies":[{"name":"wp","href":"https:\/\/api.w.org\/{rel}","templated":true}]}}