{"id":1582,"date":"2023-02-24T09:57:25","date_gmt":"2023-02-24T09:57:25","guid":{"rendered":"https:\/\/dgvgifts.com\/index.php\/product\/swiss-peak-elite-copper-vacuum-mug\/"},"modified":"2024-11-08T10:18:42","modified_gmt":"2024-11-08T10:18:42","slug":"swiss-peak-elite-copper-vacuum-mug","status":"publish","type":"product","link":"https:\/\/dgvgifts.com\/lt\/produktas\/swiss-peak-elite-copper-vacuum-mug\/","title":{"rendered":"Swiss Peak vakuuminis puodelis"},"content":{"rendered":"<p>\"Swiss Peak Elite\" serijos indai yra su vakuumine izoliacija ir dvigubomis sienel\u0117mis, pagaminti i\u0161 18\/8 ner\u016bdijan\u010dio plieno. Juodos spalvos, milteliniu b\u016bdu dengtos sienel\u0117s pasi\u017eymi ilgaam\u017ei\u0161kumu! Pavir\u0161ius apsaugotas nuo blukimo ir \u012fskilim\u0173. Vidin\u0117 sienel\u0117 pagaminta i\u0161 vario, taip u\u017etikrinamos geriausios termoizoliacin\u0117s savyb\u0117s,  g\u0117rimai i\u0161lika kar\u0161ti 8 valandas, o \u0161alti - 24 valandas. Nepralaidus skys\u010diui u\u017edaromas dangtelis, plaunamas rankomis. Talpa 300 ml.<\/p>","protected":false},"excerpt":{"rendered":"<p>The Swiss Peak Elite series are with vacuum insulation and double wall 18\/8 grade stainless steel. The powder coated black colour is built to last! No fading or cracking here! The inner wall is plated with copper for ultimate conductivity to keep drinks hot for 8 hours and cold for 24 hours. Leakproof lockable Lid [&hellip;]<\/p>","protected":false},"featured_media":1569,"comment_status":"open","ping_status":"closed","template":"","meta":[],"product_brand":[],"product_cat":[49,28],"product_tag":[],"class_list":{"0":"post-1582","1":"product","2":"type-product","3":"status-publish","4":"has-post-thumbnail","6":"product_cat-thermal-cups","7":"product_cat-water-flasks-and-mugs","9":"first","10":"instock","11":"shipping-taxable","12":"purchasable","13":"product-type-simple"},"_links":{"self":[{"href":"https:\/\/dgvgifts.com\/lt\/wp-json\/wp\/v2\/product\/1582","targetHints":{"allow":["GET"]}}],"collection":[{"href":"https:\/\/dgvgifts.com\/lt\/wp-json\/wp\/v2\/product"}],"about":[{"href":"https:\/\/dgvgifts.com\/lt\/wp-json\/wp\/v2\/types\/product"}],"replies":[{"embeddable":true,"href":"https:\/\/dgvgifts.com\/lt\/wp-json\/wp\/v2\/comments?post=1582"}],"version-history":[{"count":1,"href":"https:\/\/dgvgifts.com\/lt\/wp-json\/wp\/v2\/product\/1582\/revisions"}],"predecessor-version":[{"id":2897,"href":"https:\/\/dgvgifts.com\/lt\/wp-json\/wp\/v2\/product\/1582\/revisions\/2897"}],"wp:featuredmedia":[{"embeddable":true,"href":"https:\/\/dgvgifts.com\/lt\/wp-json\/wp\/v2\/media\/1569"}],"wp:attachment":[{"href":"https:\/\/dgvgifts.com\/lt\/wp-json\/wp\/v2\/media?parent=1582"}],"wp:term":[{"taxonomy":"product_brand","embeddable":true,"href":"https:\/\/dgvgifts.com\/lt\/wp-json\/wp\/v2\/product_brand?post=1582"},{"taxonomy":"product_cat","embeddable":true,"href":"https:\/\/dgvgifts.com\/lt\/wp-json\/wp\/v2\/product_cat?post=1582"},{"taxonomy":"product_tag","embeddable":true,"href":"https:\/\/dgvgifts.com\/lt\/wp-json\/wp\/v2\/product_tag?post=1582"}],"curies":[{"name":"wp","href":"https:\/\/api.w.org\/{rel}","templated":true}]}}