{"id":1593,"date":"2023-02-24T09:57:38","date_gmt":"2023-02-24T09:57:38","guid":{"rendered":"https:\/\/dgvgifts.com\/index.php\/product\/ceramic-mug-with-coloured-inner\/"},"modified":"2024-11-08T10:18:27","modified_gmt":"2024-11-08T10:18:27","slug":"ceramic-mug-with-coloured-inner","status":"publish","type":"product","link":"https:\/\/dgvgifts.com\/lt\/produktas\/ceramic-mug-with-coloured-inner\/","title":{"rendered":"Keraminis puodelis su spalvotu vidumi"},"content":{"rendered":"<p>Nuostabaus dizaino keramikinis puodelis, su matine balta i\u0161ore ir spalvotu blizgiu vidumi. \nPuodel\u012f galima plauti indaplov\u0117je, bandymai: EN12875-1 (iki 125 plovimo cikl\u0173, nepriklausomai nuo dekoravimo b\u016bdo). Supakuotas \u012f kraftin\u0119 dovan\u0173 d\u0117\u017eut\u0119. \nTalpa 300 ml.<\/p>","protected":false},"excerpt":{"rendered":"<p>Nuostabaus dizaino keramikinis puodelis, su matine balta i\u0161ore ir spalvotu blizgiu vidumi. \nPuodel\u012f galima plauti indaplov\u0117je, bandymai: EN12875-1 (iki 125 plovimo cikl\u0173, nepriklausomai nuo dekoravimo b\u016bdo). Supakuotas \u012f kraftin\u0119 dovan\u0173 d\u0117\u017eut\u0119. \nTalpa 300 ml.<\/p>","protected":false},"featured_media":1583,"comment_status":"open","ping_status":"closed","template":"","meta":[],"product_brand":[],"product_cat":[48,28],"product_tag":[],"class_list":{"0":"post-1593","1":"product","2":"type-product","3":"status-publish","4":"has-post-thumbnail","6":"product_cat-mugs","7":"product_cat-water-flasks-and-mugs","9":"first","10":"instock","11":"shipping-taxable","12":"purchasable","13":"product-type-simple"},"_links":{"self":[{"href":"https:\/\/dgvgifts.com\/lt\/wp-json\/wp\/v2\/product\/1593","targetHints":{"allow":["GET"]}}],"collection":[{"href":"https:\/\/dgvgifts.com\/lt\/wp-json\/wp\/v2\/product"}],"about":[{"href":"https:\/\/dgvgifts.com\/lt\/wp-json\/wp\/v2\/types\/product"}],"replies":[{"embeddable":true,"href":"https:\/\/dgvgifts.com\/lt\/wp-json\/wp\/v2\/comments?post=1593"}],"version-history":[{"count":1,"href":"https:\/\/dgvgifts.com\/lt\/wp-json\/wp\/v2\/product\/1593\/revisions"}],"predecessor-version":[{"id":2896,"href":"https:\/\/dgvgifts.com\/lt\/wp-json\/wp\/v2\/product\/1593\/revisions\/2896"}],"wp:featuredmedia":[{"embeddable":true,"href":"https:\/\/dgvgifts.com\/lt\/wp-json\/wp\/v2\/media\/1583"}],"wp:attachment":[{"href":"https:\/\/dgvgifts.com\/lt\/wp-json\/wp\/v2\/media?parent=1593"}],"wp:term":[{"taxonomy":"product_brand","embeddable":true,"href":"https:\/\/dgvgifts.com\/lt\/wp-json\/wp\/v2\/product_brand?post=1593"},{"taxonomy":"product_cat","embeddable":true,"href":"https:\/\/dgvgifts.com\/lt\/wp-json\/wp\/v2\/product_cat?post=1593"},{"taxonomy":"product_tag","embeddable":true,"href":"https:\/\/dgvgifts.com\/lt\/wp-json\/wp\/v2\/product_tag?post=1593"}],"curies":[{"name":"wp","href":"https:\/\/api.w.org\/{rel}","templated":true}]}}