{"id":1602,"date":"2023-02-24T09:57:45","date_gmt":"2023-02-24T09:57:45","guid":{"rendered":"https:\/\/dgvgifts.com\/index.php\/product\/ceramic-mug-with-cork-base\/"},"modified":"2024-11-08T10:18:19","modified_gmt":"2024-11-08T10:18:19","slug":"ceramic-mug-with-cork-base","status":"publish","type":"product","link":"https:\/\/dgvgifts.com\/lt\/produktas\/ceramic-mug-with-cork-base\/","title":{"rendered":"Keraminis puodelis su kam\u0161tiniu pagrindu"},"content":{"rendered":"<p>\u0160is gra\u017eus keraminis puodelis su kam\u0161tiniu pagrindu, matine i\u0161ore ir blizgiu vidumi.  Kam\u0161tinis pagrindas suteikia nat\u016bralumo. \u0160is puodelis puikiai atrodys bet kokioje aplinkoje!\nNegalima naudoti mikrobang\u0173 krosnel\u0117je ir plauti indaplov\u0117je. \nRekomenduojama plauti tik rankomis. \nTalpa 280 ml.<\/p>","protected":false},"excerpt":{"rendered":"<p>\u0160is gra\u017eus keraminis puodelis su kam\u0161tiniu pagrindu, matine i\u0161ore ir blizgiu vidumi.  Kam\u0161tinis pagrindas suteikia nat\u016bralumo. \u0160is puodelis puikiai atrodys bet kokioje aplinkoje!\nNegalima naudoti mikrobang\u0173 krosnel\u0117je ir plauti indaplov\u0117je. \nRekomenduojama plauti tik rankomis. \nTalpa 280 ml.<\/p>","protected":false},"featured_media":1594,"comment_status":"open","ping_status":"closed","template":"","meta":[],"product_brand":[],"product_cat":[48,28],"product_tag":[],"class_list":{"0":"post-1602","1":"product","2":"type-product","3":"status-publish","4":"has-post-thumbnail","6":"product_cat-mugs","7":"product_cat-water-flasks-and-mugs","9":"first","10":"instock","11":"shipping-taxable","12":"purchasable","13":"product-type-simple"},"_links":{"self":[{"href":"https:\/\/dgvgifts.com\/lt\/wp-json\/wp\/v2\/product\/1602","targetHints":{"allow":["GET"]}}],"collection":[{"href":"https:\/\/dgvgifts.com\/lt\/wp-json\/wp\/v2\/product"}],"about":[{"href":"https:\/\/dgvgifts.com\/lt\/wp-json\/wp\/v2\/types\/product"}],"replies":[{"embeddable":true,"href":"https:\/\/dgvgifts.com\/lt\/wp-json\/wp\/v2\/comments?post=1602"}],"version-history":[{"count":1,"href":"https:\/\/dgvgifts.com\/lt\/wp-json\/wp\/v2\/product\/1602\/revisions"}],"predecessor-version":[{"id":2895,"href":"https:\/\/dgvgifts.com\/lt\/wp-json\/wp\/v2\/product\/1602\/revisions\/2895"}],"wp:featuredmedia":[{"embeddable":true,"href":"https:\/\/dgvgifts.com\/lt\/wp-json\/wp\/v2\/media\/1594"}],"wp:attachment":[{"href":"https:\/\/dgvgifts.com\/lt\/wp-json\/wp\/v2\/media?parent=1602"}],"wp:term":[{"taxonomy":"product_brand","embeddable":true,"href":"https:\/\/dgvgifts.com\/lt\/wp-json\/wp\/v2\/product_brand?post=1602"},{"taxonomy":"product_cat","embeddable":true,"href":"https:\/\/dgvgifts.com\/lt\/wp-json\/wp\/v2\/product_cat?post=1602"},{"taxonomy":"product_tag","embeddable":true,"href":"https:\/\/dgvgifts.com\/lt\/wp-json\/wp\/v2\/product_tag?post=1602"}],"curies":[{"name":"wp","href":"https:\/\/api.w.org\/{rel}","templated":true}]}}