{"id":1611,"date":"2023-02-24T09:57:52","date_gmt":"2023-02-24T09:57:52","guid":{"rendered":"https:\/\/dgvgifts.com\/index.php\/product\/glazed-ceramic-mug\/"},"modified":"2024-11-08T10:18:01","modified_gmt":"2024-11-08T10:18:01","slug":"glazed-ceramic-mug","status":"publish","type":"product","link":"https:\/\/dgvgifts.com\/lt\/produktas\/glazed-ceramic-mug\/","title":{"rendered":"Glaz\u016bruotas keraminis puodelis"},"content":{"rendered":"<p>M\u0117gaukit\u0117s m\u0117gstamais g\u0117rimais bet kur ir bet kada su \u0161iuo keraminiu puodeliu. Puodelis turi glaz\u016bruot\u0105 korpus\u0105.  D\u0117l nat\u016bralaus gamyboje naudojamo molio,  kiekvienas puodelis yra unikalus. Talpa 360 ml. Supakuotas \u012f dovan\u0173 d\u0117\u017eut\u0119.<\/p>","protected":false},"excerpt":{"rendered":"<p>M\u0117gaukit\u0117s m\u0117gstamais g\u0117rimais bet kur ir bet kada su \u0161iuo keraminiu puodeliu. Puodelis turi glaz\u016bruot\u0105 korpus\u0105.  D\u0117l nat\u016bralaus gamyboje naudojamo molio,  kiekvienas puodelis yra unikalus. Talpa 360 ml. Supakuotas \u012f dovan\u0173 d\u0117\u017eut\u0119.<\/p>","protected":false},"featured_media":1603,"comment_status":"open","ping_status":"closed","template":"","meta":[],"product_brand":[],"product_cat":[48,28],"product_tag":[],"class_list":{"0":"post-1611","1":"product","2":"type-product","3":"status-publish","4":"has-post-thumbnail","6":"product_cat-mugs","7":"product_cat-water-flasks-and-mugs","9":"first","10":"instock","11":"shipping-taxable","12":"purchasable","13":"product-type-simple"},"_links":{"self":[{"href":"https:\/\/dgvgifts.com\/lt\/wp-json\/wp\/v2\/product\/1611","targetHints":{"allow":["GET"]}}],"collection":[{"href":"https:\/\/dgvgifts.com\/lt\/wp-json\/wp\/v2\/product"}],"about":[{"href":"https:\/\/dgvgifts.com\/lt\/wp-json\/wp\/v2\/types\/product"}],"replies":[{"embeddable":true,"href":"https:\/\/dgvgifts.com\/lt\/wp-json\/wp\/v2\/comments?post=1611"}],"version-history":[{"count":1,"href":"https:\/\/dgvgifts.com\/lt\/wp-json\/wp\/v2\/product\/1611\/revisions"}],"predecessor-version":[{"id":2894,"href":"https:\/\/dgvgifts.com\/lt\/wp-json\/wp\/v2\/product\/1611\/revisions\/2894"}],"wp:featuredmedia":[{"embeddable":true,"href":"https:\/\/dgvgifts.com\/lt\/wp-json\/wp\/v2\/media\/1603"}],"wp:attachment":[{"href":"https:\/\/dgvgifts.com\/lt\/wp-json\/wp\/v2\/media?parent=1611"}],"wp:term":[{"taxonomy":"product_brand","embeddable":true,"href":"https:\/\/dgvgifts.com\/lt\/wp-json\/wp\/v2\/product_brand?post=1611"},{"taxonomy":"product_cat","embeddable":true,"href":"https:\/\/dgvgifts.com\/lt\/wp-json\/wp\/v2\/product_cat?post=1611"},{"taxonomy":"product_tag","embeddable":true,"href":"https:\/\/dgvgifts.com\/lt\/wp-json\/wp\/v2\/product_tag?post=1611"}],"curies":[{"name":"wp","href":"https:\/\/api.w.org\/{rel}","templated":true}]}}