{"id":1625,"date":"2023-02-24T09:58:04","date_gmt":"2023-02-24T09:58:04","guid":{"rendered":"https:\/\/dgvgifts.com\/index.php\/product\/vacuum-stainless-steel-bottle-with-sports-lid-550ml\/"},"modified":"2024-11-08T10:17:47","modified_gmt":"2024-11-08T10:17:47","slug":"vacuum-stainless-steel-bottle-with-sports-lid-550ml","status":"publish","type":"product","link":"https:\/\/dgvgifts.com\/lt\/produktas\/vacuum-stainless-steel-bottle-with-sports-lid-550ml\/","title":{"rendered":"Vakuumin\u0117 ner\u016bdijan\u010dio plieno gertuv\u0117 su sportiniu dangteliu 550ml"},"content":{"rendered":"<p>M\u0117gaukit\u0117s \u0161altu vandeniu po sunkios treniruot\u0117s arba kar\u0161tu g\u0117rimu, kad su\u0161iltum\u0117te po spartaus pasivaik\u0161\u010diojimo - gerkite g\u0117rimus su \u0161iuo stilinga ner\u016bdijan\u010diojo plieno vakuumine gertuve. Nepralaidus skys\u010diui, unikalaus dizaino dangtelis ir prabangi matin\u0117 apdaila, kad gal\u0117tum\u0117te atsigaivinti keliaudami. I\u0161laiko kar\u0161t\u0105 g\u0117rim\u0105 iki 5 valand\u0173, o \u0161alt\u0105 - iki 15 valand\u0173. Talpa 550 ml. Be BPA.<\/p>","protected":false},"excerpt":{"rendered":"<p>Enjoy some ice cold water after a heavy workout or a hot drink to warm up after a brisk walk, drink your beverage in style with this beautiful stainless steel vacuum bottle. Leakproof uniqe design lid and a luxurious matt finish for some refreshment on the go. Keep hot for up to 5 hours and [&hellip;]<\/p>","protected":false},"featured_media":1612,"comment_status":"open","ping_status":"closed","template":"","meta":[],"product_brand":[],"product_cat":[51,28],"product_tag":[],"class_list":{"0":"post-1625","1":"product","2":"type-product","3":"status-publish","4":"has-post-thumbnail","6":"product_cat-water-flasks","7":"product_cat-water-flasks-and-mugs","9":"first","10":"instock","11":"shipping-taxable","12":"purchasable","13":"product-type-simple"},"_links":{"self":[{"href":"https:\/\/dgvgifts.com\/lt\/wp-json\/wp\/v2\/product\/1625","targetHints":{"allow":["GET"]}}],"collection":[{"href":"https:\/\/dgvgifts.com\/lt\/wp-json\/wp\/v2\/product"}],"about":[{"href":"https:\/\/dgvgifts.com\/lt\/wp-json\/wp\/v2\/types\/product"}],"replies":[{"embeddable":true,"href":"https:\/\/dgvgifts.com\/lt\/wp-json\/wp\/v2\/comments?post=1625"}],"version-history":[{"count":1,"href":"https:\/\/dgvgifts.com\/lt\/wp-json\/wp\/v2\/product\/1625\/revisions"}],"predecessor-version":[{"id":2893,"href":"https:\/\/dgvgifts.com\/lt\/wp-json\/wp\/v2\/product\/1625\/revisions\/2893"}],"wp:featuredmedia":[{"embeddable":true,"href":"https:\/\/dgvgifts.com\/lt\/wp-json\/wp\/v2\/media\/1612"}],"wp:attachment":[{"href":"https:\/\/dgvgifts.com\/lt\/wp-json\/wp\/v2\/media?parent=1625"}],"wp:term":[{"taxonomy":"product_brand","embeddable":true,"href":"https:\/\/dgvgifts.com\/lt\/wp-json\/wp\/v2\/product_brand?post=1625"},{"taxonomy":"product_cat","embeddable":true,"href":"https:\/\/dgvgifts.com\/lt\/wp-json\/wp\/v2\/product_cat?post=1625"},{"taxonomy":"product_tag","embeddable":true,"href":"https:\/\/dgvgifts.com\/lt\/wp-json\/wp\/v2\/product_tag?post=1625"}],"curies":[{"name":"wp","href":"https:\/\/api.w.org\/{rel}","templated":true}]}}