{"id":1636,"date":"2023-02-24T10:01:21","date_gmt":"2023-02-24T10:01:21","guid":{"rendered":"https:\/\/dgvgifts.com\/index.php\/product\/ukiyo-glass-hydration-tracking-bottle-with-sleeve\/"},"modified":"2024-11-08T10:17:38","modified_gmt":"2024-11-08T10:17:38","slug":"ukiyo-glass-hydration-tracking-bottle-with-sleeve","status":"publish","type":"product","link":"https:\/\/dgvgifts.com\/lt\/produktas\/ukiyo-glass-hydration-tracking-bottle-with-sleeve\/","title":{"rendered":"Ukiyo stiklin\u0117 gertuv\u0117 su \u012fmaute"},"content":{"rendered":"<p>Steb\u0117kite savo kasdienius vandens suvartojimo tikslus su \u0161iuo i\u0161radingai suprojektuotu Ukiyo stikliniu 600 ml vandens buteliuku. Kiekvien\u0105 kart\u0105 i\u0161g\u0117r\u0119 buteliuk\u0105 vandens, pasukite dangdel\u012f \u012f didesnio la\u0161o pus\u0119, galima lengvai suskai\u010diuoti i\u0161gert\u0173 buteliuk\u0173 skai\u010di\u0173. Korpus\u0105 galima plauti indaplov\u0117je. Dangtelis nepralaidus skys\u010diui, saugu ne\u0161iotis kuprin\u0117je. Registruotas dizainas\u00ae<\/p>","protected":false},"excerpt":{"rendered":"<p>Steb\u0117kite savo kasdienius vandens suvartojimo tikslus su \u0161iuo i\u0161radingai suprojektuotu Ukiyo stikliniu 600 ml vandens buteliuku. Kiekvien\u0105 kart\u0105 i\u0161g\u0117r\u0119 buteliuk\u0105 vandens, pasukite dangdel\u012f \u012f didesnio la\u0161o pus\u0119, galima lengvai suskai\u010diuoti i\u0161gert\u0173 buteliuk\u0173 skai\u010di\u0173. Korpus\u0105 galima plauti indaplov\u0117je. Dangtelis nepralaidus skys\u010diui, saugu ne\u0161iotis kuprin\u0117je. Registruotas dizainas\u00ae<\/p>","protected":false},"featured_media":1627,"comment_status":"open","ping_status":"closed","template":"","meta":[],"product_brand":[],"product_cat":[51,28],"product_tag":[],"class_list":{"0":"post-1636","1":"product","2":"type-product","3":"status-publish","4":"has-post-thumbnail","6":"product_cat-water-flasks","7":"product_cat-water-flasks-and-mugs","9":"first","10":"instock","11":"shipping-taxable","12":"purchasable","13":"product-type-simple"},"_links":{"self":[{"href":"https:\/\/dgvgifts.com\/lt\/wp-json\/wp\/v2\/product\/1636","targetHints":{"allow":["GET"]}}],"collection":[{"href":"https:\/\/dgvgifts.com\/lt\/wp-json\/wp\/v2\/product"}],"about":[{"href":"https:\/\/dgvgifts.com\/lt\/wp-json\/wp\/v2\/types\/product"}],"replies":[{"embeddable":true,"href":"https:\/\/dgvgifts.com\/lt\/wp-json\/wp\/v2\/comments?post=1636"}],"version-history":[{"count":1,"href":"https:\/\/dgvgifts.com\/lt\/wp-json\/wp\/v2\/product\/1636\/revisions"}],"predecessor-version":[{"id":2892,"href":"https:\/\/dgvgifts.com\/lt\/wp-json\/wp\/v2\/product\/1636\/revisions\/2892"}],"wp:featuredmedia":[{"embeddable":true,"href":"https:\/\/dgvgifts.com\/lt\/wp-json\/wp\/v2\/media\/1627"}],"wp:attachment":[{"href":"https:\/\/dgvgifts.com\/lt\/wp-json\/wp\/v2\/media?parent=1636"}],"wp:term":[{"taxonomy":"product_brand","embeddable":true,"href":"https:\/\/dgvgifts.com\/lt\/wp-json\/wp\/v2\/product_brand?post=1636"},{"taxonomy":"product_cat","embeddable":true,"href":"https:\/\/dgvgifts.com\/lt\/wp-json\/wp\/v2\/product_cat?post=1636"},{"taxonomy":"product_tag","embeddable":true,"href":"https:\/\/dgvgifts.com\/lt\/wp-json\/wp\/v2\/product_tag?post=1636"}],"curies":[{"name":"wp","href":"https:\/\/api.w.org\/{rel}","templated":true}]}}