{"id":1656,"date":"2023-02-24T10:01:40","date_gmt":"2023-02-24T10:01:40","guid":{"rendered":"https:\/\/dgvgifts.com\/index.php\/product\/impact-double-wall-borosilicate-glass-bottle\/"},"modified":"2024-11-08T10:17:27","modified_gmt":"2024-11-08T10:17:27","slug":"impact-double-wall-borosilicate-glass-bottle","status":"publish","type":"product","link":"https:\/\/dgvgifts.com\/lt\/produktas\/impact-double-wall-borosilicate-glass-bottle\/","title":{"rendered":"Stiklin\u0117 gertuv\u0117 su dviguba sienele"},"content":{"rendered":"<p>Nebepirkite plastikini\u0173 vandens buteli\u0173 i\u0161 parduotuvi\u0173, bet pakartotinai naudokite savo patvar\u0173 butel\u012f i\u0161 \"Impact Collection\". Naudodami patvar\u0173 stikl\u0105 ir ner\u016bdijant\u012f plien\u0105, pagerinsite gamini\u0173 pakartotinio naudojimo galimybes, palyginti su vienkartiniais gaminiais.  Palaikydamas j\u016bs\u0173 tvar\u0173 gyvenimo b\u016bd\u0105, \"Impact\" dvigubos sienel\u0117s stiklinis buteliukas su bambuko dangteliu suma\u017eina plastiko atliek\u0173 kiek\u012f ir pagerina j\u016bs\u0173 vandens vartojimo \u012fpro\u010dius. Pagamintas i\u0161 borosilikatinio auk\u0161\u010diausios kokyb\u0117s stiklo, \u0161is dvigubos sienel\u0117s butelis yra itin atsparus dideliems temperat\u016bros poky\u010diams, tod\u0117l jame saugu ne\u0161iotis ir kar\u0161t\u0105 arbat\u0105. Gra\u017ei \u012fmaut\u0117 pagyvin\u0105 i\u0161vaizd\u0105. Talpa 360 ml. Be BPA.<\/p>","protected":false},"excerpt":{"rendered":"<p>No more buying plastic water bottles from the shops but reuse your own durable bottle from the Impact Collection. By using durable glass and stainless steel materials you improve the re-usability of products compared to single use products. With the focus on water, 2% of proceeds of each sold Impact product will be donated to [&hellip;]<\/p>","protected":false},"featured_media":1637,"comment_status":"open","ping_status":"closed","template":"","meta":[],"product_brand":[],"product_cat":[51,28],"product_tag":[],"class_list":{"0":"post-1656","1":"product","2":"type-product","3":"status-publish","4":"has-post-thumbnail","6":"product_cat-water-flasks","7":"product_cat-water-flasks-and-mugs","9":"first","10":"instock","11":"shipping-taxable","12":"purchasable","13":"product-type-simple"},"_links":{"self":[{"href":"https:\/\/dgvgifts.com\/lt\/wp-json\/wp\/v2\/product\/1656","targetHints":{"allow":["GET"]}}],"collection":[{"href":"https:\/\/dgvgifts.com\/lt\/wp-json\/wp\/v2\/product"}],"about":[{"href":"https:\/\/dgvgifts.com\/lt\/wp-json\/wp\/v2\/types\/product"}],"replies":[{"embeddable":true,"href":"https:\/\/dgvgifts.com\/lt\/wp-json\/wp\/v2\/comments?post=1656"}],"version-history":[{"count":1,"href":"https:\/\/dgvgifts.com\/lt\/wp-json\/wp\/v2\/product\/1656\/revisions"}],"predecessor-version":[{"id":2891,"href":"https:\/\/dgvgifts.com\/lt\/wp-json\/wp\/v2\/product\/1656\/revisions\/2891"}],"wp:featuredmedia":[{"embeddable":true,"href":"https:\/\/dgvgifts.com\/lt\/wp-json\/wp\/v2\/media\/1637"}],"wp:attachment":[{"href":"https:\/\/dgvgifts.com\/lt\/wp-json\/wp\/v2\/media?parent=1656"}],"wp:term":[{"taxonomy":"product_brand","embeddable":true,"href":"https:\/\/dgvgifts.com\/lt\/wp-json\/wp\/v2\/product_brand?post=1656"},{"taxonomy":"product_cat","embeddable":true,"href":"https:\/\/dgvgifts.com\/lt\/wp-json\/wp\/v2\/product_cat?post=1656"},{"taxonomy":"product_tag","embeddable":true,"href":"https:\/\/dgvgifts.com\/lt\/wp-json\/wp\/v2\/product_tag?post=1656"}],"curies":[{"name":"wp","href":"https:\/\/api.w.org\/{rel}","templated":true}]}}