{"id":1669,"date":"2023-02-24T10:01:52","date_gmt":"2023-02-24T10:01:52","guid":{"rendered":"https:\/\/dgvgifts.com\/index.php\/product\/leakproof-vacuum-on-the-go-bottle-with-handle\/"},"modified":"2024-11-08T10:17:14","modified_gmt":"2024-11-08T10:17:14","slug":"leakproof-vacuum-on-the-go-bottle-with-handle","status":"publish","type":"product","link":"https:\/\/dgvgifts.com\/lt\/produktas\/leakproof-vacuum-on-the-go-bottle-with-handle\/","title":{"rendered":"Nepralaidus vakuuminis kelioninis buteliukas su rankena"},"content":{"rendered":"<p>\u0160is unikalus butelis pagamintas i\u0161 auk\u0161tos kokyb\u0117s ner\u016bdijan\u010diojo plieno, taip pat turi dvigub\u0105 sienel\u0119, kad g\u0117rimas i\u0161likt\u0173 \u0161altas iki 15 valand\u0173 arba kar\u0161tas iki 5 valand\u0173. D\u0117l dangtelio vir\u0161uje esan\u010dios rankenos j\u012f lengva visur ne\u0161iotis. Talpa 650 ml. Be BPA.<\/p>","protected":false},"excerpt":{"rendered":"<p>\u0160is unikalus butelis pagamintas i\u0161 auk\u0161tos kokyb\u0117s ner\u016bdijan\u010diojo plieno, taip pat turi dvigub\u0105 sienel\u0119, kad g\u0117rimas i\u0161likt\u0173 \u0161altas iki 15 valand\u0173 arba kar\u0161tas iki 5 valand\u0173. D\u0117l dangtelio vir\u0161uje esan\u010dios rankenos j\u012f lengva visur ne\u0161iotis. Talpa 650 ml. Be BPA.<\/p>","protected":false},"featured_media":1657,"comment_status":"open","ping_status":"closed","template":"","meta":[],"product_brand":[],"product_cat":[51,28],"product_tag":[],"class_list":{"0":"post-1669","1":"product","2":"type-product","3":"status-publish","4":"has-post-thumbnail","6":"product_cat-water-flasks","7":"product_cat-water-flasks-and-mugs","9":"first","10":"instock","11":"shipping-taxable","12":"purchasable","13":"product-type-simple"},"_links":{"self":[{"href":"https:\/\/dgvgifts.com\/lt\/wp-json\/wp\/v2\/product\/1669","targetHints":{"allow":["GET"]}}],"collection":[{"href":"https:\/\/dgvgifts.com\/lt\/wp-json\/wp\/v2\/product"}],"about":[{"href":"https:\/\/dgvgifts.com\/lt\/wp-json\/wp\/v2\/types\/product"}],"replies":[{"embeddable":true,"href":"https:\/\/dgvgifts.com\/lt\/wp-json\/wp\/v2\/comments?post=1669"}],"version-history":[{"count":1,"href":"https:\/\/dgvgifts.com\/lt\/wp-json\/wp\/v2\/product\/1669\/revisions"}],"predecessor-version":[{"id":2890,"href":"https:\/\/dgvgifts.com\/lt\/wp-json\/wp\/v2\/product\/1669\/revisions\/2890"}],"wp:featuredmedia":[{"embeddable":true,"href":"https:\/\/dgvgifts.com\/lt\/wp-json\/wp\/v2\/media\/1657"}],"wp:attachment":[{"href":"https:\/\/dgvgifts.com\/lt\/wp-json\/wp\/v2\/media?parent=1669"}],"wp:term":[{"taxonomy":"product_brand","embeddable":true,"href":"https:\/\/dgvgifts.com\/lt\/wp-json\/wp\/v2\/product_brand?post=1669"},{"taxonomy":"product_cat","embeddable":true,"href":"https:\/\/dgvgifts.com\/lt\/wp-json\/wp\/v2\/product_cat?post=1669"},{"taxonomy":"product_tag","embeddable":true,"href":"https:\/\/dgvgifts.com\/lt\/wp-json\/wp\/v2\/product_tag?post=1669"}],"curies":[{"name":"wp","href":"https:\/\/api.w.org\/{rel}","templated":true}]}}