{"id":1676,"date":"2023-02-24T10:01:58","date_gmt":"2023-02-24T10:01:58","guid":{"rendered":"https:\/\/dgvgifts.com\/index.php\/product\/ukiyo-yumiko-aware-hammam-towel-100-x-180cm\/"},"modified":"2024-11-08T10:16:53","modified_gmt":"2024-11-08T10:16:53","slug":"ukiyo-yumiko-aware-hammam-towel-100-x-180cm","status":"publish","type":"product","link":"https:\/\/dgvgifts.com\/lt\/produktas\/ukiyo-yumiko-aware-hammam-towel-100-x-180cm\/","title":{"rendered":"Ukiyo rank\u0161luostis 100 x 180 cm"},"content":{"rendered":"<p>\u0160is lengvas, labai gerai sugeriantis dr\u0117gm\u0119, atsparus sm\u0117liui ir greitai d\u017ei\u016bstantis rank\u0161luostis yra vienas geriausi\u0173 tvari\u0173 rank\u0161luos\u010di\u0173. Hamamo rank\u0161luos\u010diai yra daugiafunkciniai: juos galite naudoti kaip i\u0161kylos, jogos, papl\u016bdimio ir sporto sal\u0117s rank\u0161luost\u012f. D\u0117l plonos med\u017eiagos jis yra itin talpus, lengvai susipakuosite \u012f kelion\u0119, neu\u017eims daug vietos rankin\u0117je ar lagamine.  Rank\u0161luos\u010dio sud\u0117tyje yra 12 % perdirbtos medviln\u0117s, jis itin mink\u0161tas ir \u0161ilkinis lie\u010diant. AWARE\u2122 \u017eenklas, patvirtina, kad gamybai naudojama perdirbta medviln\u0117.  Pagaminta Portugalijoje.<\/p>","protected":false},"excerpt":{"rendered":"<p>This lightweight, highly absorbent, sand-resistant, and quick dry towel is one of the best sustainable towels out there. Hammam towels are multifunctional: you can also use it as a picnic, baby blanket or as a yoga, beach, and gym towel. Even as a table cloth. Best of all, the thin material makes it ultra-portable and [&hellip;]<\/p>","protected":false},"featured_media":1670,"comment_status":"open","ping_status":"closed","template":"","meta":[],"product_brand":[],"product_cat":[58,34],"product_tag":[],"class_list":{"0":"post-1676","1":"product","2":"type-product","3":"status-publish","4":"has-post-thumbnail","6":"product_cat-pledai","7":"product_cat-tekstile","9":"first","10":"instock","11":"shipping-taxable","12":"purchasable","13":"product-type-simple"},"_links":{"self":[{"href":"https:\/\/dgvgifts.com\/lt\/wp-json\/wp\/v2\/product\/1676","targetHints":{"allow":["GET"]}}],"collection":[{"href":"https:\/\/dgvgifts.com\/lt\/wp-json\/wp\/v2\/product"}],"about":[{"href":"https:\/\/dgvgifts.com\/lt\/wp-json\/wp\/v2\/types\/product"}],"replies":[{"embeddable":true,"href":"https:\/\/dgvgifts.com\/lt\/wp-json\/wp\/v2\/comments?post=1676"}],"version-history":[{"count":1,"href":"https:\/\/dgvgifts.com\/lt\/wp-json\/wp\/v2\/product\/1676\/revisions"}],"predecessor-version":[{"id":2889,"href":"https:\/\/dgvgifts.com\/lt\/wp-json\/wp\/v2\/product\/1676\/revisions\/2889"}],"wp:featuredmedia":[{"embeddable":true,"href":"https:\/\/dgvgifts.com\/lt\/wp-json\/wp\/v2\/media\/1670"}],"wp:attachment":[{"href":"https:\/\/dgvgifts.com\/lt\/wp-json\/wp\/v2\/media?parent=1676"}],"wp:term":[{"taxonomy":"product_brand","embeddable":true,"href":"https:\/\/dgvgifts.com\/lt\/wp-json\/wp\/v2\/product_brand?post=1676"},{"taxonomy":"product_cat","embeddable":true,"href":"https:\/\/dgvgifts.com\/lt\/wp-json\/wp\/v2\/product_cat?post=1676"},{"taxonomy":"product_tag","embeddable":true,"href":"https:\/\/dgvgifts.com\/lt\/wp-json\/wp\/v2\/product_tag?post=1676"}],"curies":[{"name":"wp","href":"https:\/\/api.w.org\/{rel}","templated":true}]}}