{"id":1685,"date":"2023-02-24T10:02:05","date_gmt":"2023-02-24T10:02:05","guid":{"rendered":"https:\/\/dgvgifts.com\/index.php\/product\/ukiyo-hisako-aware-4-seasons-towel-blanket-100x180\/"},"modified":"2024-11-08T10:16:36","modified_gmt":"2024-11-08T10:16:36","slug":"ukiyo-hisako-aware-4-seasons-towel-blanket-100x180","status":"publish","type":"product","link":"https:\/\/dgvgifts.com\/lt\/produktas\/ukiyo-hisako-aware-4-seasons-towel-blanket-100x180\/","title":{"rendered":"Ukiyo rank\u0161luostis \/ pledas 100\u00d7180"},"content":{"rendered":"<p>Prabangiausias ir universaliausias rank\u0161luostis. Puikus kelioni\u0173 palydovas bet kokiomis s\u0105lygomis. \u0160io rank\u0161luos\u010dio sud\u0117tyje yra 12 % perdirbtos medviln\u0117s, jis itin mink\u0161tas ir malonus lie\u010diant. Su AWARE\u2122 \u017eymekliu, patvirtinan\u010diu, kad  naudojama perdirbta medviln\u0117. J\u012f galite naudoti beveik visur, pavyzd\u017eiui, papl\u016bdimyje, kelion\u0117se, pirtyje, baseine, stovyklaujant, sportuojant, kaip papl\u016bdimio rank\u0161luost\u012f, vonios rank\u0161luost\u012f,  jogos rank\u0161luost\u012f, antklod\u0119. Pledas\/rank\u0161luostis puikiai tinka sofoms ir lovoms, ant j\u0173 taip pat galima degintis saul\u0117je arba naudoti kaip i\u0161kylos pled\u0105. \u0160is rank\u0161luostis\/pledas greitai d\u017ei\u016bsta, yra atsparus pel\u0117siui ir juos ne\u012ftik\u0117tinai lengva valyti.  Galima skalbti skalbimo ma\u0161inoje. Pagaminta Portugalijoje.<\/p>","protected":false},"excerpt":{"rendered":"<p>Our most luxurious and versatile towel. The perfect travel companion in any circumstance. This towel contains 12% recycled cotton and is super soft and silky to the touch. With AWARE\u2122 tracer that validates the genuine use of recycled cotton. You can use it for almost anything, such as the beach, travelling, sauna, swimming pool, camping, [&hellip;]<\/p>","protected":false},"featured_media":1677,"comment_status":"open","ping_status":"closed","template":"","meta":[],"product_brand":[],"product_cat":[58,34],"product_tag":[],"class_list":{"0":"post-1685","1":"product","2":"type-product","3":"status-publish","4":"has-post-thumbnail","6":"product_cat-pledai","7":"product_cat-tekstile","9":"first","10":"instock","11":"shipping-taxable","12":"purchasable","13":"product-type-simple"},"_links":{"self":[{"href":"https:\/\/dgvgifts.com\/lt\/wp-json\/wp\/v2\/product\/1685","targetHints":{"allow":["GET"]}}],"collection":[{"href":"https:\/\/dgvgifts.com\/lt\/wp-json\/wp\/v2\/product"}],"about":[{"href":"https:\/\/dgvgifts.com\/lt\/wp-json\/wp\/v2\/types\/product"}],"replies":[{"embeddable":true,"href":"https:\/\/dgvgifts.com\/lt\/wp-json\/wp\/v2\/comments?post=1685"}],"version-history":[{"count":1,"href":"https:\/\/dgvgifts.com\/lt\/wp-json\/wp\/v2\/product\/1685\/revisions"}],"predecessor-version":[{"id":2888,"href":"https:\/\/dgvgifts.com\/lt\/wp-json\/wp\/v2\/product\/1685\/revisions\/2888"}],"wp:featuredmedia":[{"embeddable":true,"href":"https:\/\/dgvgifts.com\/lt\/wp-json\/wp\/v2\/media\/1677"}],"wp:attachment":[{"href":"https:\/\/dgvgifts.com\/lt\/wp-json\/wp\/v2\/media?parent=1685"}],"wp:term":[{"taxonomy":"product_brand","embeddable":true,"href":"https:\/\/dgvgifts.com\/lt\/wp-json\/wp\/v2\/product_brand?post=1685"},{"taxonomy":"product_cat","embeddable":true,"href":"https:\/\/dgvgifts.com\/lt\/wp-json\/wp\/v2\/product_cat?post=1685"},{"taxonomy":"product_tag","embeddable":true,"href":"https:\/\/dgvgifts.com\/lt\/wp-json\/wp\/v2\/product_tag?post=1685"}],"curies":[{"name":"wp","href":"https:\/\/api.w.org\/{rel}","templated":true}]}}