{"id":1692,"date":"2023-02-24T10:02:11","date_gmt":"2023-02-24T10:02:11","guid":{"rendered":"https:\/\/dgvgifts.com\/index.php\/product\/ukiyo-sakura-aware-500-gsm-bath-towel-50-x-100cm\/"},"modified":"2024-11-08T10:16:24","modified_gmt":"2024-11-08T10:16:24","slug":"ukiyo-sakura-aware-500-gsm-bath-towel-50-x-100cm","status":"publish","type":"product","link":"https:\/\/dgvgifts.com\/lt\/produktas\/ukiyo-sakura-aware-500-gsm-bath-towel-50-x-100cm\/","title":{"rendered":"Ukiyo 500 gsm vonios rank\u0161luostis 50 x 100 cm"},"content":{"rendered":"<p>\u0160ie 500 gsm storio, tvar\u016bs vonios rank\u0161luos\u010diai yra itin \u0161veln\u016bs j\u016bs\u0173 odai. Prabang\u016bs Ukiyo rank\u0161luos\u010diai yra itin \u0161veln\u016bs, greitai d\u017ei\u016bstantys ir puikiai sugeria dr\u0117gm\u0119.  \u0160io rank\u0161luos\u010dio sud\u0117tyje yra 30 % perdirbtos medviln\u0117s, jis itin \u0161velnus. Su AWARE\u2122 \u017eymekliu, patvirtinan\u010diu perdirbtos medviln\u0117s naudojim\u0105. Galima skalbti skalbimo ma\u0161inoje. Pagaminta Portugalijoje<\/p>","protected":false},"excerpt":{"rendered":"<p>These spa-quality sustainable bath towels of 500 grams are delightfully thick, silky, and super soft to your skin. The luxurious Ukiyo towels are ultra-soft, quick-drying, and offer great absorbency. This towel contains 30% recycled cotton and is super soft and silky to the touch. With AWARE\u2122 tracer that validates the genuine use of recycled cotton. [&hellip;]<\/p>","protected":false},"featured_media":1686,"comment_status":"open","ping_status":"closed","template":"","meta":[],"product_brand":[],"product_cat":[58,34],"product_tag":[],"class_list":{"0":"post-1692","1":"product","2":"type-product","3":"status-publish","4":"has-post-thumbnail","6":"product_cat-pledai","7":"product_cat-tekstile","9":"first","10":"instock","11":"shipping-taxable","12":"purchasable","13":"product-type-simple"},"_links":{"self":[{"href":"https:\/\/dgvgifts.com\/lt\/wp-json\/wp\/v2\/product\/1692","targetHints":{"allow":["GET"]}}],"collection":[{"href":"https:\/\/dgvgifts.com\/lt\/wp-json\/wp\/v2\/product"}],"about":[{"href":"https:\/\/dgvgifts.com\/lt\/wp-json\/wp\/v2\/types\/product"}],"replies":[{"embeddable":true,"href":"https:\/\/dgvgifts.com\/lt\/wp-json\/wp\/v2\/comments?post=1692"}],"version-history":[{"count":1,"href":"https:\/\/dgvgifts.com\/lt\/wp-json\/wp\/v2\/product\/1692\/revisions"}],"predecessor-version":[{"id":2887,"href":"https:\/\/dgvgifts.com\/lt\/wp-json\/wp\/v2\/product\/1692\/revisions\/2887"}],"wp:featuredmedia":[{"embeddable":true,"href":"https:\/\/dgvgifts.com\/lt\/wp-json\/wp\/v2\/media\/1686"}],"wp:attachment":[{"href":"https:\/\/dgvgifts.com\/lt\/wp-json\/wp\/v2\/media?parent=1692"}],"wp:term":[{"taxonomy":"product_brand","embeddable":true,"href":"https:\/\/dgvgifts.com\/lt\/wp-json\/wp\/v2\/product_brand?post=1692"},{"taxonomy":"product_cat","embeddable":true,"href":"https:\/\/dgvgifts.com\/lt\/wp-json\/wp\/v2\/product_cat?post=1692"},{"taxonomy":"product_tag","embeddable":true,"href":"https:\/\/dgvgifts.com\/lt\/wp-json\/wp\/v2\/product_tag?post=1692"}],"curies":[{"name":"wp","href":"https:\/\/api.w.org\/{rel}","templated":true}]}}