{"id":1709,"date":"2023-02-24T10:02:25","date_gmt":"2023-02-24T10:02:25","guid":{"rendered":"https:\/\/dgvgifts.com\/index.php\/product\/ukiyo-aware-polylana-woven-blanket-130x150cm\/"},"modified":"2024-11-08T10:15:43","modified_gmt":"2024-11-08T10:15:43","slug":"ukiyo-aware-polylana-woven-blanket-130x150cm","status":"publish","type":"product","link":"https:\/\/dgvgifts.com\/lt\/produktas\/ukiyo-aware-polylana-woven-blanket-130x150cm\/","title":{"rendered":"Ukiyo pledas 130x150cm"},"content":{"rendered":"<p>Suteikite savo namams jaukumo su Ukiyo pledu. Auk\u0161tos kokyb\u0117s pledas turi kutukus kra\u0161tuose. Puikiai tiks jaukiems vakarams namuose arba gamtoje. Su AWARE\u2122 \u017eymekliu, patvirtinan\u010diu, kad pledo gamyboje naudojamos tik perdirbtos med\u017eiagos.<\/p>","protected":false},"excerpt":{"rendered":"<p>Give your home a stylish upgrade with this Ukiyo Aware\u2122 Polylana\u00ae woven blanket. This high quality blanket is woven with fringed edges. Keep it on your sofa for cosy movie nights or on your bed for a beautiful layered look. With AWARE\u2122 tracer that validates the genuine use of recycled materials. Each blanket saves 51.5 [&hellip;]<\/p>","protected":false},"featured_media":1702,"comment_status":"open","ping_status":"closed","template":"","meta":[],"product_brand":[],"product_cat":[58,34],"product_tag":[],"class_list":{"0":"post-1709","1":"product","2":"type-product","3":"status-publish","4":"has-post-thumbnail","6":"product_cat-pledai","7":"product_cat-tekstile","9":"first","10":"instock","11":"shipping-taxable","12":"purchasable","13":"product-type-simple"},"_links":{"self":[{"href":"https:\/\/dgvgifts.com\/lt\/wp-json\/wp\/v2\/product\/1709","targetHints":{"allow":["GET"]}}],"collection":[{"href":"https:\/\/dgvgifts.com\/lt\/wp-json\/wp\/v2\/product"}],"about":[{"href":"https:\/\/dgvgifts.com\/lt\/wp-json\/wp\/v2\/types\/product"}],"replies":[{"embeddable":true,"href":"https:\/\/dgvgifts.com\/lt\/wp-json\/wp\/v2\/comments?post=1709"}],"version-history":[{"count":1,"href":"https:\/\/dgvgifts.com\/lt\/wp-json\/wp\/v2\/product\/1709\/revisions"}],"predecessor-version":[{"id":2885,"href":"https:\/\/dgvgifts.com\/lt\/wp-json\/wp\/v2\/product\/1709\/revisions\/2885"}],"wp:featuredmedia":[{"embeddable":true,"href":"https:\/\/dgvgifts.com\/lt\/wp-json\/wp\/v2\/media\/1702"}],"wp:attachment":[{"href":"https:\/\/dgvgifts.com\/lt\/wp-json\/wp\/v2\/media?parent=1709"}],"wp:term":[{"taxonomy":"product_brand","embeddable":true,"href":"https:\/\/dgvgifts.com\/lt\/wp-json\/wp\/v2\/product_brand?post=1709"},{"taxonomy":"product_cat","embeddable":true,"href":"https:\/\/dgvgifts.com\/lt\/wp-json\/wp\/v2\/product_cat?post=1709"},{"taxonomy":"product_tag","embeddable":true,"href":"https:\/\/dgvgifts.com\/lt\/wp-json\/wp\/v2\/product_tag?post=1709"}],"curies":[{"name":"wp","href":"https:\/\/api.w.org\/{rel}","templated":true}]}}