{"id":1727,"date":"2023-02-24T10:02:38","date_gmt":"2023-02-24T10:02:38","guid":{"rendered":"https:\/\/dgvgifts.com\/index.php\/product\/10w-heavy-duty-cree-torch\/"},"modified":"2024-11-08T10:14:42","modified_gmt":"2024-11-08T10:14:42","slug":"10w-heavy-duty-cree-torch","status":"publish","type":"product","link":"https:\/\/dgvgifts.com\/lt\/produktas\/10w-heavy-duty-cree-torch\/","title":{"rendered":"10W \u017eibintuv\u0117lis"},"content":{"rendered":"<p>Itin ry\u0161kus ir tvirtas 10 W LED \u017eibintuv\u0117lis, galintis dirbti net sud\u0117tingiausiomis s\u0105lygomis. Patvarus aliuminio \u017eibintuv\u0117lis yra atsparus vandeniui - IPX 4 ir sm\u016bgiams iki 1 m auk\u0161\u010dio. \u017dibintuv\u0117lio spindul\u012f galima reguliuoti, kad b\u016bt\u0173 galima ap\u0161viesti didesn\u012f arba ma\u017eesn\u012f plot\u0105. Su patogiam \u017einbintuv\u0117lio ne\u0161iojimui.  250 liumen\u0173 ir 6 valand\u0173 darbo laikas. Pridedamos baterijos.<\/p>","protected":false},"excerpt":{"rendered":"<p>Super bright and tough 10W CREE led torch that can handle even the most difficult conditions. The durable aluminium torch is IPX 4 waterproof and shockproof up to 1 metre drop. The beam of the torch can be adjusted to focus or to light up a bigger area. With belt clip for carrying the torch. [&hellip;]<\/p>","protected":false},"featured_media":1710,"comment_status":"open","ping_status":"closed","template":"","meta":[],"product_brand":[],"product_cat":[66,37],"product_tag":[],"class_list":{"0":"post-1727","1":"product","2":"type-product","3":"status-publish","4":"has-post-thumbnail","6":"product_cat-irankiai-ir-zibintuveliai","7":"product_cat-namams","9":"first","10":"instock","11":"shipping-taxable","12":"purchasable","13":"product-type-simple"},"_links":{"self":[{"href":"https:\/\/dgvgifts.com\/lt\/wp-json\/wp\/v2\/product\/1727","targetHints":{"allow":["GET"]}}],"collection":[{"href":"https:\/\/dgvgifts.com\/lt\/wp-json\/wp\/v2\/product"}],"about":[{"href":"https:\/\/dgvgifts.com\/lt\/wp-json\/wp\/v2\/types\/product"}],"replies":[{"embeddable":true,"href":"https:\/\/dgvgifts.com\/lt\/wp-json\/wp\/v2\/comments?post=1727"}],"version-history":[{"count":1,"href":"https:\/\/dgvgifts.com\/lt\/wp-json\/wp\/v2\/product\/1727\/revisions"}],"predecessor-version":[{"id":2881,"href":"https:\/\/dgvgifts.com\/lt\/wp-json\/wp\/v2\/product\/1727\/revisions\/2881"}],"wp:featuredmedia":[{"embeddable":true,"href":"https:\/\/dgvgifts.com\/lt\/wp-json\/wp\/v2\/media\/1710"}],"wp:attachment":[{"href":"https:\/\/dgvgifts.com\/lt\/wp-json\/wp\/v2\/media?parent=1727"}],"wp:term":[{"taxonomy":"product_brand","embeddable":true,"href":"https:\/\/dgvgifts.com\/lt\/wp-json\/wp\/v2\/product_brand?post=1727"},{"taxonomy":"product_cat","embeddable":true,"href":"https:\/\/dgvgifts.com\/lt\/wp-json\/wp\/v2\/product_cat?post=1727"},{"taxonomy":"product_tag","embeddable":true,"href":"https:\/\/dgvgifts.com\/lt\/wp-json\/wp\/v2\/product_tag?post=1727"}],"curies":[{"name":"wp","href":"https:\/\/api.w.org\/{rel}","templated":true}]}}