{"id":1735,"date":"2023-02-24T10:02:45","date_gmt":"2023-02-24T10:02:45","guid":{"rendered":"https:\/\/dgvgifts.com\/index.php\/product\/rechargeable-3w-flashlight\/"},"modified":"2024-11-08T10:14:29","modified_gmt":"2024-11-08T10:14:29","slug":"rechargeable-3w-flashlight","status":"publish","type":"product","link":"https:\/\/dgvgifts.com\/lt\/produktas\/rechargeable-3w-flashlight\/","title":{"rendered":"\u012ekraunamas 3 W \u017eibintuv\u0117lis"},"content":{"rendered":"<p>Ilgalaikis \u012fkraunamas \u017eibintuv\u0117lis, kur\u012f galima kaskart v\u0117l \u012fkrauti, tod\u0117l nereikia keisti baterij\u0173, tod\u0117l \u0161is \u017eibintuv\u0117lis yra tvarus pasirinkimas. \u0160is aliumininis 3 W \u017eibintuv\u0117lis skleid\u017eia 130 liumen\u0173 \u0161viesos sraut\u0105 ir skleid\u017eia \u0161vies\u0105 iki 200 metr\u0173. Yra 3 \u0161viesos re\u017eimai: ry\u0161kus, silpnos \u0161viesos ir mirksintis. \u017dibintuv\u0117lis atitinka IPX 4 klas\u0119, tod\u0117l j\u012f galima naudoti ir blogomis oro s\u0105lygomis. Su \u012fmontuota 2200 mAh li\u010dio baterija, veikia iki 8 valand\u0173. Pakartotinis \u012fkrovimas trunka ma\u017edaug 2 valandas. Pridedamas mikro USB laidas, skirtas \u012fkrauti per USB lizd\u0105.<\/p>","protected":false},"excerpt":{"rendered":"<p>Long lasting rechargeable flashlight that can be re-charged time after time so no need to replace batteries making this torch a sustainable choice. This aluminium 3W flashlight produces 130 lumen and a beam up to 200 metres. Includes 3 light modes: bright, low beam and flashing. With its IPX 4 rating it\u2019s also suitable to [&hellip;]<\/p>","protected":false},"featured_media":1728,"comment_status":"open","ping_status":"closed","template":"","meta":[],"product_brand":[],"product_cat":[66,37],"product_tag":[],"class_list":{"0":"post-1735","1":"product","2":"type-product","3":"status-publish","4":"has-post-thumbnail","6":"product_cat-irankiai-ir-zibintuveliai","7":"product_cat-namams","9":"first","10":"instock","11":"shipping-taxable","12":"purchasable","13":"product-type-simple"},"_links":{"self":[{"href":"https:\/\/dgvgifts.com\/lt\/wp-json\/wp\/v2\/product\/1735","targetHints":{"allow":["GET"]}}],"collection":[{"href":"https:\/\/dgvgifts.com\/lt\/wp-json\/wp\/v2\/product"}],"about":[{"href":"https:\/\/dgvgifts.com\/lt\/wp-json\/wp\/v2\/types\/product"}],"replies":[{"embeddable":true,"href":"https:\/\/dgvgifts.com\/lt\/wp-json\/wp\/v2\/comments?post=1735"}],"version-history":[{"count":1,"href":"https:\/\/dgvgifts.com\/lt\/wp-json\/wp\/v2\/product\/1735\/revisions"}],"predecessor-version":[{"id":2880,"href":"https:\/\/dgvgifts.com\/lt\/wp-json\/wp\/v2\/product\/1735\/revisions\/2880"}],"wp:featuredmedia":[{"embeddable":true,"href":"https:\/\/dgvgifts.com\/lt\/wp-json\/wp\/v2\/media\/1728"}],"wp:attachment":[{"href":"https:\/\/dgvgifts.com\/lt\/wp-json\/wp\/v2\/media?parent=1735"}],"wp:term":[{"taxonomy":"product_brand","embeddable":true,"href":"https:\/\/dgvgifts.com\/lt\/wp-json\/wp\/v2\/product_brand?post=1735"},{"taxonomy":"product_cat","embeddable":true,"href":"https:\/\/dgvgifts.com\/lt\/wp-json\/wp\/v2\/product_cat?post=1735"},{"taxonomy":"product_tag","embeddable":true,"href":"https:\/\/dgvgifts.com\/lt\/wp-json\/wp\/v2\/product_tag?post=1735"}],"curies":[{"name":"wp","href":"https:\/\/api.w.org\/{rel}","templated":true}]}}